{"id":117074,"date":"2023-05-31T15:27:38","date_gmt":"2023-05-31T12:27:38","guid":{"rendered":"https:\/\/edureviewer.com\/best-online-learning-platforms\/"},"modified":"2024-09-12T19:35:43","modified_gmt":"2024-09-12T16:35:43","slug":"nen-tang-hoc-truc-tuyen-tot-nhat","status":"publish","type":"page","link":"https:\/\/edureviewer.com\/vi\/nhung-khoa-hoc-online-tot-nhat\/","title":{"rendered":"N\u1ec1n t\u1ea3ng h\u1ecdc t\u1eadp tr\u1ef1c tuy\u1ebfn t\u1ed1t nh\u1ea5t"},"content":{"rendered":"","protected":false},"excerpt":{"rendered":"","protected":false},"author":2,"featured_media":113630,"parent":0,"menu_order":0,"comment_status":"closed","ping_status":"closed","template":"template-top.php","meta":[],"acf":[],"yoast_head":"<!-- This site is optimized with the Yoast SEO plugin v15.5 - https:\/\/yoast.com\/wordpress\/plugins\/seo\/ -->\n<title>N\u1ec1n t\u1ea3ng \u0111\u00e0o t\u1ea1o \u1ea3o t\u1ed1t nh\u1ea5t t\u1ea1i 2026 - EduReviewer<\/title>\n<meta name=\"description\" content=\"Kh\u00e1m ph\u00e1 c\u00e1c \u1ee9ng d\u1ee5ng \u0111ang \u0111\u1ecbnh h\u00ecnh l\u1ea1i c\u00e1ch ng\u01b0\u1eddi l\u1edbn h\u1ecdc ng\u00f4n ng\u1eef. Trong khi t\u1eadp trung v\u00e0o ti\u1ebfng T\u00e2y Ban Nha, h\u00e3y kh\u00e1m ph\u00e1 c\u00e1c n\u1ec1n t\u1ea3ng h\u00e0ng \u0111\u1ea7u cho eLearning t\u1ea1i \u0111\u00e2y.\" \/>\n<meta name=\"robots\" content=\"index, follow, max-snippet:-1, max-image-preview:large, max-video-preview:-1\" \/>\n<link rel=\"canonical\" href=\"https:\/\/edureviewer.com\/vi\/nhung-khoa-hoc-online-tot-nhat\/\" \/>\n<meta property=\"og:locale\" content=\"vi_VN\" \/>\n<meta property=\"og:type\" content=\"article\" \/>\n<meta property=\"og:title\" content=\"N\u1ec1n t\u1ea3ng \u0111\u00e0o t\u1ea1o \u1ea3o t\u1ed1t nh\u1ea5t t\u1ea1i 2026 - EduReviewer\" \/>\n<meta property=\"og:description\" content=\"Kh\u00e1m ph\u00e1 c\u00e1c \u1ee9ng d\u1ee5ng \u0111ang \u0111\u1ecbnh h\u00ecnh l\u1ea1i c\u00e1ch ng\u01b0\u1eddi l\u1edbn h\u1ecdc ng\u00f4n ng\u1eef. Trong khi t\u1eadp trung v\u00e0o ti\u1ebfng T\u00e2y Ban Nha, h\u00e3y kh\u00e1m ph\u00e1 c\u00e1c n\u1ec1n t\u1ea3ng h\u00e0ng \u0111\u1ea7u cho eLearning t\u1ea1i \u0111\u00e2y.\" \/>\n<meta property=\"og:url\" content=\"https:\/\/edureviewer.com\/vi\/nhung-khoa-hoc-online-tot-nhat\/\" \/>\n<meta property=\"og:site_name\" content=\"EduReviewer\" \/>\n<meta property=\"article:publisher\" content=\"https:\/\/www.facebook.com\/EduReviewer\" \/>\n<meta property=\"article:modified_time\" content=\"2024-09-12T16:35:43+00:00\" \/>\n<meta property=\"og:image\" content=\"https:\/\/edureviewer.com\/wp-content\/uploads\/2023\/06\/best-MOOC-platforms.jpg\" \/>\n\t<meta property=\"og:image:width\" content=\"800\" \/>\n\t<meta property=\"og:image:height\" content=\"476\" \/>\n<meta name=\"twitter:card\" content=\"summary_large_image\" \/>\n<meta name=\"twitter:site\" content=\"@edureviewer\" \/>\n<script type=\"application\/ld+json\" class=\"yoast-schema-graph\">{\"@context\":\"https:\/\/schema.org\",\"@graph\":[{\"@type\":\"Organization\",\"@id\":\"https:\/\/edureviewer.com\/vi\/#organization\",\"name\":\"EduReviewer\",\"url\":\"https:\/\/edureviewer.com\/vi\/\",\"sameAs\":[\"https:\/\/www.facebook.com\/EduReviewer\",\"https:\/\/www.instagram.com\/edureviewer\/\",\"https:\/\/www.linkedin.com\/company\/edureviewercom\/\",\"https:\/\/www.youtube.com\/@EduReviewer\",\"https:\/\/twitter.com\/edureviewer\"],\"logo\":{\"@type\":\"ImageObject\",\"@id\":\"https:\/\/edureviewer.com\/vi\/#logo\",\"inLanguage\":\"vi\",\"url\":\"https:\/\/edureviewer.com\/wp-content\/uploads\/2021\/08\/edureviewer.png\",\"width\":130,\"height\":30,\"caption\":\"EduReviewer\"},\"image\":{\"@id\":\"https:\/\/edureviewer.com\/vi\/#logo\"}},{\"@type\":\"WebSite\",\"@id\":\"https:\/\/edureviewer.com\/vi\/#website\",\"url\":\"https:\/\/edureviewer.com\/vi\/\",\"name\":\"EduReviewer\",\"description\":\"\",\"publisher\":{\"@id\":\"https:\/\/edureviewer.com\/vi\/#organization\"},\"inLanguage\":\"vi\"},{\"@type\":\"ImageObject\",\"@id\":\"https:\/\/edureviewer.com\/vi\/nhung-khoa-hoc-online-tot-nhat\/#primaryimage\",\"inLanguage\":\"vi\",\"url\":\"https:\/\/edureviewer.com\/wp-content\/uploads\/2023\/06\/best-MOOC-platforms.jpg\",\"width\":800,\"height\":476,\"caption\":\"best remote learning platforms online\"},{\"@type\":\"WebPage\",\"@id\":\"https:\/\/edureviewer.com\/vi\/nhung-khoa-hoc-online-tot-nhat\/#webpage\",\"url\":\"https:\/\/edureviewer.com\/vi\/nhung-khoa-hoc-online-tot-nhat\/\",\"name\":\"N\\u1ec1n t\\u1ea3ng \\u0111\\u00e0o t\\u1ea1o \\u1ea3o t\\u1ed1t nh\\u1ea5t t\\u1ea1i 2026 - EduReviewer\",\"isPartOf\":{\"@id\":\"https:\/\/edureviewer.com\/vi\/#website\"},\"primaryImageOfPage\":{\"@id\":\"https:\/\/edureviewer.com\/vi\/nhung-khoa-hoc-online-tot-nhat\/#primaryimage\"},\"datePublished\":\"2023-05-31T12:27:38+00:00\",\"dateModified\":\"2024-09-12T16:35:43+00:00\",\"description\":\"Kh\\u00e1m ph\\u00e1 c\\u00e1c \\u1ee9ng d\\u1ee5ng \\u0111ang \\u0111\\u1ecbnh h\\u00ecnh l\\u1ea1i c\\u00e1ch ng\\u01b0\\u1eddi l\\u1edbn h\\u1ecdc ng\\u00f4n ng\\u1eef. Trong khi t\\u1eadp trung v\\u00e0o ti\\u1ebfng T\\u00e2y Ban Nha, h\\u00e3y kh\\u00e1m ph\\u00e1 c\\u00e1c n\\u1ec1n t\\u1ea3ng h\\u00e0ng \\u0111\\u1ea7u cho eLearning t\\u1ea1i \\u0111\\u00e2y.\",\"inLanguage\":\"vi\",\"potentialAction\":[{\"@type\":\"ReadAction\",\"target\":[\"https:\/\/edureviewer.com\/vi\/nhung-khoa-hoc-online-tot-nhat\/\"]}]}]}<\/script>\n<!-- \/ Yoast SEO plugin. -->","_links":{"self":[{"href":"https:\/\/edureviewer.com\/vi\/wp-json\/wp\/v2\/pages\/117074"}],"collection":[{"href":"https:\/\/edureviewer.com\/vi\/wp-json\/wp\/v2\/pages"}],"about":[{"href":"https:\/\/edureviewer.com\/vi\/wp-json\/wp\/v2\/types\/page"}],"author":[{"embeddable":true,"href":"https:\/\/edureviewer.com\/vi\/wp-json\/wp\/v2\/users\/2"}],"replies":[{"embeddable":true,"href":"https:\/\/edureviewer.com\/vi\/wp-json\/wp\/v2\/comments?post=117074"}],"version-history":[{"count":20,"href":"https:\/\/edureviewer.com\/vi\/wp-json\/wp\/v2\/pages\/117074\/revisions"}],"predecessor-version":[{"id":148694,"href":"https:\/\/edureviewer.com\/vi\/wp-json\/wp\/v2\/pages\/117074\/revisions\/148694"}],"wp:featuredmedia":[{"embeddable":true,"href":"https:\/\/edureviewer.com\/vi\/wp-json\/wp\/v2\/media\/113630"}],"wp:attachment":[{"href":"https:\/\/edureviewer.com\/vi\/wp-json\/wp\/v2\/media?parent=117074"}],"curies":[{"name":"wp","href":"https:\/\/api.w.org\/{rel}","templated":true}]}}