{"id":109984,"date":"2020-04-08T16:51:00","date_gmt":"2020-04-08T13:51:00","guid":{"rendered":"https:\/\/edureviewer.com\/homepage\/"},"modified":"2023-07-17T13:33:26","modified_gmt":"2023-07-17T10:33:26","slug":"homepage","status":"publish","type":"page","link":"https:\/\/edureviewer.com\/vi\/","title":{"rendered":"\u0110\u00c1NH GI\u00c1 D\u1ecaCH V\u1ee4 NGH\u1ec0 NGHI\u1ec6P &#038; GI\u00c1O D\u1ee4C T\u1ed0T NH\u1ea4T"},"content":{"rendered":"","protected":false},"excerpt":{"rendered":"","protected":false},"author":1,"featured_media":0,"parent":0,"menu_order":0,"comment_status":"closed","ping_status":"closed","template":"page-home-er.php","meta":[],"acf":[],"yoast_head":"<!-- This site is optimized with the Yoast SEO plugin v15.5 - https:\/\/yoast.com\/wordpress\/plugins\/seo\/ -->\n<title>T\u0103ng c\u01b0\u1eddng h\u1ecdc t\u1eadp v\u00e0 ph\u00e1t tri\u1ec3n ngh\u1ec1 nghi\u1ec7p c\u1ee7a b\u1ea1n | 2026 | EduReviewer<\/title>\n<meta name=\"description\" content=\"T\u00ecm ki\u1ebfm c\u00e1c c\u00f4ng ty \u0111\u00e1ng tin c\u1eady cho s\u1ef1 ph\u00e1t tri\u1ec3n c\u00e1 nh\u00e2n c\u1ee7a b\u1ea1n? \u0110\u1ecdc c\u00e1c b\u00e0i \u0111\u00e1nh gi\u00e1 v\u00e0 h\u01b0\u1edbng d\u1eabn c\u1ee7a ch\u00fang t\u00f4i \u0111\u1ec3 c\u00f3 c\u00e1i nh\u00ecn s\u00e2u s\u1eafc v\u1ec1 c\u00e1c d\u1ecbch v\u1ee5 li\u00ean quan \u0111\u1ebfn h\u1ecdc t\u1eadp v\u00e0 ngh\u1ec1 nghi\u1ec7p t\u1ed1t nh\u1ea5t.\" \/>\n<meta name=\"robots\" content=\"index, follow, max-snippet:-1, max-image-preview:large, max-video-preview:-1\" \/>\n<link rel=\"canonical\" href=\"https:\/\/edureviewer.com\/vi\/\" \/>\n<meta property=\"og:locale\" content=\"vi_VN\" \/>\n<meta property=\"og:type\" content=\"article\" \/>\n<meta property=\"og:title\" content=\"T\u0103ng c\u01b0\u1eddng h\u1ecdc t\u1eadp v\u00e0 ph\u00e1t tri\u1ec3n ngh\u1ec1 nghi\u1ec7p c\u1ee7a b\u1ea1n | 2026 | EduReviewer\" \/>\n<meta property=\"og:description\" content=\"T\u00ecm ki\u1ebfm c\u00e1c c\u00f4ng ty \u0111\u00e1ng tin c\u1eady cho s\u1ef1 ph\u00e1t tri\u1ec3n c\u00e1 nh\u00e2n c\u1ee7a b\u1ea1n? \u0110\u1ecdc c\u00e1c b\u00e0i \u0111\u00e1nh gi\u00e1 v\u00e0 h\u01b0\u1edbng d\u1eabn c\u1ee7a ch\u00fang t\u00f4i \u0111\u1ec3 c\u00f3 c\u00e1i nh\u00ecn s\u00e2u s\u1eafc v\u1ec1 c\u00e1c d\u1ecbch v\u1ee5 li\u00ean quan \u0111\u1ebfn h\u1ecdc t\u1eadp v\u00e0 ngh\u1ec1 nghi\u1ec7p t\u1ed1t nh\u1ea5t.\" \/>\n<meta property=\"og:url\" content=\"https:\/\/edureviewer.com\/vi\/\" \/>\n<meta property=\"og:site_name\" content=\"EduReviewer\" \/>\n<meta property=\"article:publisher\" content=\"https:\/\/www.facebook.com\/EduReviewer\" \/>\n<meta property=\"article:modified_time\" content=\"2023-07-17T10:33:26+00:00\" \/>\n<meta name=\"twitter:card\" content=\"summary_large_image\" \/>\n<meta name=\"twitter:site\" content=\"@edureviewer\" \/>\n<script type=\"application\/ld+json\" class=\"yoast-schema-graph\">{\"@context\":\"https:\/\/schema.org\",\"@graph\":[{\"@type\":\"Organization\",\"@id\":\"https:\/\/edureviewer.com\/vi\/#organization\",\"name\":\"EduReviewer\",\"url\":\"https:\/\/edureviewer.com\/vi\/\",\"sameAs\":[\"https:\/\/www.facebook.com\/EduReviewer\",\"https:\/\/www.instagram.com\/edureviewer\/\",\"https:\/\/www.linkedin.com\/company\/edureviewercom\/\",\"https:\/\/www.youtube.com\/@EduReviewer\",\"https:\/\/twitter.com\/edureviewer\"],\"logo\":{\"@type\":\"ImageObject\",\"@id\":\"https:\/\/edureviewer.com\/vi\/#logo\",\"inLanguage\":\"vi\",\"url\":\"https:\/\/edureviewer.com\/wp-content\/uploads\/2021\/08\/edureviewer.png\",\"width\":130,\"height\":30,\"caption\":\"EduReviewer\"},\"image\":{\"@id\":\"https:\/\/edureviewer.com\/vi\/#logo\"}},{\"@type\":\"WebSite\",\"@id\":\"https:\/\/edureviewer.com\/vi\/#website\",\"url\":\"https:\/\/edureviewer.com\/vi\/\",\"name\":\"EduReviewer\",\"description\":\"\",\"publisher\":{\"@id\":\"https:\/\/edureviewer.com\/vi\/#organization\"},\"inLanguage\":\"vi\"},{\"@type\":\"WebPage\",\"@id\":\"https:\/\/edureviewer.com\/vi\/#webpage\",\"url\":\"https:\/\/edureviewer.com\/vi\/\",\"name\":\"T\\u0103ng c\\u01b0\\u1eddng h\\u1ecdc t\\u1eadp v\\u00e0 ph\\u00e1t tri\\u1ec3n ngh\\u1ec1 nghi\\u1ec7p c\\u1ee7a b\\u1ea1n | 2026 | EduReviewer\",\"isPartOf\":{\"@id\":\"https:\/\/edureviewer.com\/vi\/#website\"},\"datePublished\":\"2020-04-08T13:51:00+00:00\",\"dateModified\":\"2023-07-17T10:33:26+00:00\",\"description\":\"T\\u00ecm ki\\u1ebfm c\\u00e1c c\\u00f4ng ty \\u0111\\u00e1ng tin c\\u1eady cho s\\u1ef1 ph\\u00e1t tri\\u1ec3n c\\u00e1 nh\\u00e2n c\\u1ee7a b\\u1ea1n? \\u0110\\u1ecdc c\\u00e1c b\\u00e0i \\u0111\\u00e1nh gi\\u00e1 v\\u00e0 h\\u01b0\\u1edbng d\\u1eabn c\\u1ee7a ch\\u00fang t\\u00f4i \\u0111\\u1ec3 c\\u00f3 c\\u00e1i nh\\u00ecn s\\u00e2u s\\u1eafc v\\u1ec1 c\\u00e1c d\\u1ecbch v\\u1ee5 li\\u00ean quan \\u0111\\u1ebfn h\\u1ecdc t\\u1eadp v\\u00e0 ngh\\u1ec1 nghi\\u1ec7p t\\u1ed1t nh\\u1ea5t.\",\"inLanguage\":\"vi\",\"potentialAction\":[{\"@type\":\"ReadAction\",\"target\":[\"https:\/\/edureviewer.com\/vi\/\"]}]}]}<\/script>\n<!-- \/ Yoast SEO plugin. -->","_links":{"self":[{"href":"https:\/\/edureviewer.com\/vi\/wp-json\/wp\/v2\/pages\/109984"}],"collection":[{"href":"https:\/\/edureviewer.com\/vi\/wp-json\/wp\/v2\/pages"}],"about":[{"href":"https:\/\/edureviewer.com\/vi\/wp-json\/wp\/v2\/types\/page"}],"author":[{"embeddable":true,"href":"https:\/\/edureviewer.com\/vi\/wp-json\/wp\/v2\/users\/1"}],"replies":[{"embeddable":true,"href":"https:\/\/edureviewer.com\/vi\/wp-json\/wp\/v2\/comments?post=109984"}],"version-history":[{"count":6,"href":"https:\/\/edureviewer.com\/vi\/wp-json\/wp\/v2\/pages\/109984\/revisions"}],"predecessor-version":[{"id":117141,"href":"https:\/\/edureviewer.com\/vi\/wp-json\/wp\/v2\/pages\/109984\/revisions\/117141"}],"wp:attachment":[{"href":"https:\/\/edureviewer.com\/vi\/wp-json\/wp\/v2\/media?parent=109984"}],"curies":[{"name":"wp","href":"https:\/\/api.w.org\/{rel}","templated":true}]}}