{"id":32574,"date":"2023-03-06T17:30:08","date_gmt":"2023-03-06T14:30:08","guid":{"rendered":"https:\/\/edureviewer.com\/applications-like-grammarly-find-your-alternatives\/"},"modified":"2024-09-12T05:04:18","modified_gmt":"2024-09-12T02:04:18","slug":"applications-like-grammarly-find-your-alternatives","status":"publish","type":"page","link":"https:\/\/edureviewer.com\/pt\/grammarly-alternativas\/","title":{"rendered":"Aplicativos como o Grammarly: Encontre as suas alternativas"},"content":{"rendered":"","protected":false},"excerpt":{"rendered":"","protected":false},"author":2,"featured_media":30775,"parent":0,"menu_order":0,"comment_status":"closed","ping_status":"closed","template":"template-top.php","meta":[],"acf":[],"yoast_head":"<!-- This site is optimized with the Yoast SEO plugin v15.5 - https:\/\/yoast.com\/wordpress\/plugins\/seo\/ -->\n<title>Alternativas ao Grammarly: Software similar em 2026 - EduReviewer<\/title>\n<meta name=\"description\" content=\"A investiga\u00e7\u00e3o apresenta uma an\u00e1lise aprofundada de s\u00edtios como o Grammarly e as suas melhores alternativas. Apresenta o feedback dos utilizadores para cada aplica\u00e7\u00e3o.\" \/>\n<meta name=\"robots\" content=\"index, follow, max-snippet:-1, max-image-preview:large, max-video-preview:-1\" \/>\n<link rel=\"canonical\" href=\"https:\/\/edureviewer.com\/pt\/grammarly-alternativas\/\" \/>\n<meta property=\"og:locale\" content=\"pt_PT\" \/>\n<meta property=\"og:type\" content=\"article\" \/>\n<meta property=\"og:title\" content=\"Alternativas ao Grammarly: Software similar em 2026 - EduReviewer\" \/>\n<meta property=\"og:description\" content=\"A investiga\u00e7\u00e3o apresenta uma an\u00e1lise aprofundada de s\u00edtios como o Grammarly e as suas melhores alternativas. Apresenta o feedback dos utilizadores para cada aplica\u00e7\u00e3o.\" \/>\n<meta property=\"og:url\" content=\"https:\/\/edureviewer.com\/pt\/grammarly-alternativas\/\" \/>\n<meta property=\"og:site_name\" content=\"EduReviewer\" \/>\n<meta property=\"article:publisher\" content=\"https:\/\/www.facebook.com\/EduReviewer\" \/>\n<meta property=\"article:modified_time\" content=\"2024-09-12T02:04:18+00:00\" \/>\n<meta property=\"og:image\" content=\"https:\/\/edureviewer.com\/wp-content\/uploads\/2023\/03\/sites-like-grammarly.jpg\" \/>\n\t<meta property=\"og:image:width\" content=\"800\" \/>\n\t<meta property=\"og:image:height\" content=\"499\" \/>\n<meta name=\"twitter:card\" content=\"summary_large_image\" \/>\n<meta name=\"twitter:site\" content=\"@edureviewer\" \/>\n<script type=\"application\/ld+json\" class=\"yoast-schema-graph\">{\"@context\":\"https:\/\/schema.org\",\"@graph\":[{\"@type\":\"Organization\",\"@id\":\"https:\/\/edureviewer.com\/pt\/#organization\",\"name\":\"EduReviewer\",\"url\":\"https:\/\/edureviewer.com\/pt\/\",\"sameAs\":[\"https:\/\/www.facebook.com\/EduReviewer\",\"https:\/\/www.instagram.com\/edureviewer\/\",\"https:\/\/www.linkedin.com\/company\/edureviewercom\/\",\"https:\/\/www.youtube.com\/@EduReviewer\",\"https:\/\/twitter.com\/edureviewer\"],\"logo\":{\"@type\":\"ImageObject\",\"@id\":\"https:\/\/edureviewer.com\/pt\/#logo\",\"inLanguage\":\"pt\",\"url\":\"https:\/\/edureviewer.com\/wp-content\/uploads\/2021\/08\/edureviewer.png\",\"width\":130,\"height\":30,\"caption\":\"EduReviewer\"},\"image\":{\"@id\":\"https:\/\/edureviewer.com\/pt\/#logo\"}},{\"@type\":\"WebSite\",\"@id\":\"https:\/\/edureviewer.com\/pt\/#website\",\"url\":\"https:\/\/edureviewer.com\/pt\/\",\"name\":\"EduReviewer\",\"description\":\"\",\"publisher\":{\"@id\":\"https:\/\/edureviewer.com\/pt\/#organization\"},\"inLanguage\":\"pt\"},{\"@type\":\"ImageObject\",\"@id\":\"https:\/\/edureviewer.com\/pt\/grammarly-alternativas\/#primaryimage\",\"inLanguage\":\"pt\",\"url\":\"https:\/\/edureviewer.com\/wp-content\/uploads\/2023\/03\/sites-like-grammarly.jpg\",\"width\":800,\"height\":499},{\"@type\":\"WebPage\",\"@id\":\"https:\/\/edureviewer.com\/pt\/grammarly-alternativas\/#webpage\",\"url\":\"https:\/\/edureviewer.com\/pt\/grammarly-alternativas\/\",\"name\":\"Alternativas ao Grammarly: Software similar em 2026 - EduReviewer\",\"isPartOf\":{\"@id\":\"https:\/\/edureviewer.com\/pt\/#website\"},\"primaryImageOfPage\":{\"@id\":\"https:\/\/edureviewer.com\/pt\/grammarly-alternativas\/#primaryimage\"},\"datePublished\":\"2023-03-06T14:30:08+00:00\",\"dateModified\":\"2024-09-12T02:04:18+00:00\",\"description\":\"A investiga\\u00e7\\u00e3o apresenta uma an\\u00e1lise aprofundada de s\\u00edtios como o Grammarly e as suas melhores alternativas. Apresenta o feedback dos utilizadores para cada aplica\\u00e7\\u00e3o.\",\"inLanguage\":\"pt\",\"potentialAction\":[{\"@type\":\"ReadAction\",\"target\":[\"https:\/\/edureviewer.com\/pt\/grammarly-alternativas\/\"]}]}]}<\/script>\n<!-- \/ Yoast SEO plugin. -->","_links":{"self":[{"href":"https:\/\/edureviewer.com\/pt\/wp-json\/wp\/v2\/pages\/32574"}],"collection":[{"href":"https:\/\/edureviewer.com\/pt\/wp-json\/wp\/v2\/pages"}],"about":[{"href":"https:\/\/edureviewer.com\/pt\/wp-json\/wp\/v2\/types\/page"}],"author":[{"embeddable":true,"href":"https:\/\/edureviewer.com\/pt\/wp-json\/wp\/v2\/users\/2"}],"replies":[{"embeddable":true,"href":"https:\/\/edureviewer.com\/pt\/wp-json\/wp\/v2\/comments?post=32574"}],"version-history":[{"count":12,"href":"https:\/\/edureviewer.com\/pt\/wp-json\/wp\/v2\/pages\/32574\/revisions"}],"predecessor-version":[{"id":148679,"href":"https:\/\/edureviewer.com\/pt\/wp-json\/wp\/v2\/pages\/32574\/revisions\/148679"}],"wp:featuredmedia":[{"embeddable":true,"href":"https:\/\/edureviewer.com\/pt\/wp-json\/wp\/v2\/media\/30775"}],"wp:attachment":[{"href":"https:\/\/edureviewer.com\/pt\/wp-json\/wp\/v2\/media?parent=32574"}],"curies":[{"name":"wp","href":"https:\/\/api.w.org\/{rel}","templated":true}]}}