{"id":32567,"date":"2023-03-06T16:20:48","date_gmt":"2023-03-06T13:20:48","guid":{"rendered":"https:\/\/edureviewer.com\/best-online-learning-platforms-like-udemy\/"},"modified":"2024-06-13T01:31:40","modified_gmt":"2024-06-12T22:31:40","slug":"best-online-learning-platforms-like-udemy","status":"publish","type":"page","link":"https:\/\/edureviewer.com\/pt\/udemy-alternativas\/","title":{"rendered":"As melhores plataformas de aprendizagem online como a Udemy"},"content":{"rendered":"","protected":false},"excerpt":{"rendered":"","protected":false},"author":2,"featured_media":30767,"parent":0,"menu_order":0,"comment_status":"closed","ping_status":"closed","template":"template-top.php","meta":[],"acf":[],"yoast_head":"<!-- This site is optimized with the Yoast SEO plugin v15.5 - https:\/\/yoast.com\/wordpress\/plugins\/seo\/ -->\n<title>Alternativas a Udemy: 2026 Compara\u00e7\u00f5es - EduReviewer<\/title>\n<meta name=\"description\" content=\"An\u00e1lise profissional das alternativas Udemy. Encontrar a aplica\u00e7\u00e3o de eLearning mais adequada. Pr\u00f3s e Contras das alternativas de Udemy.\" \/>\n<meta name=\"robots\" content=\"index, follow, max-snippet:-1, max-image-preview:large, max-video-preview:-1\" \/>\n<link rel=\"canonical\" href=\"https:\/\/edureviewer.com\/pt\/udemy-alternativas\/\" \/>\n<meta property=\"og:locale\" content=\"pt_PT\" \/>\n<meta property=\"og:type\" content=\"article\" \/>\n<meta property=\"og:title\" content=\"Alternativas a Udemy: 2026 Compara\u00e7\u00f5es - EduReviewer\" \/>\n<meta property=\"og:description\" content=\"An\u00e1lise profissional das alternativas Udemy. Encontrar a aplica\u00e7\u00e3o de eLearning mais adequada. Pr\u00f3s e Contras das alternativas de Udemy.\" \/>\n<meta property=\"og:url\" content=\"https:\/\/edureviewer.com\/pt\/udemy-alternativas\/\" \/>\n<meta property=\"og:site_name\" content=\"EduReviewer\" \/>\n<meta property=\"article:publisher\" content=\"https:\/\/www.facebook.com\/EduReviewer\" \/>\n<meta property=\"article:modified_time\" content=\"2024-06-12T22:31:40+00:00\" \/>\n<meta property=\"og:image\" content=\"https:\/\/edureviewer.com\/wp-content\/uploads\/2023\/03\/sites-like-udemy.jpg\" \/>\n\t<meta property=\"og:image:width\" content=\"800\" \/>\n\t<meta property=\"og:image:height\" content=\"498\" \/>\n<meta name=\"twitter:card\" content=\"summary_large_image\" \/>\n<meta name=\"twitter:site\" content=\"@edureviewer\" \/>\n<script type=\"application\/ld+json\" class=\"yoast-schema-graph\">{\"@context\":\"https:\/\/schema.org\",\"@graph\":[{\"@type\":\"Organization\",\"@id\":\"https:\/\/edureviewer.com\/pt\/#organization\",\"name\":\"EduReviewer\",\"url\":\"https:\/\/edureviewer.com\/pt\/\",\"sameAs\":[\"https:\/\/www.facebook.com\/EduReviewer\",\"https:\/\/www.instagram.com\/edureviewer\/\",\"https:\/\/www.linkedin.com\/company\/edureviewercom\/\",\"https:\/\/www.youtube.com\/@EduReviewer\",\"https:\/\/twitter.com\/edureviewer\"],\"logo\":{\"@type\":\"ImageObject\",\"@id\":\"https:\/\/edureviewer.com\/pt\/#logo\",\"inLanguage\":\"pt\",\"url\":\"https:\/\/edureviewer.com\/wp-content\/uploads\/2021\/08\/edureviewer.png\",\"width\":130,\"height\":30,\"caption\":\"EduReviewer\"},\"image\":{\"@id\":\"https:\/\/edureviewer.com\/pt\/#logo\"}},{\"@type\":\"WebSite\",\"@id\":\"https:\/\/edureviewer.com\/pt\/#website\",\"url\":\"https:\/\/edureviewer.com\/pt\/\",\"name\":\"EduReviewer\",\"description\":\"\",\"publisher\":{\"@id\":\"https:\/\/edureviewer.com\/pt\/#organization\"},\"inLanguage\":\"pt\"},{\"@type\":\"ImageObject\",\"@id\":\"https:\/\/edureviewer.com\/pt\/udemy-alternativas\/#primaryimage\",\"inLanguage\":\"pt\",\"url\":\"https:\/\/edureviewer.com\/wp-content\/uploads\/2023\/03\/sites-like-udemy.jpg\",\"width\":800,\"height\":498},{\"@type\":\"WebPage\",\"@id\":\"https:\/\/edureviewer.com\/pt\/udemy-alternativas\/#webpage\",\"url\":\"https:\/\/edureviewer.com\/pt\/udemy-alternativas\/\",\"name\":\"Alternativas a Udemy: 2026 Compara\\u00e7\\u00f5es - EduReviewer\",\"isPartOf\":{\"@id\":\"https:\/\/edureviewer.com\/pt\/#website\"},\"primaryImageOfPage\":{\"@id\":\"https:\/\/edureviewer.com\/pt\/udemy-alternativas\/#primaryimage\"},\"datePublished\":\"2023-03-06T13:20:48+00:00\",\"dateModified\":\"2024-06-12T22:31:40+00:00\",\"description\":\"An\\u00e1lise profissional das alternativas Udemy. Encontrar a aplica\\u00e7\\u00e3o de eLearning mais adequada. Pr\\u00f3s e Contras das alternativas de Udemy.\",\"inLanguage\":\"pt\",\"potentialAction\":[{\"@type\":\"ReadAction\",\"target\":[\"https:\/\/edureviewer.com\/pt\/udemy-alternativas\/\"]}]}]}<\/script>\n<!-- \/ Yoast SEO plugin. -->","_links":{"self":[{"href":"https:\/\/edureviewer.com\/pt\/wp-json\/wp\/v2\/pages\/32567"}],"collection":[{"href":"https:\/\/edureviewer.com\/pt\/wp-json\/wp\/v2\/pages"}],"about":[{"href":"https:\/\/edureviewer.com\/pt\/wp-json\/wp\/v2\/types\/page"}],"author":[{"embeddable":true,"href":"https:\/\/edureviewer.com\/pt\/wp-json\/wp\/v2\/users\/2"}],"replies":[{"embeddable":true,"href":"https:\/\/edureviewer.com\/pt\/wp-json\/wp\/v2\/comments?post=32567"}],"version-history":[{"count":11,"href":"https:\/\/edureviewer.com\/pt\/wp-json\/wp\/v2\/pages\/32567\/revisions"}],"predecessor-version":[{"id":146936,"href":"https:\/\/edureviewer.com\/pt\/wp-json\/wp\/v2\/pages\/32567\/revisions\/146936"}],"wp:featuredmedia":[{"embeddable":true,"href":"https:\/\/edureviewer.com\/pt\/wp-json\/wp\/v2\/media\/30767"}],"wp:attachment":[{"href":"https:\/\/edureviewer.com\/pt\/wp-json\/wp\/v2\/media?parent=32567"}],"curies":[{"name":"wp","href":"https:\/\/api.w.org\/{rel}","templated":true}]}}