{"id":32063,"date":"2022-09-29T19:46:29","date_gmt":"2022-09-29T16:46:29","guid":{"rendered":"https:\/\/edureviewer.com\/babbel-vs-rocketlanguages-which-platform-is-good\/"},"modified":"2024-05-16T23:05:39","modified_gmt":"2024-05-16T20:05:39","slug":"babbel-vs-rocketlanguages-which-platform-is-good","status":"publish","type":"page","link":"https:\/\/edureviewer.com\/pt\/babbel-ou-rocket-languages\/","title":{"rendered":"Babbel vs RocketLanguages: O que \u00e9 melhor?"},"content":{"rendered":"","protected":false},"excerpt":{"rendered":"","protected":false},"author":2,"featured_media":29580,"parent":0,"menu_order":0,"comment_status":"closed","ping_status":"closed","template":"template-top.php","meta":[],"acf":[],"yoast_head":"<!-- This site is optimized with the Yoast SEO plugin v15.5 - https:\/\/yoast.com\/wordpress\/plugins\/seo\/ -->\n<title>Rocket Languages ou Babbel: O que \u00e9 melhor em 2026? - EduReviewer<\/title>\n<meta name=\"description\" content=\"Voc\u00ea sabia que a Rocket Languages vs Babbel \u00e9 uma quest\u00e3o popular entre os estrangeiros? Ambos s\u00e3o bons para aprender um novo idioma, mas qual deles \u00e9 melhor?\" \/>\n<meta name=\"robots\" content=\"index, follow, max-snippet:-1, max-image-preview:large, max-video-preview:-1\" \/>\n<link rel=\"canonical\" href=\"https:\/\/edureviewer.com\/pt\/babbel-ou-rocket-languages\/\" \/>\n<meta property=\"og:locale\" content=\"pt_PT\" \/>\n<meta property=\"og:type\" content=\"article\" \/>\n<meta property=\"og:title\" content=\"Rocket Languages ou Babbel: O que \u00e9 melhor em 2026? - EduReviewer\" \/>\n<meta property=\"og:description\" content=\"Voc\u00ea sabia que a Rocket Languages vs Babbel \u00e9 uma quest\u00e3o popular entre os estrangeiros? Ambos s\u00e3o bons para aprender um novo idioma, mas qual deles \u00e9 melhor?\" \/>\n<meta property=\"og:url\" content=\"https:\/\/edureviewer.com\/pt\/babbel-ou-rocket-languages\/\" \/>\n<meta property=\"og:site_name\" content=\"EduReviewer\" \/>\n<meta property=\"article:publisher\" content=\"https:\/\/www.facebook.com\/EduReviewer\" \/>\n<meta property=\"article:modified_time\" content=\"2024-05-16T20:05:39+00:00\" \/>\n<meta property=\"og:image\" content=\"https:\/\/edureviewer.com\/wp-content\/uploads\/2022\/10\/Babbel-vs-Rocket-Languages.jpg\" \/>\n\t<meta property=\"og:image:width\" content=\"720\" \/>\n\t<meta property=\"og:image:height\" content=\"540\" \/>\n<meta name=\"twitter:card\" content=\"summary_large_image\" \/>\n<meta name=\"twitter:site\" content=\"@edureviewer\" \/>\n<script type=\"application\/ld+json\" class=\"yoast-schema-graph\">{\"@context\":\"https:\/\/schema.org\",\"@graph\":[{\"@type\":\"Organization\",\"@id\":\"https:\/\/edureviewer.com\/pt\/#organization\",\"name\":\"EduReviewer\",\"url\":\"https:\/\/edureviewer.com\/pt\/\",\"sameAs\":[\"https:\/\/www.facebook.com\/EduReviewer\",\"https:\/\/www.instagram.com\/edureviewer\/\",\"https:\/\/www.linkedin.com\/company\/edureviewercom\/\",\"https:\/\/www.youtube.com\/@EduReviewer\",\"https:\/\/twitter.com\/edureviewer\"],\"logo\":{\"@type\":\"ImageObject\",\"@id\":\"https:\/\/edureviewer.com\/pt\/#logo\",\"inLanguage\":\"pt\",\"url\":\"https:\/\/edureviewer.com\/wp-content\/uploads\/2021\/08\/edureviewer.png\",\"width\":130,\"height\":30,\"caption\":\"EduReviewer\"},\"image\":{\"@id\":\"https:\/\/edureviewer.com\/pt\/#logo\"}},{\"@type\":\"WebSite\",\"@id\":\"https:\/\/edureviewer.com\/pt\/#website\",\"url\":\"https:\/\/edureviewer.com\/pt\/\",\"name\":\"EduReviewer\",\"description\":\"\",\"publisher\":{\"@id\":\"https:\/\/edureviewer.com\/pt\/#organization\"},\"inLanguage\":\"pt\"},{\"@type\":\"ImageObject\",\"@id\":\"https:\/\/edureviewer.com\/pt\/babbel-ou-rocket-languages\/#primaryimage\",\"inLanguage\":\"pt\",\"url\":\"https:\/\/edureviewer.com\/wp-content\/uploads\/2022\/10\/Babbel-vs-Rocket-Languages.jpg\",\"width\":720,\"height\":540},{\"@type\":\"WebPage\",\"@id\":\"https:\/\/edureviewer.com\/pt\/babbel-ou-rocket-languages\/#webpage\",\"url\":\"https:\/\/edureviewer.com\/pt\/babbel-ou-rocket-languages\/\",\"name\":\"Rocket Languages ou Babbel: O que \\u00e9 melhor em 2026? - EduReviewer\",\"isPartOf\":{\"@id\":\"https:\/\/edureviewer.com\/pt\/#website\"},\"primaryImageOfPage\":{\"@id\":\"https:\/\/edureviewer.com\/pt\/babbel-ou-rocket-languages\/#primaryimage\"},\"datePublished\":\"2022-09-29T16:46:29+00:00\",\"dateModified\":\"2024-05-16T20:05:39+00:00\",\"description\":\"Voc\\u00ea sabia que a Rocket Languages vs Babbel \\u00e9 uma quest\\u00e3o popular entre os estrangeiros? Ambos s\\u00e3o bons para aprender um novo idioma, mas qual deles \\u00e9 melhor?\",\"inLanguage\":\"pt\",\"potentialAction\":[{\"@type\":\"ReadAction\",\"target\":[\"https:\/\/edureviewer.com\/pt\/babbel-ou-rocket-languages\/\"]}]}]}<\/script>\n<!-- \/ Yoast SEO plugin. -->","_links":{"self":[{"href":"https:\/\/edureviewer.com\/pt\/wp-json\/wp\/v2\/pages\/32063"}],"collection":[{"href":"https:\/\/edureviewer.com\/pt\/wp-json\/wp\/v2\/pages"}],"about":[{"href":"https:\/\/edureviewer.com\/pt\/wp-json\/wp\/v2\/types\/page"}],"author":[{"embeddable":true,"href":"https:\/\/edureviewer.com\/pt\/wp-json\/wp\/v2\/users\/2"}],"replies":[{"embeddable":true,"href":"https:\/\/edureviewer.com\/pt\/wp-json\/wp\/v2\/comments?post=32063"}],"version-history":[{"count":4,"href":"https:\/\/edureviewer.com\/pt\/wp-json\/wp\/v2\/pages\/32063\/revisions"}],"predecessor-version":[{"id":145978,"href":"https:\/\/edureviewer.com\/pt\/wp-json\/wp\/v2\/pages\/32063\/revisions\/145978"}],"wp:featuredmedia":[{"embeddable":true,"href":"https:\/\/edureviewer.com\/pt\/wp-json\/wp\/v2\/media\/29580"}],"wp:attachment":[{"href":"https:\/\/edureviewer.com\/pt\/wp-json\/wp\/v2\/media?parent=32063"}],"curies":[{"name":"wp","href":"https:\/\/api.w.org\/{rel}","templated":true}]}}