{"id":31980,"date":"2022-07-25T19:06:15","date_gmt":"2022-07-25T16:06:15","guid":{"rendered":"https:\/\/edureviewer.com\/skillshare-frente-a-masterclass-quien-se-lleva-la-corona\/"},"modified":"2024-06-10T20:19:12","modified_gmt":"2024-06-10T17:19:12","slug":"skillshare-frente-a-masterclass-quien-se-lleva-la-corona","status":"publish","type":"page","link":"https:\/\/edureviewer.com\/pt\/masterclass-ou-skillshare\/","title":{"rendered":"Skillshare vs Masterclass: Quem Toma a Coroa?"},"content":{"rendered":"","protected":false},"excerpt":{"rendered":"","protected":false},"author":2,"featured_media":29866,"parent":0,"menu_order":0,"comment_status":"closed","ping_status":"closed","template":"template-top.php","meta":[],"acf":[],"yoast_head":"<!-- This site is optimized with the Yoast SEO plugin v15.5 - https:\/\/yoast.com\/wordpress\/plugins\/seo\/ -->\n<title>MasterClass ou Skillshare: 2026 Compara\u00e7\u00e3o - EduReviewer<\/title>\n<meta name=\"description\" content=\"Aqui faremos uma an\u00e1lise de Skillshare vs MasterClass para que voc\u00ea saiba qual \u00e9 a op\u00e7\u00e3o certa para voc\u00ea e se vale a pena gastar seu dinheiro.\" \/>\n<meta name=\"robots\" content=\"index, follow, max-snippet:-1, max-image-preview:large, max-video-preview:-1\" \/>\n<link rel=\"canonical\" href=\"https:\/\/edureviewer.com\/pt\/masterclass-ou-skillshare\/\" \/>\n<meta property=\"og:locale\" content=\"pt_PT\" \/>\n<meta property=\"og:type\" content=\"article\" \/>\n<meta property=\"og:title\" content=\"MasterClass ou Skillshare: 2026 Compara\u00e7\u00e3o - EduReviewer\" \/>\n<meta property=\"og:description\" content=\"Aqui faremos uma an\u00e1lise de Skillshare vs MasterClass para que voc\u00ea saiba qual \u00e9 a op\u00e7\u00e3o certa para voc\u00ea e se vale a pena gastar seu dinheiro.\" \/>\n<meta property=\"og:url\" content=\"https:\/\/edureviewer.com\/pt\/masterclass-ou-skillshare\/\" \/>\n<meta property=\"og:site_name\" content=\"EduReviewer\" \/>\n<meta property=\"article:publisher\" content=\"https:\/\/www.facebook.com\/EduReviewer\" \/>\n<meta property=\"article:modified_time\" content=\"2024-06-10T17:19:12+00:00\" \/>\n<meta property=\"og:image\" content=\"https:\/\/edureviewer.com\/wp-content\/uploads\/2022\/12\/Skillshare-vs-MasterClass.jpg\" \/>\n\t<meta property=\"og:image:width\" content=\"620\" \/>\n\t<meta property=\"og:image:height\" content=\"465\" \/>\n<meta name=\"twitter:card\" content=\"summary_large_image\" \/>\n<meta name=\"twitter:site\" content=\"@edureviewer\" \/>\n<script type=\"application\/ld+json\" class=\"yoast-schema-graph\">{\"@context\":\"https:\/\/schema.org\",\"@graph\":[{\"@type\":\"Organization\",\"@id\":\"https:\/\/edureviewer.com\/pt\/#organization\",\"name\":\"EduReviewer\",\"url\":\"https:\/\/edureviewer.com\/pt\/\",\"sameAs\":[\"https:\/\/www.facebook.com\/EduReviewer\",\"https:\/\/www.instagram.com\/edureviewer\/\",\"https:\/\/www.linkedin.com\/company\/edureviewercom\/\",\"https:\/\/www.youtube.com\/@EduReviewer\",\"https:\/\/twitter.com\/edureviewer\"],\"logo\":{\"@type\":\"ImageObject\",\"@id\":\"https:\/\/edureviewer.com\/pt\/#logo\",\"inLanguage\":\"pt\",\"url\":\"https:\/\/edureviewer.com\/wp-content\/uploads\/2021\/08\/edureviewer.png\",\"width\":130,\"height\":30,\"caption\":\"EduReviewer\"},\"image\":{\"@id\":\"https:\/\/edureviewer.com\/pt\/#logo\"}},{\"@type\":\"WebSite\",\"@id\":\"https:\/\/edureviewer.com\/pt\/#website\",\"url\":\"https:\/\/edureviewer.com\/pt\/\",\"name\":\"EduReviewer\",\"description\":\"\",\"publisher\":{\"@id\":\"https:\/\/edureviewer.com\/pt\/#organization\"},\"inLanguage\":\"pt\"},{\"@type\":\"ImageObject\",\"@id\":\"https:\/\/edureviewer.com\/pt\/masterclass-ou-skillshare\/#primaryimage\",\"inLanguage\":\"pt\",\"url\":\"https:\/\/edureviewer.com\/wp-content\/uploads\/2022\/12\/Skillshare-vs-MasterClass.jpg\",\"width\":620,\"height\":465},{\"@type\":\"WebPage\",\"@id\":\"https:\/\/edureviewer.com\/pt\/masterclass-ou-skillshare\/#webpage\",\"url\":\"https:\/\/edureviewer.com\/pt\/masterclass-ou-skillshare\/\",\"name\":\"MasterClass ou Skillshare: 2026 Compara\\u00e7\\u00e3o - EduReviewer\",\"isPartOf\":{\"@id\":\"https:\/\/edureviewer.com\/pt\/#website\"},\"primaryImageOfPage\":{\"@id\":\"https:\/\/edureviewer.com\/pt\/masterclass-ou-skillshare\/#primaryimage\"},\"datePublished\":\"2022-07-25T16:06:15+00:00\",\"dateModified\":\"2024-06-10T17:19:12+00:00\",\"description\":\"Aqui faremos uma an\\u00e1lise de Skillshare vs MasterClass para que voc\\u00ea saiba qual \\u00e9 a op\\u00e7\\u00e3o certa para voc\\u00ea e se vale a pena gastar seu dinheiro.\",\"inLanguage\":\"pt\",\"potentialAction\":[{\"@type\":\"ReadAction\",\"target\":[\"https:\/\/edureviewer.com\/pt\/masterclass-ou-skillshare\/\"]}]}]}<\/script>\n<!-- \/ Yoast SEO plugin. -->","_links":{"self":[{"href":"https:\/\/edureviewer.com\/pt\/wp-json\/wp\/v2\/pages\/31980"}],"collection":[{"href":"https:\/\/edureviewer.com\/pt\/wp-json\/wp\/v2\/pages"}],"about":[{"href":"https:\/\/edureviewer.com\/pt\/wp-json\/wp\/v2\/types\/page"}],"author":[{"embeddable":true,"href":"https:\/\/edureviewer.com\/pt\/wp-json\/wp\/v2\/users\/2"}],"replies":[{"embeddable":true,"href":"https:\/\/edureviewer.com\/pt\/wp-json\/wp\/v2\/comments?post=31980"}],"version-history":[{"count":7,"href":"https:\/\/edureviewer.com\/pt\/wp-json\/wp\/v2\/pages\/31980\/revisions"}],"predecessor-version":[{"id":146543,"href":"https:\/\/edureviewer.com\/pt\/wp-json\/wp\/v2\/pages\/31980\/revisions\/146543"}],"wp:featuredmedia":[{"embeddable":true,"href":"https:\/\/edureviewer.com\/pt\/wp-json\/wp\/v2\/media\/29866"}],"wp:attachment":[{"href":"https:\/\/edureviewer.com\/pt\/wp-json\/wp\/v2\/media?parent=31980"}],"curies":[{"name":"wp","href":"https:\/\/api.w.org\/{rel}","templated":true}]}}