{"id":31951,"date":"2022-01-24T18:07:22","date_gmt":"2022-01-24T15:07:22","guid":{"rendered":"https:\/\/edureviewer.com\/preply-vs-italki\/"},"modified":"2023-05-26T16:57:40","modified_gmt":"2023-05-26T13:57:40","slug":"preply-vs-italki","status":"publish","type":"page","link":"https:\/\/edureviewer.com\/pt\/preply-ou-italki\/","title":{"rendered":"iTalki vs Preply: Compara\u00e7\u00e3o completa"},"content":{"rendered":"","protected":false},"excerpt":{"rendered":"","protected":false},"author":3,"featured_media":130907,"parent":0,"menu_order":0,"comment_status":"closed","ping_status":"closed","template":"template-top.php","meta":[],"acf":[],"yoast_head":"<!-- This site is optimized with the Yoast SEO plugin v15.5 - https:\/\/yoast.com\/wordpress\/plugins\/seo\/ -->\n<title>Preply ou italki: Qual tem os melhores cursos em 2026? - EduReviewer<\/title>\n<meta name=\"description\" content=\"Preply e Italki s\u00e3o plataformas populares de aprendizagem de idiomas. A revis\u00e3o e a compara\u00e7\u00e3o destinam-se a ajudar os clientes potenciais a escolher a mais adequada.\" \/>\n<meta name=\"robots\" content=\"index, follow, max-snippet:-1, max-image-preview:large, max-video-preview:-1\" \/>\n<link rel=\"canonical\" href=\"https:\/\/edureviewer.com\/pt\/preply-ou-italki\/\" \/>\n<meta property=\"og:locale\" content=\"pt_PT\" \/>\n<meta property=\"og:type\" content=\"article\" \/>\n<meta property=\"og:title\" content=\"Preply ou italki: Qual tem os melhores cursos em 2026? - EduReviewer\" \/>\n<meta property=\"og:description\" content=\"Preply e Italki s\u00e3o plataformas populares de aprendizagem de idiomas. A revis\u00e3o e a compara\u00e7\u00e3o destinam-se a ajudar os clientes potenciais a escolher a mais adequada.\" \/>\n<meta property=\"og:url\" content=\"https:\/\/edureviewer.com\/pt\/preply-ou-italki\/\" \/>\n<meta property=\"og:site_name\" content=\"EduReviewer\" \/>\n<meta property=\"article:publisher\" content=\"https:\/\/www.facebook.com\/EduReviewer\" \/>\n<meta property=\"article:modified_time\" content=\"2023-05-26T13:57:40+00:00\" \/>\n<meta property=\"og:image\" content=\"https:\/\/edureviewer.com\/wp-content\/uploads\/2022\/01\/italki-vs-preply.jpg\" \/>\n\t<meta property=\"og:image:width\" content=\"1024\" \/>\n\t<meta property=\"og:image:height\" content=\"768\" \/>\n<meta name=\"twitter:card\" content=\"summary_large_image\" \/>\n<meta name=\"twitter:site\" content=\"@edureviewer\" \/>\n<script type=\"application\/ld+json\" class=\"yoast-schema-graph\">{\"@context\":\"https:\/\/schema.org\",\"@graph\":[{\"@type\":\"Organization\",\"@id\":\"https:\/\/edureviewer.com\/pt\/#organization\",\"name\":\"EduReviewer\",\"url\":\"https:\/\/edureviewer.com\/pt\/\",\"sameAs\":[\"https:\/\/www.facebook.com\/EduReviewer\",\"https:\/\/www.instagram.com\/edureviewer\/\",\"https:\/\/www.linkedin.com\/company\/edureviewercom\/\",\"https:\/\/www.youtube.com\/@EduReviewer\",\"https:\/\/twitter.com\/edureviewer\"],\"logo\":{\"@type\":\"ImageObject\",\"@id\":\"https:\/\/edureviewer.com\/pt\/#logo\",\"inLanguage\":\"pt\",\"url\":\"https:\/\/edureviewer.com\/wp-content\/uploads\/2021\/08\/edureviewer.png\",\"width\":130,\"height\":30,\"caption\":\"EduReviewer\"},\"image\":{\"@id\":\"https:\/\/edureviewer.com\/pt\/#logo\"}},{\"@type\":\"WebSite\",\"@id\":\"https:\/\/edureviewer.com\/pt\/#website\",\"url\":\"https:\/\/edureviewer.com\/pt\/\",\"name\":\"EduReviewer\",\"description\":\"\",\"publisher\":{\"@id\":\"https:\/\/edureviewer.com\/pt\/#organization\"},\"inLanguage\":\"pt\"},{\"@type\":\"ImageObject\",\"@id\":\"https:\/\/edureviewer.com\/pt\/preply-ou-italki\/#primaryimage\",\"inLanguage\":\"pt\",\"url\":\"https:\/\/edureviewer.com\/wp-content\/uploads\/2023\/11\/preply-vs-italki.jpg\",\"width\":1080,\"height\":764,\"caption\":\"italki vs preply\"},{\"@type\":\"WebPage\",\"@id\":\"https:\/\/edureviewer.com\/pt\/preply-ou-italki\/#webpage\",\"url\":\"https:\/\/edureviewer.com\/pt\/preply-ou-italki\/\",\"name\":\"Preply ou italki: Qual tem os melhores cursos em 2026? - EduReviewer\",\"isPartOf\":{\"@id\":\"https:\/\/edureviewer.com\/pt\/#website\"},\"primaryImageOfPage\":{\"@id\":\"https:\/\/edureviewer.com\/pt\/preply-ou-italki\/#primaryimage\"},\"datePublished\":\"2022-01-24T15:07:22+00:00\",\"dateModified\":\"2023-05-26T13:57:40+00:00\",\"description\":\"Preply e Italki s\\u00e3o plataformas populares de aprendizagem de idiomas. A revis\\u00e3o e a compara\\u00e7\\u00e3o destinam-se a ajudar os clientes potenciais a escolher a mais adequada.\",\"inLanguage\":\"pt\",\"potentialAction\":[{\"@type\":\"ReadAction\",\"target\":[\"https:\/\/edureviewer.com\/pt\/preply-ou-italki\/\"]}]}]}<\/script>\n<!-- \/ Yoast SEO plugin. -->","_links":{"self":[{"href":"https:\/\/edureviewer.com\/pt\/wp-json\/wp\/v2\/pages\/31951"}],"collection":[{"href":"https:\/\/edureviewer.com\/pt\/wp-json\/wp\/v2\/pages"}],"about":[{"href":"https:\/\/edureviewer.com\/pt\/wp-json\/wp\/v2\/types\/page"}],"author":[{"embeddable":true,"href":"https:\/\/edureviewer.com\/pt\/wp-json\/wp\/v2\/users\/3"}],"replies":[{"embeddable":true,"href":"https:\/\/edureviewer.com\/pt\/wp-json\/wp\/v2\/comments?post=31951"}],"version-history":[{"count":6,"href":"https:\/\/edureviewer.com\/pt\/wp-json\/wp\/v2\/pages\/31951\/revisions"}],"predecessor-version":[{"id":110358,"href":"https:\/\/edureviewer.com\/pt\/wp-json\/wp\/v2\/pages\/31951\/revisions\/110358"}],"wp:featuredmedia":[{"embeddable":true,"href":"https:\/\/edureviewer.com\/pt\/wp-json\/wp\/v2\/media\/130907"}],"wp:attachment":[{"href":"https:\/\/edureviewer.com\/pt\/wp-json\/wp\/v2\/media?parent=31951"}],"curies":[{"name":"wp","href":"https:\/\/api.w.org\/{rel}","templated":true}]}}