{"id":30979,"date":"2020-11-03T16:09:44","date_gmt":"2020-11-03T13:09:44","guid":{"rendered":"https:\/\/edureviewer.com\/english-tutoring-services\/"},"modified":"2024-09-12T05:04:41","modified_gmt":"2024-09-12T02:04:41","slug":"english-tutoring-services","status":"publish","type":"page","link":"https:\/\/edureviewer.com\/pt\/melhores-cursos-de-ingles-online\/","title":{"rendered":"Qual o melhor curso de ingl\u00eas online? Encontre o melhor curso de ingl\u00eas para voc\u00ea"},"content":{"rendered":"","protected":false},"excerpt":{"rendered":"","protected":false},"author":3,"featured_media":30990,"parent":0,"menu_order":0,"comment_status":"closed","ping_status":"closed","template":"template-top.php","meta":[],"acf":[],"yoast_head":"<!-- This site is optimized with the Yoast SEO plugin v15.5 - https:\/\/yoast.com\/wordpress\/plugins\/seo\/ -->\n<title>Melhores cursos de ingles online em 2026 - EduReviewer<\/title>\n<meta name=\"description\" content=\"Se voc\u00ea est\u00e1 procurando os melhores professores de ingl\u00eas on-line, n\u00f3s o cobrimos. Confira nossa lista dos melhores servi\u00e7os e empresas de l\u00edngua inglesa.\" \/>\n<meta name=\"robots\" content=\"index, follow, max-snippet:-1, max-image-preview:large, max-video-preview:-1\" \/>\n<link rel=\"canonical\" href=\"https:\/\/edureviewer.com\/pt\/melhores-cursos-de-ingles-online\/\" \/>\n<meta property=\"og:locale\" content=\"pt_PT\" \/>\n<meta property=\"og:type\" content=\"article\" \/>\n<meta property=\"og:title\" content=\"Melhores cursos de ingles online em 2026 - EduReviewer\" \/>\n<meta property=\"og:description\" content=\"Se voc\u00ea est\u00e1 procurando os melhores professores de ingl\u00eas on-line, n\u00f3s o cobrimos. Confira nossa lista dos melhores servi\u00e7os e empresas de l\u00edngua inglesa.\" \/>\n<meta property=\"og:url\" content=\"https:\/\/edureviewer.com\/pt\/melhores-cursos-de-ingles-online\/\" \/>\n<meta property=\"og:site_name\" content=\"EduReviewer\" \/>\n<meta property=\"article:publisher\" content=\"https:\/\/www.facebook.com\/EduReviewer\" \/>\n<meta property=\"article:modified_time\" content=\"2024-09-12T02:04:41+00:00\" \/>\n<meta property=\"og:image\" content=\"https:\/\/edureviewer.com\/wp-content\/uploads\/2023\/03\/melhores-cursos-de-ingles-online.jpg\" \/>\n\t<meta property=\"og:image:width\" content=\"800\" \/>\n\t<meta property=\"og:image:height\" content=\"488\" \/>\n<meta name=\"twitter:card\" content=\"summary_large_image\" \/>\n<meta name=\"twitter:site\" content=\"@edureviewer\" \/>\n<script type=\"application\/ld+json\" class=\"yoast-schema-graph\">{\"@context\":\"https:\/\/schema.org\",\"@graph\":[{\"@type\":\"Organization\",\"@id\":\"https:\/\/edureviewer.com\/pt\/#organization\",\"name\":\"EduReviewer\",\"url\":\"https:\/\/edureviewer.com\/pt\/\",\"sameAs\":[\"https:\/\/www.facebook.com\/EduReviewer\",\"https:\/\/www.instagram.com\/edureviewer\/\",\"https:\/\/www.linkedin.com\/company\/edureviewercom\/\",\"https:\/\/www.youtube.com\/@EduReviewer\",\"https:\/\/twitter.com\/edureviewer\"],\"logo\":{\"@type\":\"ImageObject\",\"@id\":\"https:\/\/edureviewer.com\/pt\/#logo\",\"inLanguage\":\"pt\",\"url\":\"https:\/\/edureviewer.com\/wp-content\/uploads\/2021\/08\/edureviewer.png\",\"width\":130,\"height\":30,\"caption\":\"EduReviewer\"},\"image\":{\"@id\":\"https:\/\/edureviewer.com\/pt\/#logo\"}},{\"@type\":\"WebSite\",\"@id\":\"https:\/\/edureviewer.com\/pt\/#website\",\"url\":\"https:\/\/edureviewer.com\/pt\/\",\"name\":\"EduReviewer\",\"description\":\"\",\"publisher\":{\"@id\":\"https:\/\/edureviewer.com\/pt\/#organization\"},\"inLanguage\":\"pt\"},{\"@type\":\"ImageObject\",\"@id\":\"https:\/\/edureviewer.com\/pt\/melhores-cursos-de-ingles-online\/#primaryimage\",\"inLanguage\":\"pt\",\"url\":\"https:\/\/edureviewer.com\/wp-content\/uploads\/2023\/03\/melhores-cursos-de-ingles-online.jpg\",\"width\":800,\"height\":488,\"caption\":\"melhores cursos de ingles online\"},{\"@type\":\"WebPage\",\"@id\":\"https:\/\/edureviewer.com\/pt\/melhores-cursos-de-ingles-online\/#webpage\",\"url\":\"https:\/\/edureviewer.com\/pt\/melhores-cursos-de-ingles-online\/\",\"name\":\"Melhores cursos de ingles online em 2026 - EduReviewer\",\"isPartOf\":{\"@id\":\"https:\/\/edureviewer.com\/pt\/#website\"},\"primaryImageOfPage\":{\"@id\":\"https:\/\/edureviewer.com\/pt\/melhores-cursos-de-ingles-online\/#primaryimage\"},\"datePublished\":\"2020-11-03T13:09:44+00:00\",\"dateModified\":\"2024-09-12T02:04:41+00:00\",\"description\":\"Se voc\\u00ea est\\u00e1 procurando os melhores professores de ingl\\u00eas on-line, n\\u00f3s o cobrimos. Confira nossa lista dos melhores servi\\u00e7os e empresas de l\\u00edngua inglesa.\",\"inLanguage\":\"pt\",\"potentialAction\":[{\"@type\":\"ReadAction\",\"target\":[\"https:\/\/edureviewer.com\/pt\/melhores-cursos-de-ingles-online\/\"]}]}]}<\/script>\n<!-- \/ Yoast SEO plugin. -->","_links":{"self":[{"href":"https:\/\/edureviewer.com\/pt\/wp-json\/wp\/v2\/pages\/30979"}],"collection":[{"href":"https:\/\/edureviewer.com\/pt\/wp-json\/wp\/v2\/pages"}],"about":[{"href":"https:\/\/edureviewer.com\/pt\/wp-json\/wp\/v2\/types\/page"}],"author":[{"embeddable":true,"href":"https:\/\/edureviewer.com\/pt\/wp-json\/wp\/v2\/users\/3"}],"replies":[{"embeddable":true,"href":"https:\/\/edureviewer.com\/pt\/wp-json\/wp\/v2\/comments?post=30979"}],"version-history":[{"count":7,"href":"https:\/\/edureviewer.com\/pt\/wp-json\/wp\/v2\/pages\/30979\/revisions"}],"predecessor-version":[{"id":148680,"href":"https:\/\/edureviewer.com\/pt\/wp-json\/wp\/v2\/pages\/30979\/revisions\/148680"}],"wp:featuredmedia":[{"embeddable":true,"href":"https:\/\/edureviewer.com\/pt\/wp-json\/wp\/v2\/media\/30990"}],"wp:attachment":[{"href":"https:\/\/edureviewer.com\/pt\/wp-json\/wp\/v2\/media?parent=30979"}],"curies":[{"name":"wp","href":"https:\/\/api.w.org\/{rel}","templated":true}]}}