{"id":129097,"date":"2023-05-31T18:25:57","date_gmt":"2023-05-31T15:25:57","guid":{"rendered":"https:\/\/edureviewer.com\/best-apps-to-learn-spanish\/"},"modified":"2024-06-11T01:06:42","modified_gmt":"2024-06-10T22:06:42","slug":"melhores-aplicativos-para-aprender-espanhol","status":"publish","type":"page","link":"https:\/\/edureviewer.com\/pt\/apps-para-aprender-espanhol\/","title":{"rendered":"5 ferramentas e apps para quem quer aprender espanhol"},"content":{"rendered":"","protected":false},"excerpt":{"rendered":"","protected":false},"author":2,"featured_media":113227,"parent":0,"menu_order":0,"comment_status":"closed","ping_status":"closed","template":"template-top.php","meta":[],"acf":[],"yoast_head":"<!-- This site is optimized with the Yoast SEO plugin v15.5 - https:\/\/yoast.com\/wordpress\/plugins\/seo\/ -->\n<title>Melhores aplicativos para aprender espanhol - EduReviewer<\/title>\n<meta name=\"description\" content=\"Partilho recomenda\u00e7\u00f5es detalhadas e concisas para cada uma destas aplica\u00e7\u00f5es, permitindo-lhe encontrar o seu ajuste perfeito e a melhor op\u00e7\u00e3o para come\u00e7ar a aprender.\" \/>\n<meta name=\"robots\" content=\"index, follow, max-snippet:-1, max-image-preview:large, max-video-preview:-1\" \/>\n<link rel=\"canonical\" href=\"https:\/\/edureviewer.com\/pt\/apps-para-aprender-espanhol\/\" \/>\n<meta property=\"og:locale\" content=\"pt_PT\" \/>\n<meta property=\"og:type\" content=\"article\" \/>\n<meta property=\"og:title\" content=\"Melhores aplicativos para aprender espanhol - EduReviewer\" \/>\n<meta property=\"og:description\" content=\"Partilho recomenda\u00e7\u00f5es detalhadas e concisas para cada uma destas aplica\u00e7\u00f5es, permitindo-lhe encontrar o seu ajuste perfeito e a melhor op\u00e7\u00e3o para come\u00e7ar a aprender.\" \/>\n<meta property=\"og:url\" content=\"https:\/\/edureviewer.com\/pt\/apps-para-aprender-espanhol\/\" \/>\n<meta property=\"og:site_name\" content=\"EduReviewer\" \/>\n<meta property=\"article:publisher\" content=\"https:\/\/www.facebook.com\/EduReviewer\" \/>\n<meta property=\"article:modified_time\" content=\"2024-06-10T22:06:42+00:00\" \/>\n<meta property=\"og:image\" content=\"https:\/\/edureviewer.com\/wp-content\/uploads\/2023\/06\/Best-Apps-to-Learn-Spanish-for-Adults.jpg\" \/>\n\t<meta property=\"og:image:width\" content=\"800\" \/>\n\t<meta property=\"og:image:height\" content=\"470\" \/>\n<meta name=\"twitter:card\" content=\"summary_large_image\" \/>\n<meta name=\"twitter:site\" content=\"@edureviewer\" \/>\n<script type=\"application\/ld+json\" class=\"yoast-schema-graph\">{\"@context\":\"https:\/\/schema.org\",\"@graph\":[{\"@type\":\"Organization\",\"@id\":\"https:\/\/edureviewer.com\/pt\/#organization\",\"name\":\"EduReviewer\",\"url\":\"https:\/\/edureviewer.com\/pt\/\",\"sameAs\":[\"https:\/\/www.facebook.com\/EduReviewer\",\"https:\/\/www.instagram.com\/edureviewer\/\",\"https:\/\/www.linkedin.com\/company\/edureviewercom\/\",\"https:\/\/www.youtube.com\/@EduReviewer\",\"https:\/\/twitter.com\/edureviewer\"],\"logo\":{\"@type\":\"ImageObject\",\"@id\":\"https:\/\/edureviewer.com\/pt\/#logo\",\"inLanguage\":\"pt\",\"url\":\"https:\/\/edureviewer.com\/wp-content\/uploads\/2021\/08\/edureviewer.png\",\"width\":130,\"height\":30,\"caption\":\"EduReviewer\"},\"image\":{\"@id\":\"https:\/\/edureviewer.com\/pt\/#logo\"}},{\"@type\":\"WebSite\",\"@id\":\"https:\/\/edureviewer.com\/pt\/#website\",\"url\":\"https:\/\/edureviewer.com\/pt\/\",\"name\":\"EduReviewer\",\"description\":\"\",\"publisher\":{\"@id\":\"https:\/\/edureviewer.com\/pt\/#organization\"},\"inLanguage\":\"pt\"},{\"@type\":\"ImageObject\",\"@id\":\"https:\/\/edureviewer.com\/pt\/apps-para-aprender-espanhol\/#primaryimage\",\"inLanguage\":\"pt\",\"url\":\"https:\/\/edureviewer.com\/wp-content\/uploads\/2023\/06\/Best-Apps-to-Learn-Spanish-for-Adults.jpg\",\"width\":800,\"height\":470,\"caption\":\"Best Spanish Learning Apps Adults\"},{\"@type\":\"WebPage\",\"@id\":\"https:\/\/edureviewer.com\/pt\/apps-para-aprender-espanhol\/#webpage\",\"url\":\"https:\/\/edureviewer.com\/pt\/apps-para-aprender-espanhol\/\",\"name\":\"Melhores aplicativos para aprender espanhol - EduReviewer\",\"isPartOf\":{\"@id\":\"https:\/\/edureviewer.com\/pt\/#website\"},\"primaryImageOfPage\":{\"@id\":\"https:\/\/edureviewer.com\/pt\/apps-para-aprender-espanhol\/#primaryimage\"},\"datePublished\":\"2023-05-31T15:25:57+00:00\",\"dateModified\":\"2024-06-10T22:06:42+00:00\",\"description\":\"Partilho recomenda\\u00e7\\u00f5es detalhadas e concisas para cada uma destas aplica\\u00e7\\u00f5es, permitindo-lhe encontrar o seu ajuste perfeito e a melhor op\\u00e7\\u00e3o para come\\u00e7ar a aprender.\",\"inLanguage\":\"pt\",\"potentialAction\":[{\"@type\":\"ReadAction\",\"target\":[\"https:\/\/edureviewer.com\/pt\/apps-para-aprender-espanhol\/\"]}]}]}<\/script>\n<!-- \/ Yoast SEO plugin. -->","_links":{"self":[{"href":"https:\/\/edureviewer.com\/pt\/wp-json\/wp\/v2\/pages\/129097"}],"collection":[{"href":"https:\/\/edureviewer.com\/pt\/wp-json\/wp\/v2\/pages"}],"about":[{"href":"https:\/\/edureviewer.com\/pt\/wp-json\/wp\/v2\/types\/page"}],"author":[{"embeddable":true,"href":"https:\/\/edureviewer.com\/pt\/wp-json\/wp\/v2\/users\/2"}],"replies":[{"embeddable":true,"href":"https:\/\/edureviewer.com\/pt\/wp-json\/wp\/v2\/comments?post=129097"}],"version-history":[{"count":9,"href":"https:\/\/edureviewer.com\/pt\/wp-json\/wp\/v2\/pages\/129097\/revisions"}],"predecessor-version":[{"id":146575,"href":"https:\/\/edureviewer.com\/pt\/wp-json\/wp\/v2\/pages\/129097\/revisions\/146575"}],"wp:featuredmedia":[{"embeddable":true,"href":"https:\/\/edureviewer.com\/pt\/wp-json\/wp\/v2\/media\/113227"}],"wp:attachment":[{"href":"https:\/\/edureviewer.com\/pt\/wp-json\/wp\/v2\/media?parent=129097"}],"curies":[{"name":"wp","href":"https:\/\/api.w.org\/{rel}","templated":true}]}}