{"id":129091,"date":"2023-05-08T15:15:52","date_gmt":"2023-05-08T12:15:52","guid":{"rendered":"https:\/\/edureviewer.com\/5-top-english-learning-apps-for-adults-english-learning-made-easy\/"},"modified":"2024-09-12T05:03:00","modified_gmt":"2024-09-12T02:03:00","slug":"5-principais-aplicativos-de-aprendizagem-de-ingles-para-adultos-aprendizagem-de-ingles-facilitada","status":"publish","type":"page","link":"https:\/\/edureviewer.com\/pt\/aplicativos-para-aprender-ingles\/","title":{"rendered":"Os 5 melhores aplica\u00e7\u00f5es de aprendizagem de ingl\u00eas"},"content":{"rendered":"","protected":false},"excerpt":{"rendered":"","protected":false},"author":2,"featured_media":67856,"parent":0,"menu_order":0,"comment_status":"closed","ping_status":"closed","template":"template-top.php","meta":[],"acf":[],"yoast_head":"<!-- This site is optimized with the Yoast SEO plugin v15.5 - https:\/\/yoast.com\/wordpress\/plugins\/seo\/ -->\n<title>Melhores apps para aprender ingl\u00eas - EduReviewer<\/title>\n<meta name=\"description\" content=\"Consequentemente, criei cinco das melhores aplica\u00e7\u00f5es de aprendizagem de ingl\u00eas para usar como a sua fada madrinha da aprendizagem de ingl\u00eas.\" \/>\n<meta name=\"robots\" content=\"index, follow, max-snippet:-1, max-image-preview:large, max-video-preview:-1\" \/>\n<link rel=\"canonical\" href=\"https:\/\/edureviewer.com\/pt\/aplicativos-para-aprender-ingles\/\" \/>\n<meta property=\"og:locale\" content=\"pt_PT\" \/>\n<meta property=\"og:type\" content=\"article\" \/>\n<meta property=\"og:title\" content=\"Melhores apps para aprender ingl\u00eas - EduReviewer\" \/>\n<meta property=\"og:description\" content=\"Consequentemente, criei cinco das melhores aplica\u00e7\u00f5es de aprendizagem de ingl\u00eas para usar como a sua fada madrinha da aprendizagem de ingl\u00eas.\" \/>\n<meta property=\"og:url\" content=\"https:\/\/edureviewer.com\/pt\/aplicativos-para-aprender-ingles\/\" \/>\n<meta property=\"og:site_name\" content=\"EduReviewer\" \/>\n<meta property=\"article:publisher\" content=\"https:\/\/www.facebook.com\/EduReviewer\" \/>\n<meta property=\"article:modified_time\" content=\"2024-09-12T02:03:00+00:00\" \/>\n<meta property=\"og:image\" content=\"https:\/\/edureviewer.com\/wp-content\/uploads\/2023\/05\/english-learning-app-for-adults.jpg\" \/>\n\t<meta property=\"og:image:width\" content=\"720\" \/>\n\t<meta property=\"og:image:height\" content=\"379\" \/>\n<meta name=\"twitter:card\" content=\"summary_large_image\" \/>\n<meta name=\"twitter:site\" content=\"@edureviewer\" \/>\n<script type=\"application\/ld+json\" class=\"yoast-schema-graph\">{\"@context\":\"https:\/\/schema.org\",\"@graph\":[{\"@type\":\"Organization\",\"@id\":\"https:\/\/edureviewer.com\/pt\/#organization\",\"name\":\"EduReviewer\",\"url\":\"https:\/\/edureviewer.com\/pt\/\",\"sameAs\":[\"https:\/\/www.facebook.com\/EduReviewer\",\"https:\/\/www.instagram.com\/edureviewer\/\",\"https:\/\/www.linkedin.com\/company\/edureviewercom\/\",\"https:\/\/www.youtube.com\/@EduReviewer\",\"https:\/\/twitter.com\/edureviewer\"],\"logo\":{\"@type\":\"ImageObject\",\"@id\":\"https:\/\/edureviewer.com\/pt\/#logo\",\"inLanguage\":\"pt\",\"url\":\"https:\/\/edureviewer.com\/wp-content\/uploads\/2021\/08\/edureviewer.png\",\"width\":130,\"height\":30,\"caption\":\"EduReviewer\"},\"image\":{\"@id\":\"https:\/\/edureviewer.com\/pt\/#logo\"}},{\"@type\":\"WebSite\",\"@id\":\"https:\/\/edureviewer.com\/pt\/#website\",\"url\":\"https:\/\/edureviewer.com\/pt\/\",\"name\":\"EduReviewer\",\"description\":\"\",\"publisher\":{\"@id\":\"https:\/\/edureviewer.com\/pt\/#organization\"},\"inLanguage\":\"pt\"},{\"@type\":\"ImageObject\",\"@id\":\"https:\/\/edureviewer.com\/pt\/aplicativos-para-aprender-ingles\/#primaryimage\",\"inLanguage\":\"pt\",\"url\":\"https:\/\/edureviewer.com\/wp-content\/uploads\/2023\/05\/english-learning-app-for-adults.jpg\",\"width\":720,\"height\":379,\"caption\":\"best english learning app for adults\"},{\"@type\":\"WebPage\",\"@id\":\"https:\/\/edureviewer.com\/pt\/aplicativos-para-aprender-ingles\/#webpage\",\"url\":\"https:\/\/edureviewer.com\/pt\/aplicativos-para-aprender-ingles\/\",\"name\":\"Melhores apps para aprender ingl\\u00eas - EduReviewer\",\"isPartOf\":{\"@id\":\"https:\/\/edureviewer.com\/pt\/#website\"},\"primaryImageOfPage\":{\"@id\":\"https:\/\/edureviewer.com\/pt\/aplicativos-para-aprender-ingles\/#primaryimage\"},\"datePublished\":\"2023-05-08T12:15:52+00:00\",\"dateModified\":\"2024-09-12T02:03:00+00:00\",\"description\":\"Consequentemente, criei cinco das melhores aplica\\u00e7\\u00f5es de aprendizagem de ingl\\u00eas para usar como a sua fada madrinha da aprendizagem de ingl\\u00eas.\",\"inLanguage\":\"pt\",\"potentialAction\":[{\"@type\":\"ReadAction\",\"target\":[\"https:\/\/edureviewer.com\/pt\/aplicativos-para-aprender-ingles\/\"]}]}]}<\/script>\n<!-- \/ Yoast SEO plugin. -->","_links":{"self":[{"href":"https:\/\/edureviewer.com\/pt\/wp-json\/wp\/v2\/pages\/129091"}],"collection":[{"href":"https:\/\/edureviewer.com\/pt\/wp-json\/wp\/v2\/pages"}],"about":[{"href":"https:\/\/edureviewer.com\/pt\/wp-json\/wp\/v2\/types\/page"}],"author":[{"embeddable":true,"href":"https:\/\/edureviewer.com\/pt\/wp-json\/wp\/v2\/users\/2"}],"replies":[{"embeddable":true,"href":"https:\/\/edureviewer.com\/pt\/wp-json\/wp\/v2\/comments?post=129091"}],"version-history":[{"count":10,"href":"https:\/\/edureviewer.com\/pt\/wp-json\/wp\/v2\/pages\/129091\/revisions"}],"predecessor-version":[{"id":148677,"href":"https:\/\/edureviewer.com\/pt\/wp-json\/wp\/v2\/pages\/129091\/revisions\/148677"}],"wp:featuredmedia":[{"embeddable":true,"href":"https:\/\/edureviewer.com\/pt\/wp-json\/wp\/v2\/media\/67856"}],"wp:attachment":[{"href":"https:\/\/edureviewer.com\/pt\/wp-json\/wp\/v2\/media?parent=129091"}],"curies":[{"name":"wp","href":"https:\/\/api.w.org\/{rel}","templated":true}]}}