{"id":128995,"date":"2023-05-31T18:25:57","date_gmt":"2023-05-31T15:25:57","guid":{"rendered":"https:\/\/edureviewer.com\/best-apps-to-learn-spanish\/"},"modified":"2024-06-11T01:00:31","modified_gmt":"2024-06-10T22:00:31","slug":"najlepsze-aplikacje-do-nauki-hiszpanskiego","status":"publish","type":"page","link":"https:\/\/edureviewer.com\/pl\/aplikacje-do-nauki-hiszpanskiego\/","title":{"rendered":"5 najlepszych aplikacji do nauki hiszpa\u0144skiego"},"content":{"rendered":"","protected":false},"excerpt":{"rendered":"","protected":false},"author":2,"featured_media":113226,"parent":0,"menu_order":0,"comment_status":"closed","ping_status":"closed","template":"template-top.php","meta":[],"acf":[],"yoast_head":"<!-- This site is optimized with the Yoast SEO plugin v15.5 - https:\/\/yoast.com\/wordpress\/plugins\/seo\/ -->\n<title>Najlepsze aplikacje do nauki hiszpa\u0144skiego - EduReviewer<\/title>\n<meta name=\"description\" content=\"Dziel\u0119 si\u0119 szczeg\u00f3\u0142owymi i zwi\u0119z\u0142ymi rekomendacjami dla ka\u017cdej z tych aplikacji, pozwalaj\u0105c ci znale\u017a\u0107 idealne dopasowanie i najlepsz\u0105 opcj\u0119 do rozpocz\u0119cia nauki.\" \/>\n<meta name=\"robots\" content=\"index, follow, max-snippet:-1, max-image-preview:large, max-video-preview:-1\" \/>\n<link rel=\"canonical\" href=\"https:\/\/edureviewer.com\/pl\/aplikacje-do-nauki-hiszpanskiego\/\" \/>\n<meta property=\"og:locale\" content=\"pl_PL\" \/>\n<meta property=\"og:type\" content=\"article\" \/>\n<meta property=\"og:title\" content=\"Najlepsze aplikacje do nauki hiszpa\u0144skiego - EduReviewer\" \/>\n<meta property=\"og:description\" content=\"Dziel\u0119 si\u0119 szczeg\u00f3\u0142owymi i zwi\u0119z\u0142ymi rekomendacjami dla ka\u017cdej z tych aplikacji, pozwalaj\u0105c ci znale\u017a\u0107 idealne dopasowanie i najlepsz\u0105 opcj\u0119 do rozpocz\u0119cia nauki.\" \/>\n<meta property=\"og:url\" content=\"https:\/\/edureviewer.com\/pl\/aplikacje-do-nauki-hiszpanskiego\/\" \/>\n<meta property=\"og:site_name\" content=\"EduReviewer\" \/>\n<meta property=\"article:publisher\" content=\"https:\/\/www.facebook.com\/EduReviewer\" \/>\n<meta property=\"article:modified_time\" content=\"2024-06-10T22:00:31+00:00\" \/>\n<meta property=\"og:image\" content=\"https:\/\/edureviewer.com\/wp-content\/uploads\/2023\/06\/Best-Apps-to-Learn-Spanish-for-Adults.jpg\" \/>\n\t<meta property=\"og:image:width\" content=\"800\" \/>\n\t<meta property=\"og:image:height\" content=\"470\" \/>\n<meta name=\"twitter:card\" content=\"summary_large_image\" \/>\n<meta name=\"twitter:site\" content=\"@edureviewer\" \/>\n<script type=\"application\/ld+json\" class=\"yoast-schema-graph\">{\"@context\":\"https:\/\/schema.org\",\"@graph\":[{\"@type\":\"Organization\",\"@id\":\"https:\/\/edureviewer.com\/pl\/#organization\",\"name\":\"EduReviewer\",\"url\":\"https:\/\/edureviewer.com\/pl\/\",\"sameAs\":[\"https:\/\/www.facebook.com\/EduReviewer\",\"https:\/\/www.instagram.com\/edureviewer\/\",\"https:\/\/www.linkedin.com\/company\/edureviewercom\/\",\"https:\/\/www.youtube.com\/@EduReviewer\",\"https:\/\/twitter.com\/edureviewer\"],\"logo\":{\"@type\":\"ImageObject\",\"@id\":\"https:\/\/edureviewer.com\/pl\/#logo\",\"inLanguage\":\"pl\",\"url\":\"https:\/\/edureviewer.com\/wp-content\/uploads\/2021\/08\/edureviewer.png\",\"width\":130,\"height\":30,\"caption\":\"EduReviewer\"},\"image\":{\"@id\":\"https:\/\/edureviewer.com\/pl\/#logo\"}},{\"@type\":\"WebSite\",\"@id\":\"https:\/\/edureviewer.com\/pl\/#website\",\"url\":\"https:\/\/edureviewer.com\/pl\/\",\"name\":\"EduReviewer\",\"description\":\"\",\"publisher\":{\"@id\":\"https:\/\/edureviewer.com\/pl\/#organization\"},\"inLanguage\":\"pl\"},{\"@type\":\"ImageObject\",\"@id\":\"https:\/\/edureviewer.com\/pl\/aplikacje-do-nauki-hiszpanskiego\/#primaryimage\",\"inLanguage\":\"pl\",\"url\":\"https:\/\/edureviewer.com\/wp-content\/uploads\/2023\/06\/Best-Apps-to-Learn-Spanish-for-Adults.jpg\",\"width\":800,\"height\":470,\"caption\":\"Best Spanish Learning Apps Adults\"},{\"@type\":\"WebPage\",\"@id\":\"https:\/\/edureviewer.com\/pl\/aplikacje-do-nauki-hiszpanskiego\/#webpage\",\"url\":\"https:\/\/edureviewer.com\/pl\/aplikacje-do-nauki-hiszpanskiego\/\",\"name\":\"Najlepsze aplikacje do nauki hiszpa\\u0144skiego - EduReviewer\",\"isPartOf\":{\"@id\":\"https:\/\/edureviewer.com\/pl\/#website\"},\"primaryImageOfPage\":{\"@id\":\"https:\/\/edureviewer.com\/pl\/aplikacje-do-nauki-hiszpanskiego\/#primaryimage\"},\"datePublished\":\"2023-05-31T15:25:57+00:00\",\"dateModified\":\"2024-06-10T22:00:31+00:00\",\"description\":\"Dziel\\u0119 si\\u0119 szczeg\\u00f3\\u0142owymi i zwi\\u0119z\\u0142ymi rekomendacjami dla ka\\u017cdej z tych aplikacji, pozwalaj\\u0105c ci znale\\u017a\\u0107 idealne dopasowanie i najlepsz\\u0105 opcj\\u0119 do rozpocz\\u0119cia nauki.\",\"inLanguage\":\"pl\",\"potentialAction\":[{\"@type\":\"ReadAction\",\"target\":[\"https:\/\/edureviewer.com\/pl\/aplikacje-do-nauki-hiszpanskiego\/\"]}]}]}<\/script>\n<!-- \/ Yoast SEO plugin. -->","_links":{"self":[{"href":"https:\/\/edureviewer.com\/pl\/wp-json\/wp\/v2\/pages\/128995"}],"collection":[{"href":"https:\/\/edureviewer.com\/pl\/wp-json\/wp\/v2\/pages"}],"about":[{"href":"https:\/\/edureviewer.com\/pl\/wp-json\/wp\/v2\/types\/page"}],"author":[{"embeddable":true,"href":"https:\/\/edureviewer.com\/pl\/wp-json\/wp\/v2\/users\/2"}],"replies":[{"embeddable":true,"href":"https:\/\/edureviewer.com\/pl\/wp-json\/wp\/v2\/comments?post=128995"}],"version-history":[{"count":11,"href":"https:\/\/edureviewer.com\/pl\/wp-json\/wp\/v2\/pages\/128995\/revisions"}],"predecessor-version":[{"id":146572,"href":"https:\/\/edureviewer.com\/pl\/wp-json\/wp\/v2\/pages\/128995\/revisions\/146572"}],"wp:featuredmedia":[{"embeddable":true,"href":"https:\/\/edureviewer.com\/pl\/wp-json\/wp\/v2\/media\/113226"}],"wp:attachment":[{"href":"https:\/\/edureviewer.com\/pl\/wp-json\/wp\/v2\/media?parent=128995"}],"curies":[{"name":"wp","href":"https:\/\/api.w.org\/{rel}","templated":true}]}}