{"id":109562,"date":"2022-09-30T12:23:39","date_gmt":"2022-09-30T09:23:39","guid":{"rendered":"https:\/\/edureviewer.com\/skillshare-vs-udemy\/"},"modified":"2023-05-22T16:56:36","modified_gmt":"2023-05-22T13:56:36","slug":"skillshare-vs-udemy","status":"publish","type":"page","link":"https:\/\/edureviewer.com\/pl\/udemy-vs-skillshare\/","title":{"rendered":"Kt\u00f3ra platforma kurs\u00f3w online jest lepsza, Udemy czy Skillshare?"},"content":{"rendered":"","protected":false},"excerpt":{"rendered":"","protected":false},"author":2,"featured_media":61895,"parent":0,"menu_order":0,"comment_status":"closed","ping_status":"closed","template":"template-top.php","meta":[],"acf":[],"yoast_head":"<!-- This site is optimized with the Yoast SEO plugin v15.5 - https:\/\/yoast.com\/wordpress\/plugins\/seo\/ -->\n<title>Skillshare vs Udemy: Kt\u00f3ra jest najlepsza? - EduReviewer<\/title>\n<meta name=\"description\" content=\"Szukasz odpowiedzi na pytanie Udemy vs Skillshare? Korzysta\u0142am z obu platform do nauki online i por\u00f3wnywa\u0142am. Przeczytaj, aby dowiedzie\u0107 si\u0119, kt\u00f3ra jest najlepsza!\" \/>\n<meta name=\"robots\" content=\"index, follow, max-snippet:-1, max-image-preview:large, max-video-preview:-1\" \/>\n<link rel=\"canonical\" href=\"https:\/\/edureviewer.com\/pl\/udemy-vs-skillshare\/\" \/>\n<meta property=\"og:locale\" content=\"pl_PL\" \/>\n<meta property=\"og:type\" content=\"article\" \/>\n<meta property=\"og:title\" content=\"Skillshare vs Udemy: Kt\u00f3ra jest najlepsza? - EduReviewer\" \/>\n<meta property=\"og:description\" content=\"Szukasz odpowiedzi na pytanie Udemy vs Skillshare? Korzysta\u0142am z obu platform do nauki online i por\u00f3wnywa\u0142am. Przeczytaj, aby dowiedzie\u0107 si\u0119, kt\u00f3ra jest najlepsza!\" \/>\n<meta property=\"og:url\" content=\"https:\/\/edureviewer.com\/pl\/udemy-vs-skillshare\/\" \/>\n<meta property=\"og:site_name\" content=\"EduReviewer\" \/>\n<meta property=\"article:publisher\" content=\"https:\/\/www.facebook.com\/EduReviewer\" \/>\n<meta property=\"article:modified_time\" content=\"2023-05-22T13:56:36+00:00\" \/>\n<meta property=\"og:image\" content=\"https:\/\/edureviewer.com\/wp-content\/uploads\/2022\/10\/Udemy-vs-Skillshare.jpg\" \/>\n\t<meta property=\"og:image:width\" content=\"720\" \/>\n\t<meta property=\"og:image:height\" content=\"540\" \/>\n<meta name=\"twitter:card\" content=\"summary_large_image\" \/>\n<meta name=\"twitter:site\" content=\"@edureviewer\" \/>\n<script type=\"application\/ld+json\" class=\"yoast-schema-graph\">{\"@context\":\"https:\/\/schema.org\",\"@graph\":[{\"@type\":\"Organization\",\"@id\":\"https:\/\/edureviewer.com\/pl\/#organization\",\"name\":\"EduReviewer\",\"url\":\"https:\/\/edureviewer.com\/pl\/\",\"sameAs\":[\"https:\/\/www.facebook.com\/EduReviewer\",\"https:\/\/www.instagram.com\/edureviewer\/\",\"https:\/\/www.linkedin.com\/company\/edureviewercom\/\",\"https:\/\/www.youtube.com\/@EduReviewer\",\"https:\/\/twitter.com\/edureviewer\"],\"logo\":{\"@type\":\"ImageObject\",\"@id\":\"https:\/\/edureviewer.com\/pl\/#logo\",\"inLanguage\":\"pl\",\"url\":\"https:\/\/edureviewer.com\/wp-content\/uploads\/2021\/08\/edureviewer.png\",\"width\":130,\"height\":30,\"caption\":\"EduReviewer\"},\"image\":{\"@id\":\"https:\/\/edureviewer.com\/pl\/#logo\"}},{\"@type\":\"WebSite\",\"@id\":\"https:\/\/edureviewer.com\/pl\/#website\",\"url\":\"https:\/\/edureviewer.com\/pl\/\",\"name\":\"EduReviewer\",\"description\":\"\",\"publisher\":{\"@id\":\"https:\/\/edureviewer.com\/pl\/#organization\"},\"inLanguage\":\"pl\"},{\"@type\":\"ImageObject\",\"@id\":\"https:\/\/edureviewer.com\/pl\/udemy-vs-skillshare\/#primaryimage\",\"inLanguage\":\"pl\",\"url\":\"https:\/\/edureviewer.com\/wp-content\/uploads\/2022\/10\/Udemy-vs-Skillshare.jpg\",\"width\":720,\"height\":540},{\"@type\":\"WebPage\",\"@id\":\"https:\/\/edureviewer.com\/pl\/udemy-vs-skillshare\/#webpage\",\"url\":\"https:\/\/edureviewer.com\/pl\/udemy-vs-skillshare\/\",\"name\":\"Skillshare vs Udemy: Kt\\u00f3ra jest najlepsza? - EduReviewer\",\"isPartOf\":{\"@id\":\"https:\/\/edureviewer.com\/pl\/#website\"},\"primaryImageOfPage\":{\"@id\":\"https:\/\/edureviewer.com\/pl\/udemy-vs-skillshare\/#primaryimage\"},\"datePublished\":\"2022-09-30T09:23:39+00:00\",\"dateModified\":\"2023-05-22T13:56:36+00:00\",\"description\":\"Szukasz odpowiedzi na pytanie Udemy vs Skillshare? Korzysta\\u0142am z obu platform do nauki online i por\\u00f3wnywa\\u0142am. Przeczytaj, aby dowiedzie\\u0107 si\\u0119, kt\\u00f3ra jest najlepsza!\",\"inLanguage\":\"pl\",\"potentialAction\":[{\"@type\":\"ReadAction\",\"target\":[\"https:\/\/edureviewer.com\/pl\/udemy-vs-skillshare\/\"]}]}]}<\/script>\n<!-- \/ Yoast SEO plugin. -->","_links":{"self":[{"href":"https:\/\/edureviewer.com\/pl\/wp-json\/wp\/v2\/pages\/109562"}],"collection":[{"href":"https:\/\/edureviewer.com\/pl\/wp-json\/wp\/v2\/pages"}],"about":[{"href":"https:\/\/edureviewer.com\/pl\/wp-json\/wp\/v2\/types\/page"}],"author":[{"embeddable":true,"href":"https:\/\/edureviewer.com\/pl\/wp-json\/wp\/v2\/users\/2"}],"replies":[{"embeddable":true,"href":"https:\/\/edureviewer.com\/pl\/wp-json\/wp\/v2\/comments?post=109562"}],"version-history":[{"count":4,"href":"https:\/\/edureviewer.com\/pl\/wp-json\/wp\/v2\/pages\/109562\/revisions"}],"predecessor-version":[{"id":110103,"href":"https:\/\/edureviewer.com\/pl\/wp-json\/wp\/v2\/pages\/109562\/revisions\/110103"}],"wp:featuredmedia":[{"embeddable":true,"href":"https:\/\/edureviewer.com\/pl\/wp-json\/wp\/v2\/media\/61895"}],"wp:attachment":[{"href":"https:\/\/edureviewer.com\/pl\/wp-json\/wp\/v2\/media?parent=109562"}],"curies":[{"name":"wp","href":"https:\/\/api.w.org\/{rel}","templated":true}]}}