{"id":109552,"date":"2022-08-26T16:14:10","date_gmt":"2022-08-26T13:14:10","guid":{"rendered":"https:\/\/edureviewer.com\/the-ultimate-battle-of-memrise-vs-babbel-which-one\/"},"modified":"2023-05-22T16:53:55","modified_gmt":"2023-05-22T13:53:55","slug":"the-ultimate-battle-of-memrise-vs-babbel-which-one","status":"publish","type":"page","link":"https:\/\/edureviewer.com\/pl\/memrise-vs-babbel\/","title":{"rendered":"Memrise vs. Babbel: Kt\u00f3ry z nich jest lepszy?"},"content":{"rendered":"","protected":false},"excerpt":{"rendered":"","protected":false},"author":2,"featured_media":54563,"parent":0,"menu_order":0,"comment_status":"closed","ping_status":"closed","template":"template-top.php","meta":[],"acf":[],"yoast_head":"<!-- This site is optimized with the Yoast SEO plugin v15.5 - https:\/\/yoast.com\/wordpress\/plugins\/seo\/ -->\n<title>Babbel vs Memrise: 2026 Por\u00f3wnanie - EduReviewer<\/title>\n<meta name=\"description\" content=\"Szukali\u015bcie aplikacji do nauki j\u0119zyk\u00f3w obcych? Mo\u017cesz przeczyta\u0107 debat\u0119 Babbel vs. Memrise, aby zdecydowa\u0107 jak profesjonalista.\" \/>\n<meta name=\"robots\" content=\"index, follow, max-snippet:-1, max-image-preview:large, max-video-preview:-1\" \/>\n<link rel=\"canonical\" href=\"https:\/\/edureviewer.com\/pl\/memrise-vs-babbel\/\" \/>\n<meta property=\"og:locale\" content=\"pl_PL\" \/>\n<meta property=\"og:type\" content=\"article\" \/>\n<meta property=\"og:title\" content=\"Babbel vs Memrise: 2026 Por\u00f3wnanie - EduReviewer\" \/>\n<meta property=\"og:description\" content=\"Szukali\u015bcie aplikacji do nauki j\u0119zyk\u00f3w obcych? Mo\u017cesz przeczyta\u0107 debat\u0119 Babbel vs. Memrise, aby zdecydowa\u0107 jak profesjonalista.\" \/>\n<meta property=\"og:url\" content=\"https:\/\/edureviewer.com\/pl\/memrise-vs-babbel\/\" \/>\n<meta property=\"og:site_name\" content=\"EduReviewer\" \/>\n<meta property=\"article:publisher\" content=\"https:\/\/www.facebook.com\/EduReviewer\" \/>\n<meta property=\"article:modified_time\" content=\"2023-05-22T13:53:55+00:00\" \/>\n<meta property=\"og:image\" content=\"https:\/\/edureviewer.com\/wp-content\/uploads\/2022\/09\/Babbel-vs-Memrise.jpg\" \/>\n\t<meta property=\"og:image:width\" content=\"720\" \/>\n\t<meta property=\"og:image:height\" content=\"540\" \/>\n<meta name=\"twitter:card\" content=\"summary_large_image\" \/>\n<meta name=\"twitter:site\" content=\"@edureviewer\" \/>\n<script type=\"application\/ld+json\" class=\"yoast-schema-graph\">{\"@context\":\"https:\/\/schema.org\",\"@graph\":[{\"@type\":\"Organization\",\"@id\":\"https:\/\/edureviewer.com\/pl\/#organization\",\"name\":\"EduReviewer\",\"url\":\"https:\/\/edureviewer.com\/pl\/\",\"sameAs\":[\"https:\/\/www.facebook.com\/EduReviewer\",\"https:\/\/www.instagram.com\/edureviewer\/\",\"https:\/\/www.linkedin.com\/company\/edureviewercom\/\",\"https:\/\/www.youtube.com\/@EduReviewer\",\"https:\/\/twitter.com\/edureviewer\"],\"logo\":{\"@type\":\"ImageObject\",\"@id\":\"https:\/\/edureviewer.com\/pl\/#logo\",\"inLanguage\":\"pl\",\"url\":\"https:\/\/edureviewer.com\/wp-content\/uploads\/2021\/08\/edureviewer.png\",\"width\":130,\"height\":30,\"caption\":\"EduReviewer\"},\"image\":{\"@id\":\"https:\/\/edureviewer.com\/pl\/#logo\"}},{\"@type\":\"WebSite\",\"@id\":\"https:\/\/edureviewer.com\/pl\/#website\",\"url\":\"https:\/\/edureviewer.com\/pl\/\",\"name\":\"EduReviewer\",\"description\":\"\",\"publisher\":{\"@id\":\"https:\/\/edureviewer.com\/pl\/#organization\"},\"inLanguage\":\"pl\"},{\"@type\":\"ImageObject\",\"@id\":\"https:\/\/edureviewer.com\/pl\/memrise-vs-babbel\/#primaryimage\",\"inLanguage\":\"pl\",\"url\":\"https:\/\/edureviewer.com\/wp-content\/uploads\/2022\/09\/Babbel-vs-Memrise.jpg\",\"width\":720,\"height\":540},{\"@type\":\"WebPage\",\"@id\":\"https:\/\/edureviewer.com\/pl\/memrise-vs-babbel\/#webpage\",\"url\":\"https:\/\/edureviewer.com\/pl\/memrise-vs-babbel\/\",\"name\":\"Babbel vs Memrise: 2026 Por\\u00f3wnanie - EduReviewer\",\"isPartOf\":{\"@id\":\"https:\/\/edureviewer.com\/pl\/#website\"},\"primaryImageOfPage\":{\"@id\":\"https:\/\/edureviewer.com\/pl\/memrise-vs-babbel\/#primaryimage\"},\"datePublished\":\"2022-08-26T13:14:10+00:00\",\"dateModified\":\"2023-05-22T13:53:55+00:00\",\"description\":\"Szukali\\u015bcie aplikacji do nauki j\\u0119zyk\\u00f3w obcych? Mo\\u017cesz przeczyta\\u0107 debat\\u0119 Babbel vs. Memrise, aby zdecydowa\\u0107 jak profesjonalista.\",\"inLanguage\":\"pl\",\"potentialAction\":[{\"@type\":\"ReadAction\",\"target\":[\"https:\/\/edureviewer.com\/pl\/memrise-vs-babbel\/\"]}]}]}<\/script>\n<!-- \/ Yoast SEO plugin. -->","_links":{"self":[{"href":"https:\/\/edureviewer.com\/pl\/wp-json\/wp\/v2\/pages\/109552"}],"collection":[{"href":"https:\/\/edureviewer.com\/pl\/wp-json\/wp\/v2\/pages"}],"about":[{"href":"https:\/\/edureviewer.com\/pl\/wp-json\/wp\/v2\/types\/page"}],"author":[{"embeddable":true,"href":"https:\/\/edureviewer.com\/pl\/wp-json\/wp\/v2\/users\/2"}],"replies":[{"embeddable":true,"href":"https:\/\/edureviewer.com\/pl\/wp-json\/wp\/v2\/comments?post=109552"}],"version-history":[{"count":4,"href":"https:\/\/edureviewer.com\/pl\/wp-json\/wp\/v2\/pages\/109552\/revisions"}],"predecessor-version":[{"id":110101,"href":"https:\/\/edureviewer.com\/pl\/wp-json\/wp\/v2\/pages\/109552\/revisions\/110101"}],"wp:featuredmedia":[{"embeddable":true,"href":"https:\/\/edureviewer.com\/pl\/wp-json\/wp\/v2\/media\/54563"}],"wp:attachment":[{"href":"https:\/\/edureviewer.com\/pl\/wp-json\/wp\/v2\/media?parent=109552"}],"curies":[{"name":"wp","href":"https:\/\/api.w.org\/{rel}","templated":true}]}}