{"id":114048,"date":"2023-05-31T15:27:38","date_gmt":"2023-05-31T12:27:38","guid":{"rendered":"https:\/\/edureviewer.com\/best-online-learning-platforms\/"},"modified":"2023-10-18T15:14:47","modified_gmt":"2023-10-18T12:14:47","slug":"best-online-learning-platforms","status":"publish","type":"page","link":"https:\/\/edureviewer.com\/nl\/beste-online-cursussen\/","title":{"rendered":"De bedste online l\u00e6ringsplatforme"},"content":{"rendered":"","protected":false},"excerpt":{"rendered":"","protected":false},"author":2,"featured_media":113622,"parent":0,"menu_order":0,"comment_status":"closed","ping_status":"closed","template":"template-top.php","meta":[],"acf":[],"yoast_head":"<!-- This site is optimized with the Yoast SEO plugin v15.5 - https:\/\/yoast.com\/wordpress\/plugins\/seo\/ -->\n<title>Beste online cursussen in 2026 - EduReviewer<\/title>\n<meta name=\"description\" content=\"Udforsk apps, der \u00e6ndrer den m\u00e5de, voksne l\u00e6rer sprog p\u00e5. Mens vi fokuserer p\u00e5 spansk, kan du finde de bedste platforme til eLearning her.\" \/>\n<meta name=\"robots\" content=\"index, follow, max-snippet:-1, max-image-preview:large, max-video-preview:-1\" \/>\n<link rel=\"canonical\" href=\"https:\/\/edureviewer.com\/nl\/beste-online-cursussen\/\" \/>\n<meta property=\"og:locale\" content=\"nl_NL\" \/>\n<meta property=\"og:type\" content=\"article\" \/>\n<meta property=\"og:title\" content=\"Beste online cursussen in 2026 - EduReviewer\" \/>\n<meta property=\"og:description\" content=\"Udforsk apps, der \u00e6ndrer den m\u00e5de, voksne l\u00e6rer sprog p\u00e5. Mens vi fokuserer p\u00e5 spansk, kan du finde de bedste platforme til eLearning her.\" \/>\n<meta property=\"og:url\" content=\"https:\/\/edureviewer.com\/nl\/beste-online-cursussen\/\" \/>\n<meta property=\"og:site_name\" content=\"EduReviewer\" \/>\n<meta property=\"article:publisher\" content=\"https:\/\/www.facebook.com\/EduReviewer\" \/>\n<meta property=\"article:modified_time\" content=\"2023-10-18T12:14:47+00:00\" \/>\n<meta property=\"og:image\" content=\"https:\/\/edureviewer.com\/wp-content\/uploads\/2023\/06\/best-MOOC-platforms.jpg\" \/>\n\t<meta property=\"og:image:width\" content=\"800\" \/>\n\t<meta property=\"og:image:height\" content=\"476\" \/>\n<meta name=\"twitter:card\" content=\"summary_large_image\" \/>\n<meta name=\"twitter:site\" content=\"@edureviewer\" \/>\n<script type=\"application\/ld+json\" class=\"yoast-schema-graph\">{\"@context\":\"https:\/\/schema.org\",\"@graph\":[{\"@type\":\"Organization\",\"@id\":\"https:\/\/edureviewer.com\/nl\/#organization\",\"name\":\"EduReviewer\",\"url\":\"https:\/\/edureviewer.com\/nl\/\",\"sameAs\":[\"https:\/\/www.facebook.com\/EduReviewer\",\"https:\/\/www.instagram.com\/edureviewer\/\",\"https:\/\/www.linkedin.com\/company\/edureviewercom\/\",\"https:\/\/www.youtube.com\/@EduReviewer\",\"https:\/\/twitter.com\/edureviewer\"],\"logo\":{\"@type\":\"ImageObject\",\"@id\":\"https:\/\/edureviewer.com\/nl\/#logo\",\"inLanguage\":\"nl\",\"url\":\"https:\/\/edureviewer.com\/wp-content\/uploads\/2021\/08\/edureviewer.png\",\"width\":130,\"height\":30,\"caption\":\"EduReviewer\"},\"image\":{\"@id\":\"https:\/\/edureviewer.com\/nl\/#logo\"}},{\"@type\":\"WebSite\",\"@id\":\"https:\/\/edureviewer.com\/nl\/#website\",\"url\":\"https:\/\/edureviewer.com\/nl\/\",\"name\":\"EduReviewer\",\"description\":\"\",\"publisher\":{\"@id\":\"https:\/\/edureviewer.com\/nl\/#organization\"},\"inLanguage\":\"nl\"},{\"@type\":\"ImageObject\",\"@id\":\"https:\/\/edureviewer.com\/nl\/beste-online-cursussen\/#primaryimage\",\"inLanguage\":\"nl\",\"url\":\"https:\/\/edureviewer.com\/wp-content\/uploads\/2023\/06\/best-MOOC-platforms.jpg\",\"width\":800,\"height\":476,\"caption\":\"best remote learning platforms online\"},{\"@type\":\"WebPage\",\"@id\":\"https:\/\/edureviewer.com\/nl\/beste-online-cursussen\/#webpage\",\"url\":\"https:\/\/edureviewer.com\/nl\/beste-online-cursussen\/\",\"name\":\"Beste online cursussen in 2026 - EduReviewer\",\"isPartOf\":{\"@id\":\"https:\/\/edureviewer.com\/nl\/#website\"},\"primaryImageOfPage\":{\"@id\":\"https:\/\/edureviewer.com\/nl\/beste-online-cursussen\/#primaryimage\"},\"datePublished\":\"2023-05-31T12:27:38+00:00\",\"dateModified\":\"2023-10-18T12:14:47+00:00\",\"description\":\"Udforsk apps, der \\u00e6ndrer den m\\u00e5de, voksne l\\u00e6rer sprog p\\u00e5. Mens vi fokuserer p\\u00e5 spansk, kan du finde de bedste platforme til eLearning her.\",\"inLanguage\":\"nl\",\"potentialAction\":[{\"@type\":\"ReadAction\",\"target\":[\"https:\/\/edureviewer.com\/nl\/beste-online-cursussen\/\"]}]}]}<\/script>\n<!-- \/ Yoast SEO plugin. -->","_links":{"self":[{"href":"https:\/\/edureviewer.com\/nl\/wp-json\/wp\/v2\/pages\/114048"}],"collection":[{"href":"https:\/\/edureviewer.com\/nl\/wp-json\/wp\/v2\/pages"}],"about":[{"href":"https:\/\/edureviewer.com\/nl\/wp-json\/wp\/v2\/types\/page"}],"author":[{"embeddable":true,"href":"https:\/\/edureviewer.com\/nl\/wp-json\/wp\/v2\/users\/2"}],"replies":[{"embeddable":true,"href":"https:\/\/edureviewer.com\/nl\/wp-json\/wp\/v2\/comments?post=114048"}],"version-history":[{"count":6,"href":"https:\/\/edureviewer.com\/nl\/wp-json\/wp\/v2\/pages\/114048\/revisions"}],"predecessor-version":[{"id":128817,"href":"https:\/\/edureviewer.com\/nl\/wp-json\/wp\/v2\/pages\/114048\/revisions\/128817"}],"wp:featuredmedia":[{"embeddable":true,"href":"https:\/\/edureviewer.com\/nl\/wp-json\/wp\/v2\/media\/113622"}],"wp:attachment":[{"href":"https:\/\/edureviewer.com\/nl\/wp-json\/wp\/v2\/media?parent=114048"}],"curies":[{"name":"wp","href":"https:\/\/api.w.org\/{rel}","templated":true}]}}