{"id":114463,"date":"2023-03-06T16:20:48","date_gmt":"2023-03-06T13:20:48","guid":{"rendered":"https:\/\/edureviewer.com\/best-online-learning-platforms-like-udemy\/"},"modified":"2024-09-12T01:38:13","modified_gmt":"2024-09-11T22:38:13","slug":"alternatives-udemy","status":"publish","type":"page","link":"https:\/\/edureviewer.com\/fr\/alternatives-udemy\/","title":{"rendered":"Les Meilleures Plateformes D\u2019Apprentissage en Ligne Comme Udemy"},"content":{"rendered":"","protected":false},"excerpt":{"rendered":"","protected":false},"author":2,"featured_media":106560,"parent":0,"menu_order":0,"comment_status":"closed","ping_status":"closed","template":"template-top.php","meta":[],"acf":[],"yoast_head":"<!-- This site is optimized with the Yoast SEO plugin v15.5 - https:\/\/yoast.com\/wordpress\/plugins\/seo\/ -->\n<title>Sites comme Udemy: Meilleures alternatives en 2026 - EduReviewer<\/title>\n<meta name=\"description\" content=\"Revue professionnelle des alternatives \u00e0 Udemy. Les meilleurs sites comme Udemy. Trouver l&#039;application eLearning la plus appropri\u00e9e. Avantages et inconv\u00e9nients des alternatives \u00e0 Udemy.\" \/>\n<meta name=\"robots\" content=\"index, follow, max-snippet:-1, max-image-preview:large, max-video-preview:-1\" \/>\n<link rel=\"canonical\" href=\"https:\/\/edureviewer.com\/fr\/alternatives-udemy\/\" \/>\n<meta property=\"og:locale\" content=\"fr_FR\" \/>\n<meta property=\"og:type\" content=\"article\" \/>\n<meta property=\"og:title\" content=\"Sites comme Udemy: Meilleures alternatives en 2026 - EduReviewer\" \/>\n<meta property=\"og:description\" content=\"Revue professionnelle des alternatives \u00e0 Udemy. Les meilleurs sites comme Udemy. Trouver l&#039;application eLearning la plus appropri\u00e9e. Avantages et inconv\u00e9nients des alternatives \u00e0 Udemy.\" \/>\n<meta property=\"og:url\" content=\"https:\/\/edureviewer.com\/fr\/alternatives-udemy\/\" \/>\n<meta property=\"og:site_name\" content=\"EduReviewer\" \/>\n<meta property=\"article:publisher\" content=\"https:\/\/www.facebook.com\/EduReviewer\" \/>\n<meta property=\"article:modified_time\" content=\"2024-09-11T22:38:13+00:00\" \/>\n<meta property=\"og:image\" content=\"https:\/\/edureviewer.com\/wp-content\/uploads\/2023\/03\/sites-like-udemy.jpg\" \/>\n\t<meta property=\"og:image:width\" content=\"800\" \/>\n\t<meta property=\"og:image:height\" content=\"498\" \/>\n<meta name=\"twitter:card\" content=\"summary_large_image\" \/>\n<meta name=\"twitter:site\" content=\"@edureviewer\" \/>\n<script type=\"application\/ld+json\" class=\"yoast-schema-graph\">{\"@context\":\"https:\/\/schema.org\",\"@graph\":[{\"@type\":\"Organization\",\"@id\":\"https:\/\/edureviewer.com\/fr\/#organization\",\"name\":\"EduReviewer\",\"url\":\"https:\/\/edureviewer.com\/fr\/\",\"sameAs\":[\"https:\/\/www.facebook.com\/EduReviewer\",\"https:\/\/www.instagram.com\/edureviewer\/\",\"https:\/\/www.linkedin.com\/company\/edureviewercom\/\",\"https:\/\/www.youtube.com\/@EduReviewer\",\"https:\/\/twitter.com\/edureviewer\"],\"logo\":{\"@type\":\"ImageObject\",\"@id\":\"https:\/\/edureviewer.com\/fr\/#logo\",\"inLanguage\":\"fr\",\"url\":\"https:\/\/edureviewer.com\/wp-content\/uploads\/2021\/08\/edureviewer.png\",\"width\":130,\"height\":30,\"caption\":\"EduReviewer\"},\"image\":{\"@id\":\"https:\/\/edureviewer.com\/fr\/#logo\"}},{\"@type\":\"WebSite\",\"@id\":\"https:\/\/edureviewer.com\/fr\/#website\",\"url\":\"https:\/\/edureviewer.com\/fr\/\",\"name\":\"EduReviewer\",\"description\":\"\",\"publisher\":{\"@id\":\"https:\/\/edureviewer.com\/fr\/#organization\"},\"inLanguage\":\"fr\"},{\"@type\":\"ImageObject\",\"@id\":\"https:\/\/edureviewer.com\/fr\/alternatives-udemy\/#primaryimage\",\"inLanguage\":\"fr\",\"url\":\"https:\/\/edureviewer.com\/wp-content\/uploads\/2023\/03\/sites-like-udemy.jpg\",\"width\":800,\"height\":498},{\"@type\":\"WebPage\",\"@id\":\"https:\/\/edureviewer.com\/fr\/alternatives-udemy\/#webpage\",\"url\":\"https:\/\/edureviewer.com\/fr\/alternatives-udemy\/\",\"name\":\"Sites comme Udemy: Meilleures alternatives en 2026 - EduReviewer\",\"isPartOf\":{\"@id\":\"https:\/\/edureviewer.com\/fr\/#website\"},\"primaryImageOfPage\":{\"@id\":\"https:\/\/edureviewer.com\/fr\/alternatives-udemy\/#primaryimage\"},\"datePublished\":\"2023-03-06T13:20:48+00:00\",\"dateModified\":\"2024-09-11T22:38:13+00:00\",\"description\":\"Revue professionnelle des alternatives \\u00e0 Udemy. Les meilleurs sites comme Udemy. Trouver l'application eLearning la plus appropri\\u00e9e. Avantages et inconv\\u00e9nients des alternatives \\u00e0 Udemy.\",\"inLanguage\":\"fr\",\"potentialAction\":[{\"@type\":\"ReadAction\",\"target\":[\"https:\/\/edureviewer.com\/fr\/alternatives-udemy\/\"]}]}]}<\/script>\n<!-- \/ Yoast SEO plugin. -->","_links":{"self":[{"href":"https:\/\/edureviewer.com\/fr\/wp-json\/wp\/v2\/pages\/114463"}],"collection":[{"href":"https:\/\/edureviewer.com\/fr\/wp-json\/wp\/v2\/pages"}],"about":[{"href":"https:\/\/edureviewer.com\/fr\/wp-json\/wp\/v2\/types\/page"}],"author":[{"embeddable":true,"href":"https:\/\/edureviewer.com\/fr\/wp-json\/wp\/v2\/users\/2"}],"replies":[{"embeddable":true,"href":"https:\/\/edureviewer.com\/fr\/wp-json\/wp\/v2\/comments?post=114463"}],"version-history":[{"count":7,"href":"https:\/\/edureviewer.com\/fr\/wp-json\/wp\/v2\/pages\/114463\/revisions"}],"predecessor-version":[{"id":148630,"href":"https:\/\/edureviewer.com\/fr\/wp-json\/wp\/v2\/pages\/114463\/revisions\/148630"}],"wp:featuredmedia":[{"embeddable":true,"href":"https:\/\/edureviewer.com\/fr\/wp-json\/wp\/v2\/media\/106560"}],"wp:attachment":[{"href":"https:\/\/edureviewer.com\/fr\/wp-json\/wp\/v2\/media?parent=114463"}],"curies":[{"name":"wp","href":"https:\/\/api.w.org\/{rel}","templated":true}]}}