{"id":114461,"date":"2023-03-06T18:26:07","date_gmt":"2023-03-06T15:26:07","guid":{"rendered":"https:\/\/edureviewer.com\/homework-help-sites-like-chegg-find-your-alternative\/"},"modified":"2025-07-03T14:43:26","modified_gmt":"2025-07-03T11:43:26","slug":"alternatives-chegg-study","status":"publish","type":"page","link":"https:\/\/edureviewer.com\/fr\/alternatives-chegg-study\/","title":{"rendered":"Sites D\u2019Aide Aux Devoirs Comme Chegg: Trouvez Votre Alternative"},"content":{"rendered":"","protected":false},"excerpt":{"rendered":"","protected":false},"author":2,"featured_media":106628,"parent":0,"menu_order":0,"comment_status":"closed","ping_status":"closed","template":"template-top.php","meta":[],"acf":[],"yoast_head":"<!-- This site is optimized with the Yoast SEO plugin v15.5 - https:\/\/yoast.com\/wordpress\/plugins\/seo\/ -->\n<title>Sites web comme Chegg Homework Help: 2026 - EduReviewer<\/title>\n<meta name=\"description\" content=\"L&#039;\u00e9tude fournit une vue d&#039;ensemble d\u00e9taill\u00e9e des sites \u00e9ducatifs tels que Chegg et de leurs meilleures alternatives. Elle contient \u00e9galement des avis d&#039;utilisateurs sur chaque application.\" \/>\n<meta name=\"robots\" content=\"index, follow, max-snippet:-1, max-image-preview:large, max-video-preview:-1\" \/>\n<link rel=\"canonical\" href=\"https:\/\/edureviewer.com\/fr\/alternatives-chegg-study\/\" \/>\n<meta property=\"og:locale\" content=\"fr_FR\" \/>\n<meta property=\"og:type\" content=\"article\" \/>\n<meta property=\"og:title\" content=\"Sites web comme Chegg Homework Help: 2026 - EduReviewer\" \/>\n<meta property=\"og:description\" content=\"L&#039;\u00e9tude fournit une vue d&#039;ensemble d\u00e9taill\u00e9e des sites \u00e9ducatifs tels que Chegg et de leurs meilleures alternatives. Elle contient \u00e9galement des avis d&#039;utilisateurs sur chaque application.\" \/>\n<meta property=\"og:url\" content=\"https:\/\/edureviewer.com\/fr\/alternatives-chegg-study\/\" \/>\n<meta property=\"og:site_name\" content=\"EduReviewer\" \/>\n<meta property=\"article:publisher\" content=\"https:\/\/www.facebook.com\/EduReviewer\" \/>\n<meta property=\"article:modified_time\" content=\"2025-07-03T11:43:26+00:00\" \/>\n<meta property=\"og:image\" content=\"https:\/\/edureviewer.com\/wp-content\/uploads\/2023\/03\/sites-like-chegg-homework-help.jpg\" \/>\n\t<meta property=\"og:image:width\" content=\"800\" \/>\n\t<meta property=\"og:image:height\" content=\"495\" \/>\n<meta name=\"twitter:card\" content=\"summary_large_image\" \/>\n<meta name=\"twitter:site\" content=\"@edureviewer\" \/>\n<script type=\"application\/ld+json\" class=\"yoast-schema-graph\">{\"@context\":\"https:\/\/schema.org\",\"@graph\":[{\"@type\":\"Organization\",\"@id\":\"https:\/\/edureviewer.com\/fr\/#organization\",\"name\":\"EduReviewer\",\"url\":\"https:\/\/edureviewer.com\/fr\/\",\"sameAs\":[\"https:\/\/www.facebook.com\/EduReviewer\",\"https:\/\/www.instagram.com\/edureviewer\/\",\"https:\/\/www.linkedin.com\/company\/edureviewercom\/\",\"https:\/\/www.youtube.com\/@EduReviewer\",\"https:\/\/twitter.com\/edureviewer\"],\"logo\":{\"@type\":\"ImageObject\",\"@id\":\"https:\/\/edureviewer.com\/fr\/#logo\",\"inLanguage\":\"fr\",\"url\":\"https:\/\/edureviewer.com\/wp-content\/uploads\/2021\/08\/edureviewer.png\",\"width\":130,\"height\":30,\"caption\":\"EduReviewer\"},\"image\":{\"@id\":\"https:\/\/edureviewer.com\/fr\/#logo\"}},{\"@type\":\"WebSite\",\"@id\":\"https:\/\/edureviewer.com\/fr\/#website\",\"url\":\"https:\/\/edureviewer.com\/fr\/\",\"name\":\"EduReviewer\",\"description\":\"\",\"publisher\":{\"@id\":\"https:\/\/edureviewer.com\/fr\/#organization\"},\"inLanguage\":\"fr\"},{\"@type\":\"ImageObject\",\"@id\":\"https:\/\/edureviewer.com\/fr\/alternatives-chegg-study\/#primaryimage\",\"inLanguage\":\"fr\",\"url\":\"https:\/\/edureviewer.com\/wp-content\/uploads\/2023\/03\/sites-like-chegg-homework-help.jpg\",\"width\":800,\"height\":495},{\"@type\":\"WebPage\",\"@id\":\"https:\/\/edureviewer.com\/fr\/alternatives-chegg-study\/#webpage\",\"url\":\"https:\/\/edureviewer.com\/fr\/alternatives-chegg-study\/\",\"name\":\"Sites web comme Chegg Homework Help: 2026 - EduReviewer\",\"isPartOf\":{\"@id\":\"https:\/\/edureviewer.com\/fr\/#website\"},\"primaryImageOfPage\":{\"@id\":\"https:\/\/edureviewer.com\/fr\/alternatives-chegg-study\/#primaryimage\"},\"datePublished\":\"2023-03-06T15:26:07+00:00\",\"dateModified\":\"2025-07-03T11:43:26+00:00\",\"description\":\"L'\\u00e9tude fournit une vue d'ensemble d\\u00e9taill\\u00e9e des sites \\u00e9ducatifs tels que Chegg et de leurs meilleures alternatives. Elle contient \\u00e9galement des avis d'utilisateurs sur chaque application.\",\"inLanguage\":\"fr\",\"potentialAction\":[{\"@type\":\"ReadAction\",\"target\":[\"https:\/\/edureviewer.com\/fr\/alternatives-chegg-study\/\"]}]}]}<\/script>\n<!-- \/ Yoast SEO plugin. -->","_links":{"self":[{"href":"https:\/\/edureviewer.com\/fr\/wp-json\/wp\/v2\/pages\/114461"}],"collection":[{"href":"https:\/\/edureviewer.com\/fr\/wp-json\/wp\/v2\/pages"}],"about":[{"href":"https:\/\/edureviewer.com\/fr\/wp-json\/wp\/v2\/types\/page"}],"author":[{"embeddable":true,"href":"https:\/\/edureviewer.com\/fr\/wp-json\/wp\/v2\/users\/2"}],"replies":[{"embeddable":true,"href":"https:\/\/edureviewer.com\/fr\/wp-json\/wp\/v2\/comments?post=114461"}],"version-history":[{"count":7,"href":"https:\/\/edureviewer.com\/fr\/wp-json\/wp\/v2\/pages\/114461\/revisions"}],"predecessor-version":[{"id":146598,"href":"https:\/\/edureviewer.com\/fr\/wp-json\/wp\/v2\/pages\/114461\/revisions\/146598"}],"wp:featuredmedia":[{"embeddable":true,"href":"https:\/\/edureviewer.com\/fr\/wp-json\/wp\/v2\/media\/106628"}],"wp:attachment":[{"href":"https:\/\/edureviewer.com\/fr\/wp-json\/wp\/v2\/media?parent=114461"}],"curies":[{"name":"wp","href":"https:\/\/api.w.org\/{rel}","templated":true}]}}