{"id":114458,"date":"2023-03-06T17:30:08","date_gmt":"2023-03-06T14:30:08","guid":{"rendered":"https:\/\/edureviewer.com\/applications-like-grammarly-find-your-alternatives\/"},"modified":"2024-09-12T01:37:09","modified_gmt":"2024-09-11T22:37:09","slug":"alternatives-grammarly","status":"publish","type":"page","link":"https:\/\/edureviewer.com\/fr\/alternatives-grammarly\/","title":{"rendered":"Applications comme Grammarly: Trouver des alternatives"},"content":{"rendered":"","protected":false},"excerpt":{"rendered":"","protected":false},"author":2,"featured_media":106599,"parent":0,"menu_order":0,"comment_status":"closed","ping_status":"closed","template":"template-top.php","meta":[],"acf":[],"yoast_head":"<!-- This site is optimized with the Yoast SEO plugin v15.5 - https:\/\/yoast.com\/wordpress\/plugins\/seo\/ -->\n<title>Sites web comme Grammarly: Outils alternatifs en 2026 - EduReviewer<\/title>\n<meta name=\"description\" content=\"L&#039;\u00e9tude pr\u00e9sente une analyse approfondie de sites tels que Grammarly et de leurs meilleures alternatives. Elle pr\u00e9sente les commentaires des utilisateurs pour chaque application.\" \/>\n<meta name=\"robots\" content=\"index, follow, max-snippet:-1, max-image-preview:large, max-video-preview:-1\" \/>\n<link rel=\"canonical\" href=\"https:\/\/edureviewer.com\/fr\/alternatives-grammarly\/\" \/>\n<meta property=\"og:locale\" content=\"fr_FR\" \/>\n<meta property=\"og:type\" content=\"article\" \/>\n<meta property=\"og:title\" content=\"Sites web comme Grammarly: Outils alternatifs en 2026 - EduReviewer\" \/>\n<meta property=\"og:description\" content=\"L&#039;\u00e9tude pr\u00e9sente une analyse approfondie de sites tels que Grammarly et de leurs meilleures alternatives. Elle pr\u00e9sente les commentaires des utilisateurs pour chaque application.\" \/>\n<meta property=\"og:url\" content=\"https:\/\/edureviewer.com\/fr\/alternatives-grammarly\/\" \/>\n<meta property=\"og:site_name\" content=\"EduReviewer\" \/>\n<meta property=\"article:publisher\" content=\"https:\/\/www.facebook.com\/EduReviewer\" \/>\n<meta property=\"article:modified_time\" content=\"2024-09-11T22:37:09+00:00\" \/>\n<meta property=\"og:image\" content=\"https:\/\/edureviewer.com\/wp-content\/uploads\/2023\/03\/sites-like-grammarly.jpg\" \/>\n\t<meta property=\"og:image:width\" content=\"800\" \/>\n\t<meta property=\"og:image:height\" content=\"499\" \/>\n<meta name=\"twitter:card\" content=\"summary_large_image\" \/>\n<meta name=\"twitter:site\" content=\"@edureviewer\" \/>\n<script type=\"application\/ld+json\" class=\"yoast-schema-graph\">{\"@context\":\"https:\/\/schema.org\",\"@graph\":[{\"@type\":\"Organization\",\"@id\":\"https:\/\/edureviewer.com\/fr\/#organization\",\"name\":\"EduReviewer\",\"url\":\"https:\/\/edureviewer.com\/fr\/\",\"sameAs\":[\"https:\/\/www.facebook.com\/EduReviewer\",\"https:\/\/www.instagram.com\/edureviewer\/\",\"https:\/\/www.linkedin.com\/company\/edureviewercom\/\",\"https:\/\/www.youtube.com\/@EduReviewer\",\"https:\/\/twitter.com\/edureviewer\"],\"logo\":{\"@type\":\"ImageObject\",\"@id\":\"https:\/\/edureviewer.com\/fr\/#logo\",\"inLanguage\":\"fr\",\"url\":\"https:\/\/edureviewer.com\/wp-content\/uploads\/2021\/08\/edureviewer.png\",\"width\":130,\"height\":30,\"caption\":\"EduReviewer\"},\"image\":{\"@id\":\"https:\/\/edureviewer.com\/fr\/#logo\"}},{\"@type\":\"WebSite\",\"@id\":\"https:\/\/edureviewer.com\/fr\/#website\",\"url\":\"https:\/\/edureviewer.com\/fr\/\",\"name\":\"EduReviewer\",\"description\":\"\",\"publisher\":{\"@id\":\"https:\/\/edureviewer.com\/fr\/#organization\"},\"inLanguage\":\"fr\"},{\"@type\":\"ImageObject\",\"@id\":\"https:\/\/edureviewer.com\/fr\/alternatives-grammarly\/#primaryimage\",\"inLanguage\":\"fr\",\"url\":\"https:\/\/edureviewer.com\/wp-content\/uploads\/2023\/03\/sites-like-grammarly.jpg\",\"width\":800,\"height\":499},{\"@type\":\"WebPage\",\"@id\":\"https:\/\/edureviewer.com\/fr\/alternatives-grammarly\/#webpage\",\"url\":\"https:\/\/edureviewer.com\/fr\/alternatives-grammarly\/\",\"name\":\"Sites web comme Grammarly: Outils alternatifs en 2026 - EduReviewer\",\"isPartOf\":{\"@id\":\"https:\/\/edureviewer.com\/fr\/#website\"},\"primaryImageOfPage\":{\"@id\":\"https:\/\/edureviewer.com\/fr\/alternatives-grammarly\/#primaryimage\"},\"datePublished\":\"2023-03-06T14:30:08+00:00\",\"dateModified\":\"2024-09-11T22:37:09+00:00\",\"description\":\"L'\\u00e9tude pr\\u00e9sente une analyse approfondie de sites tels que Grammarly et de leurs meilleures alternatives. Elle pr\\u00e9sente les commentaires des utilisateurs pour chaque application.\",\"inLanguage\":\"fr\",\"potentialAction\":[{\"@type\":\"ReadAction\",\"target\":[\"https:\/\/edureviewer.com\/fr\/alternatives-grammarly\/\"]}]}]}<\/script>\n<!-- \/ Yoast SEO plugin. -->","_links":{"self":[{"href":"https:\/\/edureviewer.com\/fr\/wp-json\/wp\/v2\/pages\/114458"}],"collection":[{"href":"https:\/\/edureviewer.com\/fr\/wp-json\/wp\/v2\/pages"}],"about":[{"href":"https:\/\/edureviewer.com\/fr\/wp-json\/wp\/v2\/types\/page"}],"author":[{"embeddable":true,"href":"https:\/\/edureviewer.com\/fr\/wp-json\/wp\/v2\/users\/2"}],"replies":[{"embeddable":true,"href":"https:\/\/edureviewer.com\/fr\/wp-json\/wp\/v2\/comments?post=114458"}],"version-history":[{"count":23,"href":"https:\/\/edureviewer.com\/fr\/wp-json\/wp\/v2\/pages\/114458\/revisions"}],"predecessor-version":[{"id":148629,"href":"https:\/\/edureviewer.com\/fr\/wp-json\/wp\/v2\/pages\/114458\/revisions\/148629"}],"wp:featuredmedia":[{"embeddable":true,"href":"https:\/\/edureviewer.com\/fr\/wp-json\/wp\/v2\/media\/106599"}],"wp:attachment":[{"href":"https:\/\/edureviewer.com\/fr\/wp-json\/wp\/v2\/media?parent=114458"}],"curies":[{"name":"wp","href":"https:\/\/api.w.org\/{rel}","templated":true}]}}