{"id":109982,"date":"2020-04-08T16:51:00","date_gmt":"2020-04-08T13:51:00","guid":{"rendered":"https:\/\/edureviewer.com\/homepage\/"},"modified":"2023-06-23T14:39:53","modified_gmt":"2023-06-23T11:39:53","slug":"homepage","status":"publish","type":"page","link":"https:\/\/edureviewer.com\/fr\/","title":{"rendered":"MEILLEUR EXAMEN DES SERVICES DE CARRI\u00c8RE ET D&#8217;\u00c9DUCATION"},"content":{"rendered":"","protected":false},"excerpt":{"rendered":"","protected":false},"author":1,"featured_media":0,"parent":0,"menu_order":0,"comment_status":"closed","ping_status":"closed","template":"page-home-er.php","meta":[],"acf":[],"yoast_head":"<!-- This site is optimized with the Yoast SEO plugin v15.5 - https:\/\/yoast.com\/wordpress\/plugins\/seo\/ -->\n<title>Meilleurs services de carri\u00e8re et d&#039;\u00e9ducation | 2026 | EduReviewer<\/title>\n<meta name=\"description\" content=\"Des \u00e9tablissements d&#039;enseignement fiables ? Jetez un coup d&#039;\u0153il \u00e0 nos critiques des meilleurs services d&#039;enseignement et de r\u00e9daction.\" \/>\n<meta name=\"robots\" content=\"index, follow, max-snippet:-1, max-image-preview:large, max-video-preview:-1\" \/>\n<link rel=\"canonical\" href=\"https:\/\/edureviewer.com\/fr\/\" \/>\n<meta property=\"og:locale\" content=\"fr_FR\" \/>\n<meta property=\"og:type\" content=\"article\" \/>\n<meta property=\"og:title\" content=\"Meilleurs services de carri\u00e8re et d&#039;\u00e9ducation | 2026 | EduReviewer\" \/>\n<meta property=\"og:description\" content=\"Des \u00e9tablissements d&#039;enseignement fiables ? Jetez un coup d&#039;\u0153il \u00e0 nos critiques des meilleurs services d&#039;enseignement et de r\u00e9daction.\" \/>\n<meta property=\"og:url\" content=\"https:\/\/edureviewer.com\/fr\/\" \/>\n<meta property=\"og:site_name\" content=\"EduReviewer\" \/>\n<meta property=\"article:publisher\" content=\"https:\/\/www.facebook.com\/EduReviewer\" \/>\n<meta property=\"article:modified_time\" content=\"2023-06-23T11:39:53+00:00\" \/>\n<meta name=\"twitter:card\" content=\"summary_large_image\" \/>\n<meta name=\"twitter:site\" content=\"@edureviewer\" \/>\n<script type=\"application\/ld+json\" class=\"yoast-schema-graph\">{\"@context\":\"https:\/\/schema.org\",\"@graph\":[{\"@type\":\"Organization\",\"@id\":\"https:\/\/edureviewer.com\/fr\/#organization\",\"name\":\"EduReviewer\",\"url\":\"https:\/\/edureviewer.com\/fr\/\",\"sameAs\":[\"https:\/\/www.facebook.com\/EduReviewer\",\"https:\/\/www.instagram.com\/edureviewer\/\",\"https:\/\/www.linkedin.com\/company\/edureviewercom\/\",\"https:\/\/www.youtube.com\/@EduReviewer\",\"https:\/\/twitter.com\/edureviewer\"],\"logo\":{\"@type\":\"ImageObject\",\"@id\":\"https:\/\/edureviewer.com\/fr\/#logo\",\"inLanguage\":\"fr\",\"url\":\"https:\/\/edureviewer.com\/wp-content\/uploads\/2021\/08\/edureviewer.png\",\"width\":130,\"height\":30,\"caption\":\"EduReviewer\"},\"image\":{\"@id\":\"https:\/\/edureviewer.com\/fr\/#logo\"}},{\"@type\":\"WebSite\",\"@id\":\"https:\/\/edureviewer.com\/fr\/#website\",\"url\":\"https:\/\/edureviewer.com\/fr\/\",\"name\":\"EduReviewer\",\"description\":\"\",\"publisher\":{\"@id\":\"https:\/\/edureviewer.com\/fr\/#organization\"},\"inLanguage\":\"fr\"},{\"@type\":\"WebPage\",\"@id\":\"https:\/\/edureviewer.com\/fr\/#webpage\",\"url\":\"https:\/\/edureviewer.com\/fr\/\",\"name\":\"Meilleurs services de carri\\u00e8re et d'\\u00e9ducation | 2026 | EduReviewer\",\"isPartOf\":{\"@id\":\"https:\/\/edureviewer.com\/fr\/#website\"},\"datePublished\":\"2020-04-08T13:51:00+00:00\",\"dateModified\":\"2023-06-23T11:39:53+00:00\",\"description\":\"Des \\u00e9tablissements d'enseignement fiables ? Jetez un coup d'\\u0153il \\u00e0 nos critiques des meilleurs services d'enseignement et de r\\u00e9daction.\",\"inLanguage\":\"fr\",\"potentialAction\":[{\"@type\":\"ReadAction\",\"target\":[\"https:\/\/edureviewer.com\/fr\/\"]}]}]}<\/script>\n<!-- \/ Yoast SEO plugin. -->","_links":{"self":[{"href":"https:\/\/edureviewer.com\/fr\/wp-json\/wp\/v2\/pages\/109982"}],"collection":[{"href":"https:\/\/edureviewer.com\/fr\/wp-json\/wp\/v2\/pages"}],"about":[{"href":"https:\/\/edureviewer.com\/fr\/wp-json\/wp\/v2\/types\/page"}],"author":[{"embeddable":true,"href":"https:\/\/edureviewer.com\/fr\/wp-json\/wp\/v2\/users\/1"}],"replies":[{"embeddable":true,"href":"https:\/\/edureviewer.com\/fr\/wp-json\/wp\/v2\/comments?post=109982"}],"version-history":[{"count":4,"href":"https:\/\/edureviewer.com\/fr\/wp-json\/wp\/v2\/pages\/109982\/revisions"}],"predecessor-version":[{"id":109989,"href":"https:\/\/edureviewer.com\/fr\/wp-json\/wp\/v2\/pages\/109982\/revisions\/109989"}],"wp:attachment":[{"href":"https:\/\/edureviewer.com\/fr\/wp-json\/wp\/v2\/media?parent=109982"}],"curies":[{"name":"wp","href":"https:\/\/api.w.org\/{rel}","templated":true}]}}