{"id":113887,"date":"2022-09-02T16:13:55","date_gmt":"2022-09-02T13:13:55","guid":{"rendered":"https:\/\/edureviewer.com\/ginger-software-vs-grammarly\/"},"modified":"2024-09-12T01:32:56","modified_gmt":"2024-09-11T22:32:56","slug":"grammarly-vs-ginger-software","status":"publish","type":"page","link":"https:\/\/edureviewer.com\/fi\/grammarly-tai-ginger-software\/","title":{"rendered":"Ginger Software vs Grammarly: Kumpi ty\u00f6kalu on parempi?"},"content":{"rendered":"","protected":false},"excerpt":{"rendered":"","protected":false},"author":2,"featured_media":95068,"parent":0,"menu_order":0,"comment_status":"closed","ping_status":"closed","template":"template-top.php","meta":[],"acf":[],"yoast_head":"<!-- This site is optimized with the Yoast SEO plugin v15.5 - https:\/\/yoast.com\/wordpress\/plugins\/seo\/ -->\n<title>Grammarly vs. Ginger: Kumpi on hy\u00f6dyllisempi? - EduReviewer<\/title>\n<meta name=\"description\" content=\"Mietitk\u00f6, kummassa on parhaat ominaisuudet, Grammarlyss\u00e4 vai Gingeriss\u00e4? Lue artikkelistamme yksityiskohtainen arvostelu ja ota selv\u00e4\u00e4!\" \/>\n<meta name=\"robots\" content=\"index, follow, max-snippet:-1, max-image-preview:large, max-video-preview:-1\" \/>\n<link rel=\"canonical\" href=\"https:\/\/edureviewer.com\/fi\/grammarly-tai-ginger-software\/\" \/>\n<meta property=\"og:locale\" content=\"fi_FI\" \/>\n<meta property=\"og:type\" content=\"article\" \/>\n<meta property=\"og:title\" content=\"Grammarly vs. Ginger: Kumpi on hy\u00f6dyllisempi? - EduReviewer\" \/>\n<meta property=\"og:description\" content=\"Mietitk\u00f6, kummassa on parhaat ominaisuudet, Grammarlyss\u00e4 vai Gingeriss\u00e4? Lue artikkelistamme yksityiskohtainen arvostelu ja ota selv\u00e4\u00e4!\" \/>\n<meta property=\"og:url\" content=\"https:\/\/edureviewer.com\/fi\/grammarly-tai-ginger-software\/\" \/>\n<meta property=\"og:site_name\" content=\"EduReviewer\" \/>\n<meta property=\"article:publisher\" content=\"https:\/\/www.facebook.com\/EduReviewer\" \/>\n<meta property=\"article:modified_time\" content=\"2024-09-11T22:32:56+00:00\" \/>\n<meta property=\"og:image\" content=\"https:\/\/edureviewer.com\/wp-content\/uploads\/2022\/09\/Grammarly-vs-Ginger.jpg\" \/>\n\t<meta property=\"og:image:width\" content=\"720\" \/>\n\t<meta property=\"og:image:height\" content=\"540\" \/>\n<meta name=\"twitter:card\" content=\"summary_large_image\" \/>\n<meta name=\"twitter:site\" content=\"@edureviewer\" \/>\n<script type=\"application\/ld+json\" class=\"yoast-schema-graph\">{\"@context\":\"https:\/\/schema.org\",\"@graph\":[{\"@type\":\"Organization\",\"@id\":\"https:\/\/edureviewer.com\/fi\/#organization\",\"name\":\"EduReviewer\",\"url\":\"https:\/\/edureviewer.com\/fi\/\",\"sameAs\":[\"https:\/\/www.facebook.com\/EduReviewer\",\"https:\/\/www.instagram.com\/edureviewer\/\",\"https:\/\/www.linkedin.com\/company\/edureviewercom\/\",\"https:\/\/www.youtube.com\/@EduReviewer\",\"https:\/\/twitter.com\/edureviewer\"],\"logo\":{\"@type\":\"ImageObject\",\"@id\":\"https:\/\/edureviewer.com\/fi\/#logo\",\"inLanguage\":\"fi\",\"url\":\"https:\/\/edureviewer.com\/wp-content\/uploads\/2021\/08\/edureviewer.png\",\"width\":130,\"height\":30,\"caption\":\"EduReviewer\"},\"image\":{\"@id\":\"https:\/\/edureviewer.com\/fi\/#logo\"}},{\"@type\":\"WebSite\",\"@id\":\"https:\/\/edureviewer.com\/fi\/#website\",\"url\":\"https:\/\/edureviewer.com\/fi\/\",\"name\":\"EduReviewer\",\"description\":\"\",\"publisher\":{\"@id\":\"https:\/\/edureviewer.com\/fi\/#organization\"},\"inLanguage\":\"fi\"},{\"@type\":\"ImageObject\",\"@id\":\"https:\/\/edureviewer.com\/fi\/grammarly-tai-ginger-software\/#primaryimage\",\"inLanguage\":\"fi\",\"url\":\"https:\/\/edureviewer.com\/wp-content\/uploads\/2022\/09\/Grammarly-vs-Ginger.jpg\",\"width\":720,\"height\":540},{\"@type\":\"WebPage\",\"@id\":\"https:\/\/edureviewer.com\/fi\/grammarly-tai-ginger-software\/#webpage\",\"url\":\"https:\/\/edureviewer.com\/fi\/grammarly-tai-ginger-software\/\",\"name\":\"Grammarly vs. Ginger: Kumpi on hy\\u00f6dyllisempi? - EduReviewer\",\"isPartOf\":{\"@id\":\"https:\/\/edureviewer.com\/fi\/#website\"},\"primaryImageOfPage\":{\"@id\":\"https:\/\/edureviewer.com\/fi\/grammarly-tai-ginger-software\/#primaryimage\"},\"datePublished\":\"2022-09-02T13:13:55+00:00\",\"dateModified\":\"2024-09-11T22:32:56+00:00\",\"description\":\"Mietitk\\u00f6, kummassa on parhaat ominaisuudet, Grammarlyss\\u00e4 vai Gingeriss\\u00e4? Lue artikkelistamme yksityiskohtainen arvostelu ja ota selv\\u00e4\\u00e4!\",\"inLanguage\":\"fi\",\"potentialAction\":[{\"@type\":\"ReadAction\",\"target\":[\"https:\/\/edureviewer.com\/fi\/grammarly-tai-ginger-software\/\"]}]}]}<\/script>\n<!-- \/ Yoast SEO plugin. -->","_links":{"self":[{"href":"https:\/\/edureviewer.com\/fi\/wp-json\/wp\/v2\/pages\/113887"}],"collection":[{"href":"https:\/\/edureviewer.com\/fi\/wp-json\/wp\/v2\/pages"}],"about":[{"href":"https:\/\/edureviewer.com\/fi\/wp-json\/wp\/v2\/types\/page"}],"author":[{"embeddable":true,"href":"https:\/\/edureviewer.com\/fi\/wp-json\/wp\/v2\/users\/2"}],"replies":[{"embeddable":true,"href":"https:\/\/edureviewer.com\/fi\/wp-json\/wp\/v2\/comments?post=113887"}],"version-history":[{"count":8,"href":"https:\/\/edureviewer.com\/fi\/wp-json\/wp\/v2\/pages\/113887\/revisions"}],"predecessor-version":[{"id":148627,"href":"https:\/\/edureviewer.com\/fi\/wp-json\/wp\/v2\/pages\/113887\/revisions\/148627"}],"wp:featuredmedia":[{"embeddable":true,"href":"https:\/\/edureviewer.com\/fi\/wp-json\/wp\/v2\/media\/95068"}],"wp:attachment":[{"href":"https:\/\/edureviewer.com\/fi\/wp-json\/wp\/v2\/media?parent=113887"}],"curies":[{"name":"wp","href":"https:\/\/api.w.org\/{rel}","templated":true}]}}