{"id":30886,"date":"2018-08-30T15:50:41","date_gmt":"2018-08-30T12:50:41","guid":{"rendered":"https:\/\/edureviewer.com\/blog\/"},"modified":"2023-11-20T14:19:33","modified_gmt":"2023-11-20T11:19:33","slug":"blog","status":"publish","type":"page","link":"https:\/\/edureviewer.com\/es\/blog\/","title":{"rendered":"Blog EduReviewer"},"content":{"rendered":"","protected":false},"excerpt":{"rendered":"","protected":false},"author":1,"featured_media":0,"parent":0,"menu_order":0,"comment_status":"closed","ping_status":"closed","template":"page-blog.php","meta":[],"acf":[],"yoast_head":"<!-- This site is optimized with the Yoast SEO plugin v15.5 - https:\/\/yoast.com\/wordpress\/plugins\/seo\/ -->\n<title>Blog EduReviewer en espa\u00f1ol 2026 - EduReviewer<\/title>\n<meta name=\"description\" content=\"Lee nuestro blog si necesitas ayuda para redactar un curr\u00edculum, prepararte para los ex\u00e1menes y para obtener algunos consejos de tutor\u00eda en l\u00ednea.\" \/>\n<meta name=\"robots\" content=\"index, follow, max-snippet:-1, max-image-preview:large, max-video-preview:-1\" \/>\n<link rel=\"canonical\" href=\"https:\/\/edureviewer.com\/es\/blog\/\" \/>\n<meta property=\"og:locale\" content=\"es_ES\" \/>\n<meta property=\"og:type\" content=\"article\" \/>\n<meta property=\"og:title\" content=\"Blog EduReviewer en espa\u00f1ol 2026 - EduReviewer\" \/>\n<meta property=\"og:description\" content=\"Lee nuestro blog si necesitas ayuda para redactar un curr\u00edculum, prepararte para los ex\u00e1menes y para obtener algunos consejos de tutor\u00eda en l\u00ednea.\" \/>\n<meta property=\"og:url\" content=\"https:\/\/edureviewer.com\/es\/blog\/\" \/>\n<meta property=\"og:site_name\" content=\"EduReviewer\" \/>\n<meta property=\"article:publisher\" content=\"https:\/\/www.facebook.com\/EduReviewer\" \/>\n<meta property=\"article:modified_time\" content=\"2023-11-20T11:19:33+00:00\" \/>\n<meta name=\"twitter:card\" content=\"summary_large_image\" \/>\n<meta name=\"twitter:site\" content=\"@edureviewer\" \/>\n<script type=\"application\/ld+json\" class=\"yoast-schema-graph\">{\"@context\":\"https:\/\/schema.org\",\"@graph\":[{\"@type\":\"Organization\",\"@id\":\"https:\/\/edureviewer.com\/es\/#organization\",\"name\":\"EduReviewer\",\"url\":\"https:\/\/edureviewer.com\/es\/\",\"sameAs\":[\"https:\/\/www.facebook.com\/EduReviewer\",\"https:\/\/www.instagram.com\/edureviewer\/\",\"https:\/\/www.linkedin.com\/company\/edureviewercom\/\",\"https:\/\/www.youtube.com\/@EduReviewer\",\"https:\/\/twitter.com\/edureviewer\"],\"logo\":{\"@type\":\"ImageObject\",\"@id\":\"https:\/\/edureviewer.com\/es\/#logo\",\"inLanguage\":\"es\",\"url\":\"https:\/\/edureviewer.com\/wp-content\/uploads\/2021\/08\/edureviewer.png\",\"width\":130,\"height\":30,\"caption\":\"EduReviewer\"},\"image\":{\"@id\":\"https:\/\/edureviewer.com\/es\/#logo\"}},{\"@type\":\"WebSite\",\"@id\":\"https:\/\/edureviewer.com\/es\/#website\",\"url\":\"https:\/\/edureviewer.com\/es\/\",\"name\":\"EduReviewer\",\"description\":\"\",\"publisher\":{\"@id\":\"https:\/\/edureviewer.com\/es\/#organization\"},\"inLanguage\":\"es\"},{\"@type\":\"WebPage\",\"@id\":\"https:\/\/edureviewer.com\/es\/blog\/#webpage\",\"url\":\"https:\/\/edureviewer.com\/es\/blog\/\",\"name\":\"Blog EduReviewer en espa\\u00f1ol 2026 - EduReviewer\",\"isPartOf\":{\"@id\":\"https:\/\/edureviewer.com\/es\/#website\"},\"datePublished\":\"2018-08-30T12:50:41+00:00\",\"dateModified\":\"2023-11-20T11:19:33+00:00\",\"description\":\"Lee nuestro blog si necesitas ayuda para redactar un curr\\u00edculum, prepararte para los ex\\u00e1menes y para obtener algunos consejos de tutor\\u00eda en l\\u00ednea.\",\"inLanguage\":\"es\",\"potentialAction\":[{\"@type\":\"ReadAction\",\"target\":[\"https:\/\/edureviewer.com\/es\/blog\/\"]}]}]}<\/script>\n<!-- \/ Yoast SEO plugin. -->","_links":{"self":[{"href":"https:\/\/edureviewer.com\/es\/wp-json\/wp\/v2\/pages\/30886"}],"collection":[{"href":"https:\/\/edureviewer.com\/es\/wp-json\/wp\/v2\/pages"}],"about":[{"href":"https:\/\/edureviewer.com\/es\/wp-json\/wp\/v2\/types\/page"}],"author":[{"embeddable":true,"href":"https:\/\/edureviewer.com\/es\/wp-json\/wp\/v2\/users\/1"}],"replies":[{"embeddable":true,"href":"https:\/\/edureviewer.com\/es\/wp-json\/wp\/v2\/comments?post=30886"}],"version-history":[{"count":4,"href":"https:\/\/edureviewer.com\/es\/wp-json\/wp\/v2\/pages\/30886\/revisions"}],"predecessor-version":[{"id":132590,"href":"https:\/\/edureviewer.com\/es\/wp-json\/wp\/v2\/pages\/30886\/revisions\/132590"}],"wp:attachment":[{"href":"https:\/\/edureviewer.com\/es\/wp-json\/wp\/v2\/media?parent=30886"}],"curies":[{"name":"wp","href":"https:\/\/api.w.org\/{rel}","templated":true}]}}