{"id":21563,"date":"2022-09-30T11:40:26","date_gmt":"2022-09-30T08:40:26","guid":{"rendered":"https:\/\/edureviewer.com\/udemy-vs-edx\/"},"modified":"2023-10-18T12:18:57","modified_gmt":"2023-10-18T09:18:57","slug":"udemy-com-vs-edx-org-que-plataforma-es-mejor-para-ti","status":"publish","type":"page","link":"https:\/\/edureviewer.com\/es\/udemy-y-edx\/","title":{"rendered":"Udemy.com vs edx.org: \u00bfQu\u00e9 plataforma es mejor para ti?"},"content":{"rendered":"","protected":false},"excerpt":{"rendered":"","protected":false},"author":2,"featured_media":20100,"parent":0,"menu_order":0,"comment_status":"closed","ping_status":"closed","template":"template-top.php","meta":[],"acf":[],"yoast_head":"<!-- This site is optimized with the Yoast SEO plugin v15.5 - https:\/\/yoast.com\/wordpress\/plugins\/seo\/ -->\n<title>edX vs Udemy: Mejores eLearning en 2026? - EduReviewer<\/title>\n<meta name=\"description\" content=\"Con las plataformas que ofrecen cursos a los interesados, aprender en l\u00ednea es ahora m\u00e1s f\u00e1cil. Puedes leer una comparaci\u00f3n detallada en este \u00a1Udemy vs. edX!\" \/>\n<meta name=\"robots\" content=\"index, follow, max-snippet:-1, max-image-preview:large, max-video-preview:-1\" \/>\n<link rel=\"canonical\" href=\"https:\/\/edureviewer.com\/es\/udemy-y-edx\/\" \/>\n<meta property=\"og:locale\" content=\"es_ES\" \/>\n<meta property=\"og:type\" content=\"article\" \/>\n<meta property=\"og:title\" content=\"edX vs Udemy: Mejores eLearning en 2026? - EduReviewer\" \/>\n<meta property=\"og:description\" content=\"Con las plataformas que ofrecen cursos a los interesados, aprender en l\u00ednea es ahora m\u00e1s f\u00e1cil. Puedes leer una comparaci\u00f3n detallada en este \u00a1Udemy vs. edX!\" \/>\n<meta property=\"og:url\" content=\"https:\/\/edureviewer.com\/es\/udemy-y-edx\/\" \/>\n<meta property=\"og:site_name\" content=\"EduReviewer\" \/>\n<meta property=\"article:publisher\" content=\"https:\/\/www.facebook.com\/EduReviewer\" \/>\n<meta property=\"article:modified_time\" content=\"2023-10-18T09:18:57+00:00\" \/>\n<meta property=\"og:image\" content=\"https:\/\/edureviewer.com\/wp-content\/uploads\/2022\/10\/Udemy-vs-edx-org.jpg\" \/>\n\t<meta property=\"og:image:width\" content=\"720\" \/>\n\t<meta property=\"og:image:height\" content=\"540\" \/>\n<meta name=\"twitter:card\" content=\"summary_large_image\" \/>\n<meta name=\"twitter:site\" content=\"@edureviewer\" \/>\n<script type=\"application\/ld+json\" class=\"yoast-schema-graph\">{\"@context\":\"https:\/\/schema.org\",\"@graph\":[{\"@type\":\"Organization\",\"@id\":\"https:\/\/edureviewer.com\/es\/#organization\",\"name\":\"EduReviewer\",\"url\":\"https:\/\/edureviewer.com\/es\/\",\"sameAs\":[\"https:\/\/www.facebook.com\/EduReviewer\",\"https:\/\/www.instagram.com\/edureviewer\/\",\"https:\/\/www.linkedin.com\/company\/edureviewercom\/\",\"https:\/\/www.youtube.com\/@EduReviewer\",\"https:\/\/twitter.com\/edureviewer\"],\"logo\":{\"@type\":\"ImageObject\",\"@id\":\"https:\/\/edureviewer.com\/es\/#logo\",\"inLanguage\":\"es\",\"url\":\"https:\/\/edureviewer.com\/wp-content\/uploads\/2021\/08\/edureviewer.png\",\"width\":130,\"height\":30,\"caption\":\"EduReviewer\"},\"image\":{\"@id\":\"https:\/\/edureviewer.com\/es\/#logo\"}},{\"@type\":\"WebSite\",\"@id\":\"https:\/\/edureviewer.com\/es\/#website\",\"url\":\"https:\/\/edureviewer.com\/es\/\",\"name\":\"EduReviewer\",\"description\":\"\",\"publisher\":{\"@id\":\"https:\/\/edureviewer.com\/es\/#organization\"},\"inLanguage\":\"es\"},{\"@type\":\"ImageObject\",\"@id\":\"https:\/\/edureviewer.com\/es\/udemy-y-edx\/#primaryimage\",\"inLanguage\":\"es\",\"url\":\"https:\/\/edureviewer.com\/wp-content\/uploads\/2022\/10\/Udemy-vs-edx-org.jpg\",\"width\":720,\"height\":540,\"caption\":\"edx-vs-udemy\"},{\"@type\":\"WebPage\",\"@id\":\"https:\/\/edureviewer.com\/es\/udemy-y-edx\/#webpage\",\"url\":\"https:\/\/edureviewer.com\/es\/udemy-y-edx\/\",\"name\":\"edX vs Udemy: Mejores eLearning en 2026? - EduReviewer\",\"isPartOf\":{\"@id\":\"https:\/\/edureviewer.com\/es\/#website\"},\"primaryImageOfPage\":{\"@id\":\"https:\/\/edureviewer.com\/es\/udemy-y-edx\/#primaryimage\"},\"datePublished\":\"2022-09-30T08:40:26+00:00\",\"dateModified\":\"2023-10-18T09:18:57+00:00\",\"description\":\"Con las plataformas que ofrecen cursos a los interesados, aprender en l\\u00ednea es ahora m\\u00e1s f\\u00e1cil. Puedes leer una comparaci\\u00f3n detallada en este \\u00a1Udemy vs. edX!\",\"inLanguage\":\"es\",\"potentialAction\":[{\"@type\":\"ReadAction\",\"target\":[\"https:\/\/edureviewer.com\/es\/udemy-y-edx\/\"]}]}]}<\/script>\n<!-- \/ Yoast SEO plugin. -->","_links":{"self":[{"href":"https:\/\/edureviewer.com\/es\/wp-json\/wp\/v2\/pages\/21563"}],"collection":[{"href":"https:\/\/edureviewer.com\/es\/wp-json\/wp\/v2\/pages"}],"about":[{"href":"https:\/\/edureviewer.com\/es\/wp-json\/wp\/v2\/types\/page"}],"author":[{"embeddable":true,"href":"https:\/\/edureviewer.com\/es\/wp-json\/wp\/v2\/users\/2"}],"replies":[{"embeddable":true,"href":"https:\/\/edureviewer.com\/es\/wp-json\/wp\/v2\/comments?post=21563"}],"version-history":[{"count":7,"href":"https:\/\/edureviewer.com\/es\/wp-json\/wp\/v2\/pages\/21563\/revisions"}],"predecessor-version":[{"id":128784,"href":"https:\/\/edureviewer.com\/es\/wp-json\/wp\/v2\/pages\/21563\/revisions\/128784"}],"wp:featuredmedia":[{"embeddable":true,"href":"https:\/\/edureviewer.com\/es\/wp-json\/wp\/v2\/media\/20100"}],"wp:attachment":[{"href":"https:\/\/edureviewer.com\/es\/wp-json\/wp\/v2\/media?parent=21563"}],"curies":[{"name":"wp","href":"https:\/\/api.w.org\/{rel}","templated":true}]}}