{"id":21554,"date":"2022-07-25T18:46:32","date_gmt":"2022-07-25T15:46:32","guid":{"rendered":"https:\/\/edureviewer.com\/skillshare-vs-creativelive-comparison-for-students-and-teachers\/"},"modified":"2022-12-27T23:12:25","modified_gmt":"2022-12-27T20:12:25","slug":"skillshare-vs-creativelive-comparison-for-students-and-teachers","status":"publish","type":"page","link":"https:\/\/edureviewer.com\/es\/skillshare-vs-creative-live\/","title":{"rendered":"Skillshare vs CreativeLive: Comparaci\u00f3n Completa"},"content":{"rendered":"<p>&nbsp;<\/p>\n<p>&nbsp;<\/p>\n","protected":false},"excerpt":{"rendered":"<p>&nbsp; &nbsp;<\/p>\n","protected":false},"author":2,"featured_media":16829,"parent":0,"menu_order":0,"comment_status":"closed","ping_status":"closed","template":"template-top.php","meta":[],"acf":[],"yoast_head":"<!-- This site is optimized with the Yoast SEO plugin v15.5 - https:\/\/yoast.com\/wordpress\/plugins\/seo\/ -->\n<title>CreativeLive vs Skillshare: \u00bfCu\u00e1l es mejor en 2026? - EduReviewer<\/title>\n<meta name=\"description\" content=\"En este an\u00e1lisis de Skillshare frente a CreativeLive, descubriremos qu\u00e9 plataformas de aprendizaje ofrecen m\u00e1s ventajas a los estudiantes. Comparamos las caracter\u00edsticas.\" \/>\n<meta name=\"robots\" content=\"index, follow, max-snippet:-1, max-image-preview:large, max-video-preview:-1\" \/>\n<link rel=\"canonical\" href=\"https:\/\/edureviewer.com\/es\/skillshare-vs-creative-live\/\" \/>\n<meta property=\"og:locale\" content=\"es_ES\" \/>\n<meta property=\"og:type\" content=\"article\" \/>\n<meta property=\"og:title\" content=\"CreativeLive vs Skillshare: \u00bfCu\u00e1l es mejor en 2026? - EduReviewer\" \/>\n<meta property=\"og:description\" content=\"En este an\u00e1lisis de Skillshare frente a CreativeLive, descubriremos qu\u00e9 plataformas de aprendizaje ofrecen m\u00e1s ventajas a los estudiantes. Comparamos las caracter\u00edsticas.\" \/>\n<meta property=\"og:url\" content=\"https:\/\/edureviewer.com\/es\/skillshare-vs-creative-live\/\" \/>\n<meta property=\"og:site_name\" content=\"EduReviewer\" \/>\n<meta property=\"article:publisher\" content=\"https:\/\/www.facebook.com\/EduReviewer\" \/>\n<meta property=\"article:modified_time\" content=\"2022-12-27T20:12:25+00:00\" \/>\n<meta property=\"og:image\" content=\"https:\/\/edureviewer.com\/wp-content\/uploads\/2022\/07\/CreativeLive-and-skillshare.jpg\" \/>\n\t<meta property=\"og:image:width\" content=\"800\" \/>\n\t<meta property=\"og:image:height\" content=\"600\" \/>\n<meta name=\"twitter:card\" content=\"summary_large_image\" \/>\n<meta name=\"twitter:site\" content=\"@edureviewer\" \/>\n<meta name=\"twitter:label1\" content=\"Est. reading time\">\n\t<meta name=\"twitter:data1\" content=\"0 minutes\">\n<script type=\"application\/ld+json\" class=\"yoast-schema-graph\">{\"@context\":\"https:\/\/schema.org\",\"@graph\":[{\"@type\":\"Organization\",\"@id\":\"https:\/\/edureviewer.com\/es\/#organization\",\"name\":\"EduReviewer\",\"url\":\"https:\/\/edureviewer.com\/es\/\",\"sameAs\":[\"https:\/\/www.facebook.com\/EduReviewer\",\"https:\/\/www.instagram.com\/edureviewer\/\",\"https:\/\/www.linkedin.com\/company\/edureviewercom\/\",\"https:\/\/www.youtube.com\/@EduReviewer\",\"https:\/\/twitter.com\/edureviewer\"],\"logo\":{\"@type\":\"ImageObject\",\"@id\":\"https:\/\/edureviewer.com\/es\/#logo\",\"inLanguage\":\"es\",\"url\":\"https:\/\/edureviewer.com\/wp-content\/uploads\/2021\/08\/edureviewer.png\",\"width\":130,\"height\":30,\"caption\":\"EduReviewer\"},\"image\":{\"@id\":\"https:\/\/edureviewer.com\/es\/#logo\"}},{\"@type\":\"WebSite\",\"@id\":\"https:\/\/edureviewer.com\/es\/#website\",\"url\":\"https:\/\/edureviewer.com\/es\/\",\"name\":\"EduReviewer\",\"description\":\"\",\"publisher\":{\"@id\":\"https:\/\/edureviewer.com\/es\/#organization\"},\"inLanguage\":\"es\"},{\"@type\":\"ImageObject\",\"@id\":\"https:\/\/edureviewer.com\/es\/skillshare-vs-creative-live\/#primaryimage\",\"inLanguage\":\"es\",\"url\":\"https:\/\/edureviewer.com\/wp-content\/uploads\/2022\/07\/CreativeLive-and-skillshare.jpg\",\"width\":800,\"height\":600,\"caption\":\"CreativeLive vs Skillshare\"},{\"@type\":\"WebPage\",\"@id\":\"https:\/\/edureviewer.com\/es\/skillshare-vs-creative-live\/#webpage\",\"url\":\"https:\/\/edureviewer.com\/es\/skillshare-vs-creative-live\/\",\"name\":\"CreativeLive vs Skillshare: \\u00bfCu\\u00e1l es mejor en 2026? - EduReviewer\",\"isPartOf\":{\"@id\":\"https:\/\/edureviewer.com\/es\/#website\"},\"primaryImageOfPage\":{\"@id\":\"https:\/\/edureviewer.com\/es\/skillshare-vs-creative-live\/#primaryimage\"},\"datePublished\":\"2022-07-25T15:46:32+00:00\",\"dateModified\":\"2022-12-27T20:12:25+00:00\",\"description\":\"En este an\\u00e1lisis de Skillshare frente a CreativeLive, descubriremos qu\\u00e9 plataformas de aprendizaje ofrecen m\\u00e1s ventajas a los estudiantes. Comparamos las caracter\\u00edsticas.\",\"inLanguage\":\"es\",\"potentialAction\":[{\"@type\":\"ReadAction\",\"target\":[\"https:\/\/edureviewer.com\/es\/skillshare-vs-creative-live\/\"]}]}]}<\/script>\n<!-- \/ Yoast SEO plugin. -->","_links":{"self":[{"href":"https:\/\/edureviewer.com\/es\/wp-json\/wp\/v2\/pages\/21554"}],"collection":[{"href":"https:\/\/edureviewer.com\/es\/wp-json\/wp\/v2\/pages"}],"about":[{"href":"https:\/\/edureviewer.com\/es\/wp-json\/wp\/v2\/types\/page"}],"author":[{"embeddable":true,"href":"https:\/\/edureviewer.com\/es\/wp-json\/wp\/v2\/users\/2"}],"replies":[{"embeddable":true,"href":"https:\/\/edureviewer.com\/es\/wp-json\/wp\/v2\/comments?post=21554"}],"version-history":[{"count":6,"href":"https:\/\/edureviewer.com\/es\/wp-json\/wp\/v2\/pages\/21554\/revisions"}],"predecessor-version":[{"id":21604,"href":"https:\/\/edureviewer.com\/es\/wp-json\/wp\/v2\/pages\/21554\/revisions\/21604"}],"wp:featuredmedia":[{"embeddable":true,"href":"https:\/\/edureviewer.com\/es\/wp-json\/wp\/v2\/media\/16829"}],"wp:attachment":[{"href":"https:\/\/edureviewer.com\/es\/wp-json\/wp\/v2\/media?parent=21554"}],"curies":[{"name":"wp","href":"https:\/\/api.w.org\/{rel}","templated":true}]}}