{"id":21530,"date":"2022-07-25T16:55:44","date_gmt":"2022-07-25T13:55:44","guid":{"rendered":"https:\/\/edureviewer.com\/masterclass-vs-creativelive-comparison-for-students-and-teachers\/"},"modified":"2023-06-20T10:47:10","modified_gmt":"2023-06-20T07:47:10","slug":"masterclass-vs-creativelive-comparison-for-students-and-teachers","status":"publish","type":"page","link":"https:\/\/edureviewer.com\/es\/creativelive-vs-masterclass\/","title":{"rendered":"Masterclass vs Creativelive: Comparaci\u00f3n Detallada"},"content":{"rendered":"","protected":false},"excerpt":{"rendered":"","protected":false},"author":2,"featured_media":16828,"parent":0,"menu_order":0,"comment_status":"closed","ping_status":"closed","template":"template-top.php","meta":[],"acf":[],"yoast_head":"<!-- This site is optimized with the Yoast SEO plugin v15.5 - https:\/\/yoast.com\/wordpress\/plugins\/seo\/ -->\n<title>Creative Live vs Masterclass: \u00bfQu\u00e9 es mejor en 2026? - EduReviewer<\/title>\n<meta name=\"description\" content=\"Descubrir\u00e1 todo lo que hay que saber sobre cada plataforma de aprendizaje en l\u00ednea y cu\u00e1l de ellas es la mejor opci\u00f3n para los estudiantes.\" \/>\n<meta name=\"robots\" content=\"index, follow, max-snippet:-1, max-image-preview:large, max-video-preview:-1\" \/>\n<link rel=\"canonical\" href=\"https:\/\/edureviewer.com\/es\/creativelive-vs-masterclass\/\" \/>\n<meta property=\"og:locale\" content=\"es_ES\" \/>\n<meta property=\"og:type\" content=\"article\" \/>\n<meta property=\"og:title\" content=\"Creative Live vs Masterclass: \u00bfQu\u00e9 es mejor en 2026? - EduReviewer\" \/>\n<meta property=\"og:description\" content=\"Descubrir\u00e1 todo lo que hay que saber sobre cada plataforma de aprendizaje en l\u00ednea y cu\u00e1l de ellas es la mejor opci\u00f3n para los estudiantes.\" \/>\n<meta property=\"og:url\" content=\"https:\/\/edureviewer.com\/es\/creativelive-vs-masterclass\/\" \/>\n<meta property=\"og:site_name\" content=\"EduReviewer\" \/>\n<meta property=\"article:publisher\" content=\"https:\/\/www.facebook.com\/EduReviewer\" \/>\n<meta property=\"article:modified_time\" content=\"2023-06-20T07:47:10+00:00\" \/>\n<meta property=\"og:image\" content=\"https:\/\/edureviewer.com\/wp-content\/uploads\/2022\/07\/creative-live-and-masterclass.jpg\" \/>\n\t<meta property=\"og:image:width\" content=\"800\" \/>\n\t<meta property=\"og:image:height\" content=\"600\" \/>\n<meta name=\"twitter:card\" content=\"summary_large_image\" \/>\n<meta name=\"twitter:site\" content=\"@edureviewer\" \/>\n<script type=\"application\/ld+json\" class=\"yoast-schema-graph\">{\"@context\":\"https:\/\/schema.org\",\"@graph\":[{\"@type\":\"Organization\",\"@id\":\"https:\/\/edureviewer.com\/es\/#organization\",\"name\":\"EduReviewer\",\"url\":\"https:\/\/edureviewer.com\/es\/\",\"sameAs\":[\"https:\/\/www.facebook.com\/EduReviewer\",\"https:\/\/www.instagram.com\/edureviewer\/\",\"https:\/\/www.linkedin.com\/company\/edureviewercom\/\",\"https:\/\/www.youtube.com\/@EduReviewer\",\"https:\/\/twitter.com\/edureviewer\"],\"logo\":{\"@type\":\"ImageObject\",\"@id\":\"https:\/\/edureviewer.com\/es\/#logo\",\"inLanguage\":\"es\",\"url\":\"https:\/\/edureviewer.com\/wp-content\/uploads\/2021\/08\/edureviewer.png\",\"width\":130,\"height\":30,\"caption\":\"EduReviewer\"},\"image\":{\"@id\":\"https:\/\/edureviewer.com\/es\/#logo\"}},{\"@type\":\"WebSite\",\"@id\":\"https:\/\/edureviewer.com\/es\/#website\",\"url\":\"https:\/\/edureviewer.com\/es\/\",\"name\":\"EduReviewer\",\"description\":\"\",\"publisher\":{\"@id\":\"https:\/\/edureviewer.com\/es\/#organization\"},\"inLanguage\":\"es\"},{\"@type\":\"ImageObject\",\"@id\":\"https:\/\/edureviewer.com\/es\/creativelive-vs-masterclass\/#primaryimage\",\"inLanguage\":\"es\",\"url\":\"https:\/\/edureviewer.com\/wp-content\/uploads\/2022\/07\/creative-live-and-masterclass.jpg\",\"width\":800,\"height\":600},{\"@type\":\"WebPage\",\"@id\":\"https:\/\/edureviewer.com\/es\/creativelive-vs-masterclass\/#webpage\",\"url\":\"https:\/\/edureviewer.com\/es\/creativelive-vs-masterclass\/\",\"name\":\"Creative Live vs Masterclass: \\u00bfQu\\u00e9 es mejor en 2026? - EduReviewer\",\"isPartOf\":{\"@id\":\"https:\/\/edureviewer.com\/es\/#website\"},\"primaryImageOfPage\":{\"@id\":\"https:\/\/edureviewer.com\/es\/creativelive-vs-masterclass\/#primaryimage\"},\"datePublished\":\"2022-07-25T13:55:44+00:00\",\"dateModified\":\"2023-06-20T07:47:10+00:00\",\"description\":\"Descubrir\\u00e1 todo lo que hay que saber sobre cada plataforma de aprendizaje en l\\u00ednea y cu\\u00e1l de ellas es la mejor opci\\u00f3n para los estudiantes.\",\"inLanguage\":\"es\",\"potentialAction\":[{\"@type\":\"ReadAction\",\"target\":[\"https:\/\/edureviewer.com\/es\/creativelive-vs-masterclass\/\"]}]}]}<\/script>\n<!-- \/ Yoast SEO plugin. -->","_links":{"self":[{"href":"https:\/\/edureviewer.com\/es\/wp-json\/wp\/v2\/pages\/21530"}],"collection":[{"href":"https:\/\/edureviewer.com\/es\/wp-json\/wp\/v2\/pages"}],"about":[{"href":"https:\/\/edureviewer.com\/es\/wp-json\/wp\/v2\/types\/page"}],"author":[{"embeddable":true,"href":"https:\/\/edureviewer.com\/es\/wp-json\/wp\/v2\/users\/2"}],"replies":[{"embeddable":true,"href":"https:\/\/edureviewer.com\/es\/wp-json\/wp\/v2\/comments?post=21530"}],"version-history":[{"count":7,"href":"https:\/\/edureviewer.com\/es\/wp-json\/wp\/v2\/pages\/21530\/revisions"}],"predecessor-version":[{"id":114153,"href":"https:\/\/edureviewer.com\/es\/wp-json\/wp\/v2\/pages\/21530\/revisions\/114153"}],"wp:featuredmedia":[{"embeddable":true,"href":"https:\/\/edureviewer.com\/es\/wp-json\/wp\/v2\/media\/16828"}],"wp:attachment":[{"href":"https:\/\/edureviewer.com\/es\/wp-json\/wp\/v2\/media?parent=21530"}],"curies":[{"name":"wp","href":"https:\/\/api.w.org\/{rel}","templated":true}]}}