{"id":21508,"date":"2022-09-02T15:40:07","date_gmt":"2022-09-02T12:40:07","guid":{"rendered":"https:\/\/edureviewer.com\/copywritely-vs-grammarly-who-wins\/"},"modified":"2024-06-13T04:21:04","modified_gmt":"2024-06-13T01:21:04","slug":"copywritely-vs-grammarly-who-wins","status":"publish","type":"page","link":"https:\/\/edureviewer.com\/es\/grammarly-vs-copywritely\/","title":{"rendered":"Copywritely vs. Grammarly: \u00bfQui\u00e9n Gana?"},"content":{"rendered":"","protected":false},"excerpt":{"rendered":"","protected":false},"author":2,"featured_media":17571,"parent":0,"menu_order":0,"comment_status":"closed","ping_status":"closed","template":"template-top.php","meta":[],"acf":[],"yoast_head":"<!-- This site is optimized with the Yoast SEO plugin v15.5 - https:\/\/yoast.com\/wordpress\/plugins\/seo\/ -->\n<title>Grammarly vs Copywritely: \u00bfCu\u00e1l es mejor? - EduReviewer<\/title>\n<meta name=\"description\" content=\"\u00bfTe preguntas cu\u00e1les son las caracter\u00edsticas de Copywritely y Grammarly y no sabes cu\u00e1l utilizar? Lee nuestro art\u00edculo para encontrar una comparaci\u00f3n detallada.\" \/>\n<meta name=\"robots\" content=\"index, follow, max-snippet:-1, max-image-preview:large, max-video-preview:-1\" \/>\n<link rel=\"canonical\" href=\"https:\/\/edureviewer.com\/es\/grammarly-vs-copywritely\/\" \/>\n<meta property=\"og:locale\" content=\"es_ES\" \/>\n<meta property=\"og:type\" content=\"article\" \/>\n<meta property=\"og:title\" content=\"Grammarly vs Copywritely: \u00bfCu\u00e1l es mejor? - EduReviewer\" \/>\n<meta property=\"og:description\" content=\"\u00bfTe preguntas cu\u00e1les son las caracter\u00edsticas de Copywritely y Grammarly y no sabes cu\u00e1l utilizar? Lee nuestro art\u00edculo para encontrar una comparaci\u00f3n detallada.\" \/>\n<meta property=\"og:url\" content=\"https:\/\/edureviewer.com\/es\/grammarly-vs-copywritely\/\" \/>\n<meta property=\"og:site_name\" content=\"EduReviewer\" \/>\n<meta property=\"article:publisher\" content=\"https:\/\/www.facebook.com\/EduReviewer\" \/>\n<meta property=\"article:modified_time\" content=\"2024-06-13T01:21:04+00:00\" \/>\n<meta property=\"og:image\" content=\"https:\/\/edureviewer.com\/wp-content\/uploads\/2022\/09\/Grammarly-vs-Copywritely.jpg\" \/>\n\t<meta property=\"og:image:width\" content=\"720\" \/>\n\t<meta property=\"og:image:height\" content=\"540\" \/>\n<meta name=\"twitter:card\" content=\"summary_large_image\" \/>\n<meta name=\"twitter:site\" content=\"@edureviewer\" \/>\n<script type=\"application\/ld+json\" class=\"yoast-schema-graph\">{\"@context\":\"https:\/\/schema.org\",\"@graph\":[{\"@type\":\"Organization\",\"@id\":\"https:\/\/edureviewer.com\/es\/#organization\",\"name\":\"EduReviewer\",\"url\":\"https:\/\/edureviewer.com\/es\/\",\"sameAs\":[\"https:\/\/www.facebook.com\/EduReviewer\",\"https:\/\/www.instagram.com\/edureviewer\/\",\"https:\/\/www.linkedin.com\/company\/edureviewercom\/\",\"https:\/\/www.youtube.com\/@EduReviewer\",\"https:\/\/twitter.com\/edureviewer\"],\"logo\":{\"@type\":\"ImageObject\",\"@id\":\"https:\/\/edureviewer.com\/es\/#logo\",\"inLanguage\":\"es\",\"url\":\"https:\/\/edureviewer.com\/wp-content\/uploads\/2021\/08\/edureviewer.png\",\"width\":130,\"height\":30,\"caption\":\"EduReviewer\"},\"image\":{\"@id\":\"https:\/\/edureviewer.com\/es\/#logo\"}},{\"@type\":\"WebSite\",\"@id\":\"https:\/\/edureviewer.com\/es\/#website\",\"url\":\"https:\/\/edureviewer.com\/es\/\",\"name\":\"EduReviewer\",\"description\":\"\",\"publisher\":{\"@id\":\"https:\/\/edureviewer.com\/es\/#organization\"},\"inLanguage\":\"es\"},{\"@type\":\"ImageObject\",\"@id\":\"https:\/\/edureviewer.com\/es\/grammarly-vs-copywritely\/#primaryimage\",\"inLanguage\":\"es\",\"url\":\"https:\/\/edureviewer.com\/wp-content\/uploads\/2022\/09\/Grammarly-vs-Copywritely.jpg\",\"width\":720,\"height\":540},{\"@type\":\"WebPage\",\"@id\":\"https:\/\/edureviewer.com\/es\/grammarly-vs-copywritely\/#webpage\",\"url\":\"https:\/\/edureviewer.com\/es\/grammarly-vs-copywritely\/\",\"name\":\"Grammarly vs Copywritely: \\u00bfCu\\u00e1l es mejor? - EduReviewer\",\"isPartOf\":{\"@id\":\"https:\/\/edureviewer.com\/es\/#website\"},\"primaryImageOfPage\":{\"@id\":\"https:\/\/edureviewer.com\/es\/grammarly-vs-copywritely\/#primaryimage\"},\"datePublished\":\"2022-09-02T12:40:07+00:00\",\"dateModified\":\"2024-06-13T01:21:04+00:00\",\"description\":\"\\u00bfTe preguntas cu\\u00e1les son las caracter\\u00edsticas de Copywritely y Grammarly y no sabes cu\\u00e1l utilizar? Lee nuestro art\\u00edculo para encontrar una comparaci\\u00f3n detallada.\",\"inLanguage\":\"es\",\"potentialAction\":[{\"@type\":\"ReadAction\",\"target\":[\"https:\/\/edureviewer.com\/es\/grammarly-vs-copywritely\/\"]}]}]}<\/script>\n<!-- \/ Yoast SEO plugin. -->","_links":{"self":[{"href":"https:\/\/edureviewer.com\/es\/wp-json\/wp\/v2\/pages\/21508"}],"collection":[{"href":"https:\/\/edureviewer.com\/es\/wp-json\/wp\/v2\/pages"}],"about":[{"href":"https:\/\/edureviewer.com\/es\/wp-json\/wp\/v2\/types\/page"}],"author":[{"embeddable":true,"href":"https:\/\/edureviewer.com\/es\/wp-json\/wp\/v2\/users\/2"}],"replies":[{"embeddable":true,"href":"https:\/\/edureviewer.com\/es\/wp-json\/wp\/v2\/comments?post=21508"}],"version-history":[{"count":7,"href":"https:\/\/edureviewer.com\/es\/wp-json\/wp\/v2\/pages\/21508\/revisions"}],"predecessor-version":[{"id":146981,"href":"https:\/\/edureviewer.com\/es\/wp-json\/wp\/v2\/pages\/21508\/revisions\/146981"}],"wp:featuredmedia":[{"embeddable":true,"href":"https:\/\/edureviewer.com\/es\/wp-json\/wp\/v2\/media\/17571"}],"wp:attachment":[{"href":"https:\/\/edureviewer.com\/es\/wp-json\/wp\/v2\/media?parent=21508"}],"curies":[{"name":"wp","href":"https:\/\/api.w.org\/{rel}","templated":true}]}}