{"id":21497,"date":"2022-08-26T15:31:53","date_gmt":"2022-08-26T12:31:53","guid":{"rendered":"https:\/\/edureviewer.com\/chegg-writing-vs-grammarly-which-is-the-better-checker\/"},"modified":"2024-06-03T11:24:59","modified_gmt":"2024-06-03T08:24:59","slug":"chegg-writing-vs-grammarly-which-is-the-better-checker","status":"publish","type":"page","link":"https:\/\/edureviewer.com\/es\/grammarly-vs-chegg-writing\/","title":{"rendered":"Chegg Writing vs Grammarly: \u00bfCu\u00e1l es mejor?"},"content":{"rendered":"","protected":false},"excerpt":{"rendered":"","protected":false},"author":2,"featured_media":17563,"parent":0,"menu_order":0,"comment_status":"closed","ping_status":"closed","template":"template-top.php","meta":[],"acf":[],"yoast_head":"<!-- This site is optimized with the Yoast SEO plugin v15.5 - https:\/\/yoast.com\/wordpress\/plugins\/seo\/ -->\n<title>Grammarly vs Chegg Writing: \u00bfQu\u00e9 es mejor en2026? - EduReviewer<\/title>\n<meta name=\"description\" content=\"\u00bfCu\u00e1l eliges para obtener la mejor ayuda para escribir, Grammarly o Chegg Writing? Sigue leyendo y podr\u00e1s descubrir cu\u00e1l es la mejor.\" \/>\n<meta name=\"robots\" content=\"index, follow, max-snippet:-1, max-image-preview:large, max-video-preview:-1\" \/>\n<link rel=\"canonical\" href=\"https:\/\/edureviewer.com\/es\/grammarly-vs-chegg-writing\/\" \/>\n<meta property=\"og:locale\" content=\"es_ES\" \/>\n<meta property=\"og:type\" content=\"article\" \/>\n<meta property=\"og:title\" content=\"Grammarly vs Chegg Writing: \u00bfQu\u00e9 es mejor en2026? - EduReviewer\" \/>\n<meta property=\"og:description\" content=\"\u00bfCu\u00e1l eliges para obtener la mejor ayuda para escribir, Grammarly o Chegg Writing? Sigue leyendo y podr\u00e1s descubrir cu\u00e1l es la mejor.\" \/>\n<meta property=\"og:url\" content=\"https:\/\/edureviewer.com\/es\/grammarly-vs-chegg-writing\/\" \/>\n<meta property=\"og:site_name\" content=\"EduReviewer\" \/>\n<meta property=\"article:publisher\" content=\"https:\/\/www.facebook.com\/EduReviewer\" \/>\n<meta property=\"article:modified_time\" content=\"2024-06-03T08:24:59+00:00\" \/>\n<meta property=\"og:image\" content=\"https:\/\/edureviewer.com\/wp-content\/uploads\/2022\/09\/Grammarly-vs-Chegg-Writing.jpg\" \/>\n\t<meta property=\"og:image:width\" content=\"720\" \/>\n\t<meta property=\"og:image:height\" content=\"540\" \/>\n<meta name=\"twitter:card\" content=\"summary_large_image\" \/>\n<meta name=\"twitter:site\" content=\"@edureviewer\" \/>\n<script type=\"application\/ld+json\" class=\"yoast-schema-graph\">{\"@context\":\"https:\/\/schema.org\",\"@graph\":[{\"@type\":\"Organization\",\"@id\":\"https:\/\/edureviewer.com\/es\/#organization\",\"name\":\"EduReviewer\",\"url\":\"https:\/\/edureviewer.com\/es\/\",\"sameAs\":[\"https:\/\/www.facebook.com\/EduReviewer\",\"https:\/\/www.instagram.com\/edureviewer\/\",\"https:\/\/www.linkedin.com\/company\/edureviewercom\/\",\"https:\/\/www.youtube.com\/@EduReviewer\",\"https:\/\/twitter.com\/edureviewer\"],\"logo\":{\"@type\":\"ImageObject\",\"@id\":\"https:\/\/edureviewer.com\/es\/#logo\",\"inLanguage\":\"es\",\"url\":\"https:\/\/edureviewer.com\/wp-content\/uploads\/2021\/08\/edureviewer.png\",\"width\":130,\"height\":30,\"caption\":\"EduReviewer\"},\"image\":{\"@id\":\"https:\/\/edureviewer.com\/es\/#logo\"}},{\"@type\":\"WebSite\",\"@id\":\"https:\/\/edureviewer.com\/es\/#website\",\"url\":\"https:\/\/edureviewer.com\/es\/\",\"name\":\"EduReviewer\",\"description\":\"\",\"publisher\":{\"@id\":\"https:\/\/edureviewer.com\/es\/#organization\"},\"inLanguage\":\"es\"},{\"@type\":\"ImageObject\",\"@id\":\"https:\/\/edureviewer.com\/es\/grammarly-vs-chegg-writing\/#primaryimage\",\"inLanguage\":\"es\",\"url\":\"https:\/\/edureviewer.com\/wp-content\/uploads\/2022\/09\/Grammarly-vs-Chegg-Writing.jpg\",\"width\":720,\"height\":540},{\"@type\":\"WebPage\",\"@id\":\"https:\/\/edureviewer.com\/es\/grammarly-vs-chegg-writing\/#webpage\",\"url\":\"https:\/\/edureviewer.com\/es\/grammarly-vs-chegg-writing\/\",\"name\":\"Grammarly vs Chegg Writing: \\u00bfQu\\u00e9 es mejor en2026? - EduReviewer\",\"isPartOf\":{\"@id\":\"https:\/\/edureviewer.com\/es\/#website\"},\"primaryImageOfPage\":{\"@id\":\"https:\/\/edureviewer.com\/es\/grammarly-vs-chegg-writing\/#primaryimage\"},\"datePublished\":\"2022-08-26T12:31:53+00:00\",\"dateModified\":\"2024-06-03T08:24:59+00:00\",\"description\":\"\\u00bfCu\\u00e1l eliges para obtener la mejor ayuda para escribir, Grammarly o Chegg Writing? Sigue leyendo y podr\\u00e1s descubrir cu\\u00e1l es la mejor.\",\"inLanguage\":\"es\",\"potentialAction\":[{\"@type\":\"ReadAction\",\"target\":[\"https:\/\/edureviewer.com\/es\/grammarly-vs-chegg-writing\/\"]}]}]}<\/script>\n<!-- \/ Yoast SEO plugin. -->","_links":{"self":[{"href":"https:\/\/edureviewer.com\/es\/wp-json\/wp\/v2\/pages\/21497"}],"collection":[{"href":"https:\/\/edureviewer.com\/es\/wp-json\/wp\/v2\/pages"}],"about":[{"href":"https:\/\/edureviewer.com\/es\/wp-json\/wp\/v2\/types\/page"}],"author":[{"embeddable":true,"href":"https:\/\/edureviewer.com\/es\/wp-json\/wp\/v2\/users\/2"}],"replies":[{"embeddable":true,"href":"https:\/\/edureviewer.com\/es\/wp-json\/wp\/v2\/comments?post=21497"}],"version-history":[{"count":15,"href":"https:\/\/edureviewer.com\/es\/wp-json\/wp\/v2\/pages\/21497\/revisions"}],"predecessor-version":[{"id":146395,"href":"https:\/\/edureviewer.com\/es\/wp-json\/wp\/v2\/pages\/21497\/revisions\/146395"}],"wp:featuredmedia":[{"embeddable":true,"href":"https:\/\/edureviewer.com\/es\/wp-json\/wp\/v2\/media\/17563"}],"wp:attachment":[{"href":"https:\/\/edureviewer.com\/es\/wp-json\/wp\/v2\/media?parent=21497"}],"curies":[{"name":"wp","href":"https:\/\/api.w.org\/{rel}","templated":true}]}}