{"id":21495,"date":"2022-07-25T19:06:15","date_gmt":"2022-07-25T16:06:15","guid":{"rendered":"https:\/\/edureviewer.com\/skillshare-vs-masterclass-who-takes-the-crown\/"},"modified":"2023-03-31T20:24:04","modified_gmt":"2023-03-31T17:24:04","slug":"skillshare-frente-a-masterclass-quien-se-lleva-la-corona","status":"publish","type":"page","link":"https:\/\/edureviewer.com\/es\/masterclass-vs-skillshare\/","title":{"rendered":"Skillshare vs Masterclass: \u00bfQui\u00e9n Se Lleva la Corona?"},"content":{"rendered":"","protected":false},"excerpt":{"rendered":"","protected":false},"author":2,"featured_media":21022,"parent":0,"menu_order":0,"comment_status":"closed","ping_status":"closed","template":"template-top.php","meta":[],"acf":[],"yoast_head":"<!-- This site is optimized with the Yoast SEO plugin v15.5 - https:\/\/yoast.com\/wordpress\/plugins\/seo\/ -->\n<title>MasterClass vs Skillshare: 2026 Comparaci\u00f3n - EduReviewer<\/title>\n<meta name=\"description\" content=\"Aqu\u00ed haremos un an\u00e1lisis de Skillshare vs. MasterClass para que sepas cu\u00e1l es la opci\u00f3n adecuada para ti y si merece la pena gastar tu dinero en ella.\" \/>\n<meta name=\"robots\" content=\"index, follow, max-snippet:-1, max-image-preview:large, max-video-preview:-1\" \/>\n<link rel=\"canonical\" href=\"https:\/\/edureviewer.com\/es\/masterclass-vs-skillshare\/\" \/>\n<meta property=\"og:locale\" content=\"es_ES\" \/>\n<meta property=\"og:type\" content=\"article\" \/>\n<meta property=\"og:title\" content=\"MasterClass vs Skillshare: 2026 Comparaci\u00f3n - EduReviewer\" \/>\n<meta property=\"og:description\" content=\"Aqu\u00ed haremos un an\u00e1lisis de Skillshare vs. MasterClass para que sepas cu\u00e1l es la opci\u00f3n adecuada para ti y si merece la pena gastar tu dinero en ella.\" \/>\n<meta property=\"og:url\" content=\"https:\/\/edureviewer.com\/es\/masterclass-vs-skillshare\/\" \/>\n<meta property=\"og:site_name\" content=\"EduReviewer\" \/>\n<meta property=\"article:publisher\" content=\"https:\/\/www.facebook.com\/EduReviewer\" \/>\n<meta property=\"article:modified_time\" content=\"2023-03-31T17:24:04+00:00\" \/>\n<meta property=\"og:image\" content=\"https:\/\/edureviewer.com\/wp-content\/uploads\/2022\/12\/Skillshare-vs-MasterClass.jpg\" \/>\n\t<meta property=\"og:image:width\" content=\"620\" \/>\n\t<meta property=\"og:image:height\" content=\"465\" \/>\n<meta name=\"twitter:card\" content=\"summary_large_image\" \/>\n<meta name=\"twitter:site\" content=\"@edureviewer\" \/>\n<script type=\"application\/ld+json\" class=\"yoast-schema-graph\">{\"@context\":\"https:\/\/schema.org\",\"@graph\":[{\"@type\":\"Organization\",\"@id\":\"https:\/\/edureviewer.com\/es\/#organization\",\"name\":\"EduReviewer\",\"url\":\"https:\/\/edureviewer.com\/es\/\",\"sameAs\":[\"https:\/\/www.facebook.com\/EduReviewer\",\"https:\/\/www.instagram.com\/edureviewer\/\",\"https:\/\/www.linkedin.com\/company\/edureviewercom\/\",\"https:\/\/www.youtube.com\/@EduReviewer\",\"https:\/\/twitter.com\/edureviewer\"],\"logo\":{\"@type\":\"ImageObject\",\"@id\":\"https:\/\/edureviewer.com\/es\/#logo\",\"inLanguage\":\"es\",\"url\":\"https:\/\/edureviewer.com\/wp-content\/uploads\/2021\/08\/edureviewer.png\",\"width\":130,\"height\":30,\"caption\":\"EduReviewer\"},\"image\":{\"@id\":\"https:\/\/edureviewer.com\/es\/#logo\"}},{\"@type\":\"WebSite\",\"@id\":\"https:\/\/edureviewer.com\/es\/#website\",\"url\":\"https:\/\/edureviewer.com\/es\/\",\"name\":\"EduReviewer\",\"description\":\"\",\"publisher\":{\"@id\":\"https:\/\/edureviewer.com\/es\/#organization\"},\"inLanguage\":\"es\"},{\"@type\":\"ImageObject\",\"@id\":\"https:\/\/edureviewer.com\/es\/masterclass-vs-skillshare\/#primaryimage\",\"inLanguage\":\"es\",\"url\":\"https:\/\/edureviewer.com\/wp-content\/uploads\/2022\/12\/Skillshare-vs-MasterClass.jpg\",\"width\":620,\"height\":465},{\"@type\":\"WebPage\",\"@id\":\"https:\/\/edureviewer.com\/es\/masterclass-vs-skillshare\/#webpage\",\"url\":\"https:\/\/edureviewer.com\/es\/masterclass-vs-skillshare\/\",\"name\":\"MasterClass vs Skillshare: 2026 Comparaci\\u00f3n - EduReviewer\",\"isPartOf\":{\"@id\":\"https:\/\/edureviewer.com\/es\/#website\"},\"primaryImageOfPage\":{\"@id\":\"https:\/\/edureviewer.com\/es\/masterclass-vs-skillshare\/#primaryimage\"},\"datePublished\":\"2022-07-25T16:06:15+00:00\",\"dateModified\":\"2023-03-31T17:24:04+00:00\",\"description\":\"Aqu\\u00ed haremos un an\\u00e1lisis de Skillshare vs. MasterClass para que sepas cu\\u00e1l es la opci\\u00f3n adecuada para ti y si merece la pena gastar tu dinero en ella.\",\"inLanguage\":\"es\",\"potentialAction\":[{\"@type\":\"ReadAction\",\"target\":[\"https:\/\/edureviewer.com\/es\/masterclass-vs-skillshare\/\"]}]}]}<\/script>\n<!-- \/ Yoast SEO plugin. -->","_links":{"self":[{"href":"https:\/\/edureviewer.com\/es\/wp-json\/wp\/v2\/pages\/21495"}],"collection":[{"href":"https:\/\/edureviewer.com\/es\/wp-json\/wp\/v2\/pages"}],"about":[{"href":"https:\/\/edureviewer.com\/es\/wp-json\/wp\/v2\/types\/page"}],"author":[{"embeddable":true,"href":"https:\/\/edureviewer.com\/es\/wp-json\/wp\/v2\/users\/2"}],"replies":[{"embeddable":true,"href":"https:\/\/edureviewer.com\/es\/wp-json\/wp\/v2\/comments?post=21495"}],"version-history":[{"count":10,"href":"https:\/\/edureviewer.com\/es\/wp-json\/wp\/v2\/pages\/21495\/revisions"}],"predecessor-version":[{"id":32215,"href":"https:\/\/edureviewer.com\/es\/wp-json\/wp\/v2\/pages\/21495\/revisions\/32215"}],"wp:featuredmedia":[{"embeddable":true,"href":"https:\/\/edureviewer.com\/es\/wp-json\/wp\/v2\/media\/21022"}],"wp:attachment":[{"href":"https:\/\/edureviewer.com\/es\/wp-json\/wp\/v2\/media?parent=21495"}],"curies":[{"name":"wp","href":"https:\/\/api.w.org\/{rel}","templated":true}]}}