{"id":21487,"date":"2022-09-29T20:16:46","date_gmt":"2022-09-29T17:16:46","guid":{"rendered":"https:\/\/edureviewer.com\/duolingo-vs-mosalingua\/"},"modified":"2024-05-17T15:56:20","modified_gmt":"2024-05-17T12:56:20","slug":"duolingo-vs-mosalingua","status":"publish","type":"page","link":"https:\/\/edureviewer.com\/es\/duolingo-y-mosalingua\/","title":{"rendered":"Duolingo vs Mosalingua: \u00bfCu\u00e1l es la mejor plataforma?"},"content":{"rendered":"","protected":false},"excerpt":{"rendered":"","protected":false},"author":2,"featured_media":20087,"parent":0,"menu_order":0,"comment_status":"closed","ping_status":"closed","template":"template-top.php","meta":[],"acf":[],"yoast_head":"<!-- This site is optimized with the Yoast SEO plugin v15.5 - https:\/\/yoast.com\/wordpress\/plugins\/seo\/ -->\n<title>Mosanligua vs Duolingo: \u00bfQui\u00e9n es mejor en 2026? - EduReviewer<\/title>\n<meta name=\"description\" content=\"La comparaci\u00f3n entre Mosalingua y Duolingo aparece a menudo en Internet. Est\u00e1s buscando cu\u00e1l es la mejor de las dos aplicaciones de aprendizaje de idiomas, lee esta rese\u00f1a hoy mismo.\" \/>\n<meta name=\"robots\" content=\"index, follow, max-snippet:-1, max-image-preview:large, max-video-preview:-1\" \/>\n<link rel=\"canonical\" href=\"https:\/\/edureviewer.com\/es\/duolingo-y-mosalingua\/\" \/>\n<meta property=\"og:locale\" content=\"es_ES\" \/>\n<meta property=\"og:type\" content=\"article\" \/>\n<meta property=\"og:title\" content=\"Mosanligua vs Duolingo: \u00bfQui\u00e9n es mejor en 2026? - EduReviewer\" \/>\n<meta property=\"og:description\" content=\"La comparaci\u00f3n entre Mosalingua y Duolingo aparece a menudo en Internet. Est\u00e1s buscando cu\u00e1l es la mejor de las dos aplicaciones de aprendizaje de idiomas, lee esta rese\u00f1a hoy mismo.\" \/>\n<meta property=\"og:url\" content=\"https:\/\/edureviewer.com\/es\/duolingo-y-mosalingua\/\" \/>\n<meta property=\"og:site_name\" content=\"EduReviewer\" \/>\n<meta property=\"article:publisher\" content=\"https:\/\/www.facebook.com\/EduReviewer\" \/>\n<meta property=\"article:modified_time\" content=\"2024-05-17T12:56:20+00:00\" \/>\n<meta property=\"og:image\" content=\"https:\/\/edureviewer.com\/wp-content\/uploads\/2022\/10\/duolingo-vs-Mosalingua.jpg\" \/>\n\t<meta property=\"og:image:width\" content=\"720\" \/>\n\t<meta property=\"og:image:height\" content=\"540\" \/>\n<meta name=\"twitter:card\" content=\"summary_large_image\" \/>\n<meta name=\"twitter:site\" content=\"@edureviewer\" \/>\n<script type=\"application\/ld+json\" class=\"yoast-schema-graph\">{\"@context\":\"https:\/\/schema.org\",\"@graph\":[{\"@type\":\"Organization\",\"@id\":\"https:\/\/edureviewer.com\/es\/#organization\",\"name\":\"EduReviewer\",\"url\":\"https:\/\/edureviewer.com\/es\/\",\"sameAs\":[\"https:\/\/www.facebook.com\/EduReviewer\",\"https:\/\/www.instagram.com\/edureviewer\/\",\"https:\/\/www.linkedin.com\/company\/edureviewercom\/\",\"https:\/\/www.youtube.com\/@EduReviewer\",\"https:\/\/twitter.com\/edureviewer\"],\"logo\":{\"@type\":\"ImageObject\",\"@id\":\"https:\/\/edureviewer.com\/es\/#logo\",\"inLanguage\":\"es\",\"url\":\"https:\/\/edureviewer.com\/wp-content\/uploads\/2021\/08\/edureviewer.png\",\"width\":130,\"height\":30,\"caption\":\"EduReviewer\"},\"image\":{\"@id\":\"https:\/\/edureviewer.com\/es\/#logo\"}},{\"@type\":\"WebSite\",\"@id\":\"https:\/\/edureviewer.com\/es\/#website\",\"url\":\"https:\/\/edureviewer.com\/es\/\",\"name\":\"EduReviewer\",\"description\":\"\",\"publisher\":{\"@id\":\"https:\/\/edureviewer.com\/es\/#organization\"},\"inLanguage\":\"es\"},{\"@type\":\"ImageObject\",\"@id\":\"https:\/\/edureviewer.com\/es\/duolingo-y-mosalingua\/#primaryimage\",\"inLanguage\":\"es\",\"url\":\"https:\/\/edureviewer.com\/wp-content\/uploads\/2022\/10\/duolingo-vs-Mosalingua.jpg\",\"width\":720,\"height\":540},{\"@type\":\"WebPage\",\"@id\":\"https:\/\/edureviewer.com\/es\/duolingo-y-mosalingua\/#webpage\",\"url\":\"https:\/\/edureviewer.com\/es\/duolingo-y-mosalingua\/\",\"name\":\"Mosanligua vs Duolingo: \\u00bfQui\\u00e9n es mejor en 2026? - EduReviewer\",\"isPartOf\":{\"@id\":\"https:\/\/edureviewer.com\/es\/#website\"},\"primaryImageOfPage\":{\"@id\":\"https:\/\/edureviewer.com\/es\/duolingo-y-mosalingua\/#primaryimage\"},\"datePublished\":\"2022-09-29T17:16:46+00:00\",\"dateModified\":\"2024-05-17T12:56:20+00:00\",\"description\":\"La comparaci\\u00f3n entre Mosalingua y Duolingo aparece a menudo en Internet. Est\\u00e1s buscando cu\\u00e1l es la mejor de las dos aplicaciones de aprendizaje de idiomas, lee esta rese\\u00f1a hoy mismo.\",\"inLanguage\":\"es\",\"potentialAction\":[{\"@type\":\"ReadAction\",\"target\":[\"https:\/\/edureviewer.com\/es\/duolingo-y-mosalingua\/\"]}]}]}<\/script>\n<!-- \/ Yoast SEO plugin. -->","_links":{"self":[{"href":"https:\/\/edureviewer.com\/es\/wp-json\/wp\/v2\/pages\/21487"}],"collection":[{"href":"https:\/\/edureviewer.com\/es\/wp-json\/wp\/v2\/pages"}],"about":[{"href":"https:\/\/edureviewer.com\/es\/wp-json\/wp\/v2\/types\/page"}],"author":[{"embeddable":true,"href":"https:\/\/edureviewer.com\/es\/wp-json\/wp\/v2\/users\/2"}],"replies":[{"embeddable":true,"href":"https:\/\/edureviewer.com\/es\/wp-json\/wp\/v2\/comments?post=21487"}],"version-history":[{"count":8,"href":"https:\/\/edureviewer.com\/es\/wp-json\/wp\/v2\/pages\/21487\/revisions"}],"predecessor-version":[{"id":145990,"href":"https:\/\/edureviewer.com\/es\/wp-json\/wp\/v2\/pages\/21487\/revisions\/145990"}],"wp:featuredmedia":[{"embeddable":true,"href":"https:\/\/edureviewer.com\/es\/wp-json\/wp\/v2\/media\/20087"}],"wp:attachment":[{"href":"https:\/\/edureviewer.com\/es\/wp-json\/wp\/v2\/media?parent=21487"}],"curies":[{"name":"wp","href":"https:\/\/api.w.org\/{rel}","templated":true}]}}