{"id":21485,"date":"2022-09-02T16:13:55","date_gmt":"2022-09-02T13:13:55","guid":{"rendered":"https:\/\/edureviewer.com\/ginger-software-vs-grammarly\/"},"modified":"2024-09-12T01:23:41","modified_gmt":"2024-09-11T22:23:41","slug":"ginger-software-vs-grammarly","status":"publish","type":"page","link":"https:\/\/edureviewer.com\/es\/grammarly-vs-ginger-software\/","title":{"rendered":"Grammarly vs Ginger: \u00bfCu\u00e1l es m\u00e1s \u00fatil?"},"content":{"rendered":"","protected":false},"excerpt":{"rendered":"","protected":false},"author":2,"featured_media":17573,"parent":0,"menu_order":0,"comment_status":"closed","ping_status":"closed","template":"template-top.php","meta":[],"acf":[],"yoast_head":"<!-- This site is optimized with the Yoast SEO plugin v15.5 - https:\/\/yoast.com\/wordpress\/plugins\/seo\/ -->\n<title>Grammarly vs Ginger: \u00bfCu\u00e1l es m\u00e1s \u00fatil? - EduReviewer<\/title>\n<meta name=\"description\" content=\"\u00bfTe preguntas cu\u00e1l tiene las mejores caracter\u00edsticas, Grammarly o Ginger? Lee nuestro art\u00edculo para descubrirlo.\" \/>\n<meta name=\"robots\" content=\"index, follow, max-snippet:-1, max-image-preview:large, max-video-preview:-1\" \/>\n<link rel=\"canonical\" href=\"https:\/\/edureviewer.com\/es\/grammarly-vs-ginger-software\/\" \/>\n<meta property=\"og:locale\" content=\"es_ES\" \/>\n<meta property=\"og:type\" content=\"article\" \/>\n<meta property=\"og:title\" content=\"Grammarly vs Ginger: \u00bfCu\u00e1l es m\u00e1s \u00fatil? - EduReviewer\" \/>\n<meta property=\"og:description\" content=\"\u00bfTe preguntas cu\u00e1l tiene las mejores caracter\u00edsticas, Grammarly o Ginger? Lee nuestro art\u00edculo para descubrirlo.\" \/>\n<meta property=\"og:url\" content=\"https:\/\/edureviewer.com\/es\/grammarly-vs-ginger-software\/\" \/>\n<meta property=\"og:site_name\" content=\"EduReviewer\" \/>\n<meta property=\"article:publisher\" content=\"https:\/\/www.facebook.com\/EduReviewer\" \/>\n<meta property=\"article:modified_time\" content=\"2024-09-11T22:23:41+00:00\" \/>\n<meta property=\"og:image\" content=\"https:\/\/edureviewer.com\/wp-content\/uploads\/2022\/09\/Grammarly-vs-Ginger.jpg\" \/>\n\t<meta property=\"og:image:width\" content=\"720\" \/>\n\t<meta property=\"og:image:height\" content=\"540\" \/>\n<meta name=\"twitter:card\" content=\"summary_large_image\" \/>\n<meta name=\"twitter:site\" content=\"@edureviewer\" \/>\n<script type=\"application\/ld+json\" class=\"yoast-schema-graph\">{\"@context\":\"https:\/\/schema.org\",\"@graph\":[{\"@type\":\"Organization\",\"@id\":\"https:\/\/edureviewer.com\/es\/#organization\",\"name\":\"EduReviewer\",\"url\":\"https:\/\/edureviewer.com\/es\/\",\"sameAs\":[\"https:\/\/www.facebook.com\/EduReviewer\",\"https:\/\/www.instagram.com\/edureviewer\/\",\"https:\/\/www.linkedin.com\/company\/edureviewercom\/\",\"https:\/\/www.youtube.com\/@EduReviewer\",\"https:\/\/twitter.com\/edureviewer\"],\"logo\":{\"@type\":\"ImageObject\",\"@id\":\"https:\/\/edureviewer.com\/es\/#logo\",\"inLanguage\":\"es\",\"url\":\"https:\/\/edureviewer.com\/wp-content\/uploads\/2021\/08\/edureviewer.png\",\"width\":130,\"height\":30,\"caption\":\"EduReviewer\"},\"image\":{\"@id\":\"https:\/\/edureviewer.com\/es\/#logo\"}},{\"@type\":\"WebSite\",\"@id\":\"https:\/\/edureviewer.com\/es\/#website\",\"url\":\"https:\/\/edureviewer.com\/es\/\",\"name\":\"EduReviewer\",\"description\":\"\",\"publisher\":{\"@id\":\"https:\/\/edureviewer.com\/es\/#organization\"},\"inLanguage\":\"es\"},{\"@type\":\"ImageObject\",\"@id\":\"https:\/\/edureviewer.com\/es\/grammarly-vs-ginger-software\/#primaryimage\",\"inLanguage\":\"es\",\"url\":\"https:\/\/edureviewer.com\/wp-content\/uploads\/2022\/09\/Grammarly-vs-Ginger.jpg\",\"width\":720,\"height\":540},{\"@type\":\"WebPage\",\"@id\":\"https:\/\/edureviewer.com\/es\/grammarly-vs-ginger-software\/#webpage\",\"url\":\"https:\/\/edureviewer.com\/es\/grammarly-vs-ginger-software\/\",\"name\":\"Grammarly vs Ginger: \\u00bfCu\\u00e1l es m\\u00e1s \\u00fatil? - EduReviewer\",\"isPartOf\":{\"@id\":\"https:\/\/edureviewer.com\/es\/#website\"},\"primaryImageOfPage\":{\"@id\":\"https:\/\/edureviewer.com\/es\/grammarly-vs-ginger-software\/#primaryimage\"},\"datePublished\":\"2022-09-02T13:13:55+00:00\",\"dateModified\":\"2024-09-11T22:23:41+00:00\",\"description\":\"\\u00bfTe preguntas cu\\u00e1l tiene las mejores caracter\\u00edsticas, Grammarly o Ginger? Lee nuestro art\\u00edculo para descubrirlo.\",\"inLanguage\":\"es\",\"potentialAction\":[{\"@type\":\"ReadAction\",\"target\":[\"https:\/\/edureviewer.com\/es\/grammarly-vs-ginger-software\/\"]}]}]}<\/script>\n<!-- \/ Yoast SEO plugin. -->","_links":{"self":[{"href":"https:\/\/edureviewer.com\/es\/wp-json\/wp\/v2\/pages\/21485"}],"collection":[{"href":"https:\/\/edureviewer.com\/es\/wp-json\/wp\/v2\/pages"}],"about":[{"href":"https:\/\/edureviewer.com\/es\/wp-json\/wp\/v2\/types\/page"}],"author":[{"embeddable":true,"href":"https:\/\/edureviewer.com\/es\/wp-json\/wp\/v2\/users\/2"}],"replies":[{"embeddable":true,"href":"https:\/\/edureviewer.com\/es\/wp-json\/wp\/v2\/comments?post=21485"}],"version-history":[{"count":9,"href":"https:\/\/edureviewer.com\/es\/wp-json\/wp\/v2\/pages\/21485\/revisions"}],"predecessor-version":[{"id":148620,"href":"https:\/\/edureviewer.com\/es\/wp-json\/wp\/v2\/pages\/21485\/revisions\/148620"}],"wp:featuredmedia":[{"embeddable":true,"href":"https:\/\/edureviewer.com\/es\/wp-json\/wp\/v2\/media\/17573"}],"wp:attachment":[{"href":"https:\/\/edureviewer.com\/es\/wp-json\/wp\/v2\/media?parent=21485"}],"curies":[{"name":"wp","href":"https:\/\/api.w.org\/{rel}","templated":true}]}}