{"id":20707,"date":"2022-07-27T11:51:55","date_gmt":"2022-07-27T08:51:55","guid":{"rendered":"https:\/\/edureviewer.com\/hellotalk-vs-italki-comparison-for-students-and-teachers\/"},"modified":"2023-02-26T19:33:37","modified_gmt":"2023-02-26T16:33:37","slug":"hellotalk-vs-italki-comparison-for-students-and-teachers","status":"publish","type":"page","link":"https:\/\/edureviewer.com\/es\/italki-vs-hellotalk\/","title":{"rendered":"HelloTalk vs. italki: Comparaci\u00f3n para estudiantes"},"content":{"rendered":"","protected":false},"excerpt":{"rendered":"","protected":false},"author":2,"featured_media":16831,"parent":0,"menu_order":0,"comment_status":"closed","ping_status":"closed","template":"template-top.php","meta":[],"acf":[],"yoast_head":"<!-- This site is optimized with the Yoast SEO plugin v15.5 - https:\/\/yoast.com\/wordpress\/plugins\/seo\/ -->\n<title>italki vs HelloTalk: \u00bfQu\u00e9 plataforma es mejor en 2026? - EduReviewer<\/title>\n<meta name=\"description\" content=\"Nuestra rese\u00f1a completa de HelloTalk vs. italki comparar\u00e1 las dos aplicaciones de aprendizaje de idiomas para quien haya o\u00eddo hablar de ambas pero no est\u00e9 seguro de cu\u00e1l elegir.\" \/>\n<meta name=\"robots\" content=\"index, follow, max-snippet:-1, max-image-preview:large, max-video-preview:-1\" \/>\n<link rel=\"canonical\" href=\"https:\/\/edureviewer.com\/es\/italki-vs-hellotalk\/\" \/>\n<meta property=\"og:locale\" content=\"es_ES\" \/>\n<meta property=\"og:type\" content=\"article\" \/>\n<meta property=\"og:title\" content=\"italki vs HelloTalk: \u00bfQu\u00e9 plataforma es mejor en 2026? - EduReviewer\" \/>\n<meta property=\"og:description\" content=\"Nuestra rese\u00f1a completa de HelloTalk vs. italki comparar\u00e1 las dos aplicaciones de aprendizaje de idiomas para quien haya o\u00eddo hablar de ambas pero no est\u00e9 seguro de cu\u00e1l elegir.\" \/>\n<meta property=\"og:url\" content=\"https:\/\/edureviewer.com\/es\/italki-vs-hellotalk\/\" \/>\n<meta property=\"og:site_name\" content=\"EduReviewer\" \/>\n<meta property=\"article:publisher\" content=\"https:\/\/www.facebook.com\/EduReviewer\" \/>\n<meta property=\"article:modified_time\" content=\"2023-02-26T16:33:37+00:00\" \/>\n<meta property=\"og:image\" content=\"https:\/\/edureviewer.com\/wp-content\/uploads\/2022\/07\/hellotalk-and-italki.jpg\" \/>\n\t<meta property=\"og:image:width\" content=\"800\" \/>\n\t<meta property=\"og:image:height\" content=\"600\" \/>\n<meta name=\"twitter:card\" content=\"summary_large_image\" \/>\n<meta name=\"twitter:site\" content=\"@edureviewer\" \/>\n<script type=\"application\/ld+json\" class=\"yoast-schema-graph\">{\"@context\":\"https:\/\/schema.org\",\"@graph\":[{\"@type\":\"Organization\",\"@id\":\"https:\/\/edureviewer.com\/es\/#organization\",\"name\":\"EduReviewer\",\"url\":\"https:\/\/edureviewer.com\/es\/\",\"sameAs\":[\"https:\/\/www.facebook.com\/EduReviewer\",\"https:\/\/www.instagram.com\/edureviewer\/\",\"https:\/\/www.linkedin.com\/company\/edureviewercom\/\",\"https:\/\/www.youtube.com\/@EduReviewer\",\"https:\/\/twitter.com\/edureviewer\"],\"logo\":{\"@type\":\"ImageObject\",\"@id\":\"https:\/\/edureviewer.com\/es\/#logo\",\"inLanguage\":\"es\",\"url\":\"https:\/\/edureviewer.com\/wp-content\/uploads\/2021\/08\/edureviewer.png\",\"width\":130,\"height\":30,\"caption\":\"EduReviewer\"},\"image\":{\"@id\":\"https:\/\/edureviewer.com\/es\/#logo\"}},{\"@type\":\"WebSite\",\"@id\":\"https:\/\/edureviewer.com\/es\/#website\",\"url\":\"https:\/\/edureviewer.com\/es\/\",\"name\":\"EduReviewer\",\"description\":\"\",\"publisher\":{\"@id\":\"https:\/\/edureviewer.com\/es\/#organization\"},\"inLanguage\":\"es\"},{\"@type\":\"ImageObject\",\"@id\":\"https:\/\/edureviewer.com\/es\/italki-vs-hellotalk\/#primaryimage\",\"inLanguage\":\"es\",\"url\":\"https:\/\/edureviewer.com\/wp-content\/uploads\/2022\/07\/hellotalk-and-italki.jpg\",\"width\":800,\"height\":600},{\"@type\":\"WebPage\",\"@id\":\"https:\/\/edureviewer.com\/es\/italki-vs-hellotalk\/#webpage\",\"url\":\"https:\/\/edureviewer.com\/es\/italki-vs-hellotalk\/\",\"name\":\"italki vs HelloTalk: \\u00bfQu\\u00e9 plataforma es mejor en 2026? - EduReviewer\",\"isPartOf\":{\"@id\":\"https:\/\/edureviewer.com\/es\/#website\"},\"primaryImageOfPage\":{\"@id\":\"https:\/\/edureviewer.com\/es\/italki-vs-hellotalk\/#primaryimage\"},\"datePublished\":\"2022-07-27T08:51:55+00:00\",\"dateModified\":\"2023-02-26T16:33:37+00:00\",\"description\":\"Nuestra rese\\u00f1a completa de HelloTalk vs. italki comparar\\u00e1 las dos aplicaciones de aprendizaje de idiomas para quien haya o\\u00eddo hablar de ambas pero no est\\u00e9 seguro de cu\\u00e1l elegir.\",\"inLanguage\":\"es\",\"potentialAction\":[{\"@type\":\"ReadAction\",\"target\":[\"https:\/\/edureviewer.com\/es\/italki-vs-hellotalk\/\"]}]}]}<\/script>\n<!-- \/ Yoast SEO plugin. -->","_links":{"self":[{"href":"https:\/\/edureviewer.com\/es\/wp-json\/wp\/v2\/pages\/20707"}],"collection":[{"href":"https:\/\/edureviewer.com\/es\/wp-json\/wp\/v2\/pages"}],"about":[{"href":"https:\/\/edureviewer.com\/es\/wp-json\/wp\/v2\/types\/page"}],"author":[{"embeddable":true,"href":"https:\/\/edureviewer.com\/es\/wp-json\/wp\/v2\/users\/2"}],"replies":[{"embeddable":true,"href":"https:\/\/edureviewer.com\/es\/wp-json\/wp\/v2\/comments?post=20707"}],"version-history":[{"count":4,"href":"https:\/\/edureviewer.com\/es\/wp-json\/wp\/v2\/pages\/20707\/revisions"}],"predecessor-version":[{"id":22892,"href":"https:\/\/edureviewer.com\/es\/wp-json\/wp\/v2\/pages\/20707\/revisions\/22892"}],"wp:featuredmedia":[{"embeddable":true,"href":"https:\/\/edureviewer.com\/es\/wp-json\/wp\/v2\/media\/16831"}],"wp:attachment":[{"href":"https:\/\/edureviewer.com\/es\/wp-json\/wp\/v2\/media?parent=20707"}],"curies":[{"name":"wp","href":"https:\/\/api.w.org\/{rel}","templated":true}]}}