{"id":20705,"date":"2022-08-27T17:52:57","date_gmt":"2022-08-27T14:52:57","guid":{"rendered":"https:\/\/edureviewer.com\/cambly-vs-preply-detailed-comparison\/"},"modified":"2023-02-26T19:50:50","modified_gmt":"2023-02-26T16:50:50","slug":"cambly-vs-preply-detailed-comparison","status":"publish","type":"page","link":"https:\/\/edureviewer.com\/es\/cambly-vs-preply\/","title":{"rendered":"Cambly vs Preply: Comparaci\u00f3n detallada"},"content":{"rendered":"","protected":false},"excerpt":{"rendered":"","protected":false},"author":2,"featured_media":130920,"parent":0,"menu_order":0,"comment_status":"closed","ping_status":"closed","template":"template-top.php","meta":[],"acf":[],"yoast_head":"<!-- This site is optimized with the Yoast SEO plugin v15.5 - https:\/\/yoast.com\/wordpress\/plugins\/seo\/ -->\n<title>Preply vs Cambly: \u00bfQui\u00e9n es mejor 2026? - EduReviewer<\/title>\n<meta name=\"description\" content=\"Aprende c\u00f3mo Preply y Cambly pueden ayudarte a hablar mejor el ingl\u00e9s. Estas plataformas son una gran elecci\u00f3n para estudiantes y tutores\" \/>\n<meta name=\"robots\" content=\"index, follow, max-snippet:-1, max-image-preview:large, max-video-preview:-1\" \/>\n<link rel=\"canonical\" href=\"https:\/\/edureviewer.com\/es\/cambly-vs-preply\/\" \/>\n<meta property=\"og:locale\" content=\"es_ES\" \/>\n<meta property=\"og:type\" content=\"article\" \/>\n<meta property=\"og:title\" content=\"Preply vs Cambly: \u00bfQui\u00e9n es mejor 2026? - EduReviewer\" \/>\n<meta property=\"og:description\" content=\"Aprende c\u00f3mo Preply y Cambly pueden ayudarte a hablar mejor el ingl\u00e9s. Estas plataformas son una gran elecci\u00f3n para estudiantes y tutores\" \/>\n<meta property=\"og:url\" content=\"https:\/\/edureviewer.com\/es\/cambly-vs-preply\/\" \/>\n<meta property=\"og:site_name\" content=\"EduReviewer\" \/>\n<meta property=\"article:publisher\" content=\"https:\/\/www.facebook.com\/EduReviewer\" \/>\n<meta property=\"article:modified_time\" content=\"2023-02-26T16:50:50+00:00\" \/>\n<meta property=\"og:image\" content=\"https:\/\/edureviewer.com\/wp-content\/uploads\/2022\/11\/preply-vs-cambly.jpg\" \/>\n\t<meta property=\"og:image:width\" content=\"720\" \/>\n\t<meta property=\"og:image:height\" content=\"540\" \/>\n<meta name=\"twitter:card\" content=\"summary_large_image\" \/>\n<meta name=\"twitter:site\" content=\"@edureviewer\" \/>\n<script type=\"application\/ld+json\" class=\"yoast-schema-graph\">{\"@context\":\"https:\/\/schema.org\",\"@graph\":[{\"@type\":\"Organization\",\"@id\":\"https:\/\/edureviewer.com\/es\/#organization\",\"name\":\"EduReviewer\",\"url\":\"https:\/\/edureviewer.com\/es\/\",\"sameAs\":[\"https:\/\/www.facebook.com\/EduReviewer\",\"https:\/\/www.instagram.com\/edureviewer\/\",\"https:\/\/www.linkedin.com\/company\/edureviewercom\/\",\"https:\/\/www.youtube.com\/@EduReviewer\",\"https:\/\/twitter.com\/edureviewer\"],\"logo\":{\"@type\":\"ImageObject\",\"@id\":\"https:\/\/edureviewer.com\/es\/#logo\",\"inLanguage\":\"es\",\"url\":\"https:\/\/edureviewer.com\/wp-content\/uploads\/2021\/08\/edureviewer.png\",\"width\":130,\"height\":30,\"caption\":\"EduReviewer\"},\"image\":{\"@id\":\"https:\/\/edureviewer.com\/es\/#logo\"}},{\"@type\":\"WebSite\",\"@id\":\"https:\/\/edureviewer.com\/es\/#website\",\"url\":\"https:\/\/edureviewer.com\/es\/\",\"name\":\"EduReviewer\",\"description\":\"\",\"publisher\":{\"@id\":\"https:\/\/edureviewer.com\/es\/#organization\"},\"inLanguage\":\"es\"},{\"@type\":\"ImageObject\",\"@id\":\"https:\/\/edureviewer.com\/es\/cambly-vs-preply\/#primaryimage\",\"inLanguage\":\"es\",\"url\":\"https:\/\/edureviewer.com\/wp-content\/uploads\/2023\/11\/cambly-vs-preply.jpg\",\"width\":1080,\"height\":764,\"caption\":\"preply vs cambly\"},{\"@type\":\"WebPage\",\"@id\":\"https:\/\/edureviewer.com\/es\/cambly-vs-preply\/#webpage\",\"url\":\"https:\/\/edureviewer.com\/es\/cambly-vs-preply\/\",\"name\":\"Preply vs Cambly: \\u00bfQui\\u00e9n es mejor 2026? - EduReviewer\",\"isPartOf\":{\"@id\":\"https:\/\/edureviewer.com\/es\/#website\"},\"primaryImageOfPage\":{\"@id\":\"https:\/\/edureviewer.com\/es\/cambly-vs-preply\/#primaryimage\"},\"datePublished\":\"2022-08-27T14:52:57+00:00\",\"dateModified\":\"2023-02-26T16:50:50+00:00\",\"description\":\"Aprende c\\u00f3mo Preply y Cambly pueden ayudarte a hablar mejor el ingl\\u00e9s. Estas plataformas son una gran elecci\\u00f3n para estudiantes y tutores\",\"inLanguage\":\"es\",\"potentialAction\":[{\"@type\":\"ReadAction\",\"target\":[\"https:\/\/edureviewer.com\/es\/cambly-vs-preply\/\"]}]}]}<\/script>\n<!-- \/ Yoast SEO plugin. -->","_links":{"self":[{"href":"https:\/\/edureviewer.com\/es\/wp-json\/wp\/v2\/pages\/20705"}],"collection":[{"href":"https:\/\/edureviewer.com\/es\/wp-json\/wp\/v2\/pages"}],"about":[{"href":"https:\/\/edureviewer.com\/es\/wp-json\/wp\/v2\/types\/page"}],"author":[{"embeddable":true,"href":"https:\/\/edureviewer.com\/es\/wp-json\/wp\/v2\/users\/2"}],"replies":[{"embeddable":true,"href":"https:\/\/edureviewer.com\/es\/wp-json\/wp\/v2\/comments?post=20705"}],"version-history":[{"count":3,"href":"https:\/\/edureviewer.com\/es\/wp-json\/wp\/v2\/pages\/20705\/revisions"}],"predecessor-version":[{"id":22896,"href":"https:\/\/edureviewer.com\/es\/wp-json\/wp\/v2\/pages\/20705\/revisions\/22896"}],"wp:featuredmedia":[{"embeddable":true,"href":"https:\/\/edureviewer.com\/es\/wp-json\/wp\/v2\/media\/130920"}],"wp:attachment":[{"href":"https:\/\/edureviewer.com\/es\/wp-json\/wp\/v2\/media?parent=20705"}],"curies":[{"name":"wp","href":"https:\/\/api.w.org\/{rel}","templated":true}]}}