{"id":20699,"date":"2022-09-29T19:55:34","date_gmt":"2022-09-29T16:55:34","guid":{"rendered":"https:\/\/edureviewer.com\/cambly-vs-lingoda-who-wins\/"},"modified":"2024-05-17T15:54:26","modified_gmt":"2024-05-17T12:54:26","slug":"cambly-vs-lingoda-who-wins","status":"publish","type":"page","link":"https:\/\/edureviewer.com\/es\/cambly-vs-lingoda\/","title":{"rendered":"Cambly vs Lingoda: \u00bfQui\u00e9n gana?"},"content":{"rendered":"","protected":false},"excerpt":{"rendered":"","protected":false},"author":2,"featured_media":22858,"parent":0,"menu_order":0,"comment_status":"closed","ping_status":"closed","template":"template-top.php","meta":[],"acf":[],"yoast_head":"<!-- This site is optimized with the Yoast SEO plugin v15.5 - https:\/\/yoast.com\/wordpress\/plugins\/seo\/ -->\n<title>Lingoda vs Cambly: \u00bfCu\u00e1l es mejor en 2026? - EduReviewer<\/title>\n<meta name=\"description\" content=\"Lingoda vs. Cambly es una cuesti\u00f3n de debate muy popular entre los extranjeros, aunque ambos son buenos, esta revisi\u00f3n da pistas sobre cu\u00e1l es el mejor para un nuevo idioma.\" \/>\n<meta name=\"robots\" content=\"index, follow, max-snippet:-1, max-image-preview:large, max-video-preview:-1\" \/>\n<link rel=\"canonical\" href=\"https:\/\/edureviewer.com\/es\/cambly-vs-lingoda\/\" \/>\n<meta property=\"og:locale\" content=\"es_ES\" \/>\n<meta property=\"og:type\" content=\"article\" \/>\n<meta property=\"og:title\" content=\"Lingoda vs Cambly: \u00bfCu\u00e1l es mejor en 2026? - EduReviewer\" \/>\n<meta property=\"og:description\" content=\"Lingoda vs. Cambly es una cuesti\u00f3n de debate muy popular entre los extranjeros, aunque ambos son buenos, esta revisi\u00f3n da pistas sobre cu\u00e1l es el mejor para un nuevo idioma.\" \/>\n<meta property=\"og:url\" content=\"https:\/\/edureviewer.com\/es\/cambly-vs-lingoda\/\" \/>\n<meta property=\"og:site_name\" content=\"EduReviewer\" \/>\n<meta property=\"article:publisher\" content=\"https:\/\/www.facebook.com\/EduReviewer\" \/>\n<meta property=\"article:modified_time\" content=\"2024-05-17T12:54:26+00:00\" \/>\n<meta property=\"og:image\" content=\"https:\/\/edureviewer.com\/wp-content\/uploads\/2023\/02\/lingoda-vs-cambly.jpg\" \/>\n\t<meta property=\"og:image:width\" content=\"720\" \/>\n\t<meta property=\"og:image:height\" content=\"540\" \/>\n<meta name=\"twitter:card\" content=\"summary_large_image\" \/>\n<meta name=\"twitter:site\" content=\"@edureviewer\" \/>\n<script type=\"application\/ld+json\" class=\"yoast-schema-graph\">{\"@context\":\"https:\/\/schema.org\",\"@graph\":[{\"@type\":\"Organization\",\"@id\":\"https:\/\/edureviewer.com\/es\/#organization\",\"name\":\"EduReviewer\",\"url\":\"https:\/\/edureviewer.com\/es\/\",\"sameAs\":[\"https:\/\/www.facebook.com\/EduReviewer\",\"https:\/\/www.instagram.com\/edureviewer\/\",\"https:\/\/www.linkedin.com\/company\/edureviewercom\/\",\"https:\/\/www.youtube.com\/@EduReviewer\",\"https:\/\/twitter.com\/edureviewer\"],\"logo\":{\"@type\":\"ImageObject\",\"@id\":\"https:\/\/edureviewer.com\/es\/#logo\",\"inLanguage\":\"es\",\"url\":\"https:\/\/edureviewer.com\/wp-content\/uploads\/2021\/08\/edureviewer.png\",\"width\":130,\"height\":30,\"caption\":\"EduReviewer\"},\"image\":{\"@id\":\"https:\/\/edureviewer.com\/es\/#logo\"}},{\"@type\":\"WebSite\",\"@id\":\"https:\/\/edureviewer.com\/es\/#website\",\"url\":\"https:\/\/edureviewer.com\/es\/\",\"name\":\"EduReviewer\",\"description\":\"\",\"publisher\":{\"@id\":\"https:\/\/edureviewer.com\/es\/#organization\"},\"inLanguage\":\"es\"},{\"@type\":\"ImageObject\",\"@id\":\"https:\/\/edureviewer.com\/es\/cambly-vs-lingoda\/#primaryimage\",\"inLanguage\":\"es\",\"url\":\"https:\/\/edureviewer.com\/wp-content\/uploads\/2023\/02\/lingoda-vs-cambly.jpg\",\"width\":720,\"height\":540,\"caption\":\"lingoda vs cambly\"},{\"@type\":\"WebPage\",\"@id\":\"https:\/\/edureviewer.com\/es\/cambly-vs-lingoda\/#webpage\",\"url\":\"https:\/\/edureviewer.com\/es\/cambly-vs-lingoda\/\",\"name\":\"Lingoda vs Cambly: \\u00bfCu\\u00e1l es mejor en 2026? - EduReviewer\",\"isPartOf\":{\"@id\":\"https:\/\/edureviewer.com\/es\/#website\"},\"primaryImageOfPage\":{\"@id\":\"https:\/\/edureviewer.com\/es\/cambly-vs-lingoda\/#primaryimage\"},\"datePublished\":\"2022-09-29T16:55:34+00:00\",\"dateModified\":\"2024-05-17T12:54:26+00:00\",\"description\":\"Lingoda vs. Cambly es una cuesti\\u00f3n de debate muy popular entre los extranjeros, aunque ambos son buenos, esta revisi\\u00f3n da pistas sobre cu\\u00e1l es el mejor para un nuevo idioma.\",\"inLanguage\":\"es\",\"potentialAction\":[{\"@type\":\"ReadAction\",\"target\":[\"https:\/\/edureviewer.com\/es\/cambly-vs-lingoda\/\"]}]}]}<\/script>\n<!-- \/ Yoast SEO plugin. -->","_links":{"self":[{"href":"https:\/\/edureviewer.com\/es\/wp-json\/wp\/v2\/pages\/20699"}],"collection":[{"href":"https:\/\/edureviewer.com\/es\/wp-json\/wp\/v2\/pages"}],"about":[{"href":"https:\/\/edureviewer.com\/es\/wp-json\/wp\/v2\/types\/page"}],"author":[{"embeddable":true,"href":"https:\/\/edureviewer.com\/es\/wp-json\/wp\/v2\/users\/2"}],"replies":[{"embeddable":true,"href":"https:\/\/edureviewer.com\/es\/wp-json\/wp\/v2\/comments?post=20699"}],"version-history":[{"count":7,"href":"https:\/\/edureviewer.com\/es\/wp-json\/wp\/v2\/pages\/20699\/revisions"}],"predecessor-version":[{"id":145989,"href":"https:\/\/edureviewer.com\/es\/wp-json\/wp\/v2\/pages\/20699\/revisions\/145989"}],"wp:featuredmedia":[{"embeddable":true,"href":"https:\/\/edureviewer.com\/es\/wp-json\/wp\/v2\/media\/22858"}],"wp:attachment":[{"href":"https:\/\/edureviewer.com\/es\/wp-json\/wp\/v2\/media?parent=20699"}],"curies":[{"name":"wp","href":"https:\/\/api.w.org\/{rel}","templated":true}]}}