{"id":20687,"date":"2022-01-24T18:07:22","date_gmt":"2022-01-24T15:07:22","guid":{"rendered":"https:\/\/edureviewer.com\/preply-vs-italki\/"},"modified":"2023-05-26T16:57:24","modified_gmt":"2023-05-26T13:57:24","slug":"preply-vs-italki","status":"publish","type":"page","link":"https:\/\/edureviewer.com\/es\/preply-vs-italki\/","title":{"rendered":"italki vs Preply: Comparaci\u00f3n completa"},"content":{"rendered":"","protected":false},"excerpt":{"rendered":"","protected":false},"author":3,"featured_media":130908,"parent":0,"menu_order":0,"comment_status":"closed","ping_status":"closed","template":"template-top.php","meta":[],"acf":[],"yoast_head":"<!-- This site is optimized with the Yoast SEO plugin v15.5 - https:\/\/yoast.com\/wordpress\/plugins\/seo\/ -->\n<title>Preply vs Italki: \u00bfCu\u00e1l tiene mejores cursos en 2026? - EduReviewer<\/title>\n<meta name=\"description\" content=\"Preply e Italki son plataformas populares de aprendizaje de idiomas. La revisi\u00f3n y la comparaci\u00f3n tienen como objetivo ayudar a los posibles clientes a elegir la m\u00e1s adecuada.\" \/>\n<meta name=\"robots\" content=\"index, follow, max-snippet:-1, max-image-preview:large, max-video-preview:-1\" \/>\n<link rel=\"canonical\" href=\"https:\/\/edureviewer.com\/es\/preply-vs-italki\/\" \/>\n<meta property=\"og:locale\" content=\"es_ES\" \/>\n<meta property=\"og:type\" content=\"article\" \/>\n<meta property=\"og:title\" content=\"Preply vs Italki: \u00bfCu\u00e1l tiene mejores cursos en 2026? - EduReviewer\" \/>\n<meta property=\"og:description\" content=\"Preply e Italki son plataformas populares de aprendizaje de idiomas. La revisi\u00f3n y la comparaci\u00f3n tienen como objetivo ayudar a los posibles clientes a elegir la m\u00e1s adecuada.\" \/>\n<meta property=\"og:url\" content=\"https:\/\/edureviewer.com\/es\/preply-vs-italki\/\" \/>\n<meta property=\"og:site_name\" content=\"EduReviewer\" \/>\n<meta property=\"article:publisher\" content=\"https:\/\/www.facebook.com\/EduReviewer\" \/>\n<meta property=\"article:modified_time\" content=\"2023-05-26T13:57:24+00:00\" \/>\n<meta property=\"og:image\" content=\"https:\/\/edureviewer.com\/wp-content\/uploads\/2022\/01\/italki-vs-preply.jpg\" \/>\n\t<meta property=\"og:image:width\" content=\"1024\" \/>\n\t<meta property=\"og:image:height\" content=\"768\" \/>\n<meta name=\"twitter:card\" content=\"summary_large_image\" \/>\n<meta name=\"twitter:site\" content=\"@edureviewer\" \/>\n<script type=\"application\/ld+json\" class=\"yoast-schema-graph\">{\"@context\":\"https:\/\/schema.org\",\"@graph\":[{\"@type\":\"Organization\",\"@id\":\"https:\/\/edureviewer.com\/es\/#organization\",\"name\":\"EduReviewer\",\"url\":\"https:\/\/edureviewer.com\/es\/\",\"sameAs\":[\"https:\/\/www.facebook.com\/EduReviewer\",\"https:\/\/www.instagram.com\/edureviewer\/\",\"https:\/\/www.linkedin.com\/company\/edureviewercom\/\",\"https:\/\/www.youtube.com\/@EduReviewer\",\"https:\/\/twitter.com\/edureviewer\"],\"logo\":{\"@type\":\"ImageObject\",\"@id\":\"https:\/\/edureviewer.com\/es\/#logo\",\"inLanguage\":\"es\",\"url\":\"https:\/\/edureviewer.com\/wp-content\/uploads\/2021\/08\/edureviewer.png\",\"width\":130,\"height\":30,\"caption\":\"EduReviewer\"},\"image\":{\"@id\":\"https:\/\/edureviewer.com\/es\/#logo\"}},{\"@type\":\"WebSite\",\"@id\":\"https:\/\/edureviewer.com\/es\/#website\",\"url\":\"https:\/\/edureviewer.com\/es\/\",\"name\":\"EduReviewer\",\"description\":\"\",\"publisher\":{\"@id\":\"https:\/\/edureviewer.com\/es\/#organization\"},\"inLanguage\":\"es\"},{\"@type\":\"ImageObject\",\"@id\":\"https:\/\/edureviewer.com\/es\/preply-vs-italki\/#primaryimage\",\"inLanguage\":\"es\",\"url\":\"https:\/\/edureviewer.com\/wp-content\/uploads\/2023\/11\/preply-vs-italki.jpg\",\"width\":1080,\"height\":764,\"caption\":\"italki vs preply\"},{\"@type\":\"WebPage\",\"@id\":\"https:\/\/edureviewer.com\/es\/preply-vs-italki\/#webpage\",\"url\":\"https:\/\/edureviewer.com\/es\/preply-vs-italki\/\",\"name\":\"Preply vs Italki: \\u00bfCu\\u00e1l tiene mejores cursos en 2026? - EduReviewer\",\"isPartOf\":{\"@id\":\"https:\/\/edureviewer.com\/es\/#website\"},\"primaryImageOfPage\":{\"@id\":\"https:\/\/edureviewer.com\/es\/preply-vs-italki\/#primaryimage\"},\"datePublished\":\"2022-01-24T15:07:22+00:00\",\"dateModified\":\"2023-05-26T13:57:24+00:00\",\"description\":\"Preply e Italki son plataformas populares de aprendizaje de idiomas. La revisi\\u00f3n y la comparaci\\u00f3n tienen como objetivo ayudar a los posibles clientes a elegir la m\\u00e1s adecuada.\",\"inLanguage\":\"es\",\"potentialAction\":[{\"@type\":\"ReadAction\",\"target\":[\"https:\/\/edureviewer.com\/es\/preply-vs-italki\/\"]}]}]}<\/script>\n<!-- \/ Yoast SEO plugin. -->","_links":{"self":[{"href":"https:\/\/edureviewer.com\/es\/wp-json\/wp\/v2\/pages\/20687"}],"collection":[{"href":"https:\/\/edureviewer.com\/es\/wp-json\/wp\/v2\/pages"}],"about":[{"href":"https:\/\/edureviewer.com\/es\/wp-json\/wp\/v2\/types\/page"}],"author":[{"embeddable":true,"href":"https:\/\/edureviewer.com\/es\/wp-json\/wp\/v2\/users\/3"}],"replies":[{"embeddable":true,"href":"https:\/\/edureviewer.com\/es\/wp-json\/wp\/v2\/comments?post=20687"}],"version-history":[{"count":10,"href":"https:\/\/edureviewer.com\/es\/wp-json\/wp\/v2\/pages\/20687\/revisions"}],"predecessor-version":[{"id":110354,"href":"https:\/\/edureviewer.com\/es\/wp-json\/wp\/v2\/pages\/20687\/revisions\/110354"}],"wp:featuredmedia":[{"embeddable":true,"href":"https:\/\/edureviewer.com\/es\/wp-json\/wp\/v2\/media\/130908"}],"wp:attachment":[{"href":"https:\/\/edureviewer.com\/es\/wp-json\/wp\/v2\/media?parent=20687"}],"curies":[{"name":"wp","href":"https:\/\/api.w.org\/{rel}","templated":true}]}}