{"id":20640,"date":"2020-11-03T16:09:44","date_gmt":"2020-11-03T13:09:44","guid":{"rendered":"https:\/\/edureviewer.com\/english-tutoring-services\/"},"modified":"2024-06-10T19:32:35","modified_gmt":"2024-06-10T16:32:35","slug":"english-tutoring-services","status":"publish","type":"page","link":"https:\/\/edureviewer.com\/es\/mejores-cursos-de-ingles\/","title":{"rendered":"Cursos de ingles recomendados: Encuentre el mejor curso de ingl\u00e9s para usted"},"content":{"rendered":"","protected":false},"excerpt":{"rendered":"","protected":false},"author":3,"featured_media":30989,"parent":0,"menu_order":0,"comment_status":"closed","ping_status":"closed","template":"template-top.php","meta":[],"acf":[],"yoast_head":"<!-- This site is optimized with the Yoast SEO plugin v15.5 - https:\/\/yoast.com\/wordpress\/plugins\/seo\/ -->\n<title>Mejores cursos de ingles online en 2026 - EduReviewer<\/title>\n<meta name=\"description\" content=\"Si est\u00e1s buscando los mejores profesores de ingl\u00e9s online, te tenemos. Consulta nuestra lista de los mejores servicios y empresas de cursos de ingl\u00e9s.\" \/>\n<meta name=\"robots\" content=\"index, follow, max-snippet:-1, max-image-preview:large, max-video-preview:-1\" \/>\n<link rel=\"canonical\" href=\"https:\/\/edureviewer.com\/es\/mejores-cursos-de-ingles\/\" \/>\n<meta property=\"og:locale\" content=\"es_ES\" \/>\n<meta property=\"og:type\" content=\"article\" \/>\n<meta property=\"og:title\" content=\"Mejores cursos de ingles online en 2026 - EduReviewer\" \/>\n<meta property=\"og:description\" content=\"Si est\u00e1s buscando los mejores profesores de ingl\u00e9s online, te tenemos. Consulta nuestra lista de los mejores servicios y empresas de cursos de ingl\u00e9s.\" \/>\n<meta property=\"og:url\" content=\"https:\/\/edureviewer.com\/es\/mejores-cursos-de-ingles\/\" \/>\n<meta property=\"og:site_name\" content=\"EduReviewer\" \/>\n<meta property=\"article:publisher\" content=\"https:\/\/www.facebook.com\/EduReviewer\" \/>\n<meta property=\"article:modified_time\" content=\"2024-06-10T16:32:35+00:00\" \/>\n<meta property=\"og:image\" content=\"https:\/\/edureviewer.com\/wp-content\/uploads\/2023\/03\/mejores-cursos-de-ingles.jpg\" \/>\n\t<meta property=\"og:image:width\" content=\"800\" \/>\n\t<meta property=\"og:image:height\" content=\"489\" \/>\n<meta name=\"twitter:card\" content=\"summary_large_image\" \/>\n<meta name=\"twitter:site\" content=\"@edureviewer\" \/>\n<script type=\"application\/ld+json\" class=\"yoast-schema-graph\">{\"@context\":\"https:\/\/schema.org\",\"@graph\":[{\"@type\":\"Organization\",\"@id\":\"https:\/\/edureviewer.com\/es\/#organization\",\"name\":\"EduReviewer\",\"url\":\"https:\/\/edureviewer.com\/es\/\",\"sameAs\":[\"https:\/\/www.facebook.com\/EduReviewer\",\"https:\/\/www.instagram.com\/edureviewer\/\",\"https:\/\/www.linkedin.com\/company\/edureviewercom\/\",\"https:\/\/www.youtube.com\/@EduReviewer\",\"https:\/\/twitter.com\/edureviewer\"],\"logo\":{\"@type\":\"ImageObject\",\"@id\":\"https:\/\/edureviewer.com\/es\/#logo\",\"inLanguage\":\"es\",\"url\":\"https:\/\/edureviewer.com\/wp-content\/uploads\/2021\/08\/edureviewer.png\",\"width\":130,\"height\":30,\"caption\":\"EduReviewer\"},\"image\":{\"@id\":\"https:\/\/edureviewer.com\/es\/#logo\"}},{\"@type\":\"WebSite\",\"@id\":\"https:\/\/edureviewer.com\/es\/#website\",\"url\":\"https:\/\/edureviewer.com\/es\/\",\"name\":\"EduReviewer\",\"description\":\"\",\"publisher\":{\"@id\":\"https:\/\/edureviewer.com\/es\/#organization\"},\"inLanguage\":\"es\"},{\"@type\":\"ImageObject\",\"@id\":\"https:\/\/edureviewer.com\/es\/mejores-cursos-de-ingles\/#primaryimage\",\"inLanguage\":\"es\",\"url\":\"https:\/\/edureviewer.com\/wp-content\/uploads\/2023\/03\/mejores-cursos-de-ingles.jpg\",\"width\":800,\"height\":489,\"caption\":\"los mejores cursos de ingles\"},{\"@type\":\"WebPage\",\"@id\":\"https:\/\/edureviewer.com\/es\/mejores-cursos-de-ingles\/#webpage\",\"url\":\"https:\/\/edureviewer.com\/es\/mejores-cursos-de-ingles\/\",\"name\":\"Mejores cursos de ingles online en 2026 - EduReviewer\",\"isPartOf\":{\"@id\":\"https:\/\/edureviewer.com\/es\/#website\"},\"primaryImageOfPage\":{\"@id\":\"https:\/\/edureviewer.com\/es\/mejores-cursos-de-ingles\/#primaryimage\"},\"datePublished\":\"2020-11-03T13:09:44+00:00\",\"dateModified\":\"2024-06-10T16:32:35+00:00\",\"description\":\"Si est\\u00e1s buscando los mejores profesores de ingl\\u00e9s online, te tenemos. Consulta nuestra lista de los mejores servicios y empresas de cursos de ingl\\u00e9s.\",\"inLanguage\":\"es\",\"potentialAction\":[{\"@type\":\"ReadAction\",\"target\":[\"https:\/\/edureviewer.com\/es\/mejores-cursos-de-ingles\/\"]}]}]}<\/script>\n<!-- \/ Yoast SEO plugin. -->","_links":{"self":[{"href":"https:\/\/edureviewer.com\/es\/wp-json\/wp\/v2\/pages\/20640"}],"collection":[{"href":"https:\/\/edureviewer.com\/es\/wp-json\/wp\/v2\/pages"}],"about":[{"href":"https:\/\/edureviewer.com\/es\/wp-json\/wp\/v2\/types\/page"}],"author":[{"embeddable":true,"href":"https:\/\/edureviewer.com\/es\/wp-json\/wp\/v2\/users\/3"}],"replies":[{"embeddable":true,"href":"https:\/\/edureviewer.com\/es\/wp-json\/wp\/v2\/comments?post=20640"}],"version-history":[{"count":13,"href":"https:\/\/edureviewer.com\/es\/wp-json\/wp\/v2\/pages\/20640\/revisions"}],"predecessor-version":[{"id":146538,"href":"https:\/\/edureviewer.com\/es\/wp-json\/wp\/v2\/pages\/20640\/revisions\/146538"}],"wp:featuredmedia":[{"embeddable":true,"href":"https:\/\/edureviewer.com\/es\/wp-json\/wp\/v2\/media\/30989"}],"wp:attachment":[{"href":"https:\/\/edureviewer.com\/es\/wp-json\/wp\/v2\/media?parent=20640"}],"curies":[{"name":"wp","href":"https:\/\/api.w.org\/{rel}","templated":true}]}}