{"id":20126,"date":"2020-04-08T16:51:00","date_gmt":"2020-04-08T13:51:00","guid":{"rendered":"https:\/\/edureviewer.com\/homepage\/"},"modified":"2023-06-20T17:51:38","modified_gmt":"2023-06-20T14:51:38","slug":"homepage","status":"publish","type":"page","link":"https:\/\/edureviewer.com\/es\/","title":{"rendered":"BEST WRITING &#038; EDUCATION SERVICES REVIEW"},"content":{"rendered":"","protected":false},"excerpt":{"rendered":"","protected":false},"author":1,"featured_media":0,"parent":0,"menu_order":0,"comment_status":"closed","ping_status":"closed","template":"page-home-er.php","meta":[],"acf":[],"yoast_head":"<!-- This site is optimized with the Yoast SEO plugin v15.5 - https:\/\/yoast.com\/wordpress\/plugins\/seo\/ -->\n<title>Opiniones de los mejores servicios de educaci\u00f3n en 2026 | EduReviewer<\/title>\n<meta name=\"description\" content=\"\u00bfBusca empresas de confianza en el \u00e1mbito de la educaci\u00f3n? Lea nuestras rese\u00f1as y conozca algunos de los mejores servicios educativos y de redacci\u00f3n disponibles.\" \/>\n<meta name=\"robots\" content=\"index, follow, max-snippet:-1, max-image-preview:large, max-video-preview:-1\" \/>\n<link rel=\"canonical\" href=\"https:\/\/edureviewer.com\/es\/\" \/>\n<meta property=\"og:locale\" content=\"es_ES\" \/>\n<meta property=\"og:type\" content=\"article\" \/>\n<meta property=\"og:title\" content=\"Opiniones de los mejores servicios de educaci\u00f3n en 2026 | EduReviewer\" \/>\n<meta property=\"og:description\" content=\"\u00bfBusca empresas de confianza en el \u00e1mbito de la educaci\u00f3n? Lea nuestras rese\u00f1as y conozca algunos de los mejores servicios educativos y de redacci\u00f3n disponibles.\" \/>\n<meta property=\"og:url\" content=\"https:\/\/edureviewer.com\/es\/\" \/>\n<meta property=\"og:site_name\" content=\"EduReviewer\" \/>\n<meta property=\"article:publisher\" content=\"https:\/\/www.facebook.com\/EduReviewer\" \/>\n<meta property=\"article:modified_time\" content=\"2023-06-20T14:51:38+00:00\" \/>\n<meta name=\"twitter:card\" content=\"summary_large_image\" \/>\n<meta name=\"twitter:site\" content=\"@edureviewer\" \/>\n<script type=\"application\/ld+json\" class=\"yoast-schema-graph\">{\"@context\":\"https:\/\/schema.org\",\"@graph\":[{\"@type\":\"Organization\",\"@id\":\"https:\/\/edureviewer.com\/es\/#organization\",\"name\":\"EduReviewer\",\"url\":\"https:\/\/edureviewer.com\/es\/\",\"sameAs\":[\"https:\/\/www.facebook.com\/EduReviewer\",\"https:\/\/www.instagram.com\/edureviewer\/\",\"https:\/\/www.linkedin.com\/company\/edureviewercom\/\",\"https:\/\/www.youtube.com\/@EduReviewer\",\"https:\/\/twitter.com\/edureviewer\"],\"logo\":{\"@type\":\"ImageObject\",\"@id\":\"https:\/\/edureviewer.com\/es\/#logo\",\"inLanguage\":\"es\",\"url\":\"https:\/\/edureviewer.com\/wp-content\/uploads\/2021\/08\/edureviewer.png\",\"width\":130,\"height\":30,\"caption\":\"EduReviewer\"},\"image\":{\"@id\":\"https:\/\/edureviewer.com\/es\/#logo\"}},{\"@type\":\"WebSite\",\"@id\":\"https:\/\/edureviewer.com\/es\/#website\",\"url\":\"https:\/\/edureviewer.com\/es\/\",\"name\":\"EduReviewer\",\"description\":\"\",\"publisher\":{\"@id\":\"https:\/\/edureviewer.com\/es\/#organization\"},\"inLanguage\":\"es\"},{\"@type\":\"WebPage\",\"@id\":\"https:\/\/edureviewer.com\/es\/#webpage\",\"url\":\"https:\/\/edureviewer.com\/es\/\",\"name\":\"Opiniones de los mejores servicios de educaci\\u00f3n en 2026 | EduReviewer\",\"isPartOf\":{\"@id\":\"https:\/\/edureviewer.com\/es\/#website\"},\"datePublished\":\"2020-04-08T13:51:00+00:00\",\"dateModified\":\"2023-06-20T14:51:38+00:00\",\"description\":\"\\u00bfBusca empresas de confianza en el \\u00e1mbito de la educaci\\u00f3n? Lea nuestras rese\\u00f1as y conozca algunos de los mejores servicios educativos y de redacci\\u00f3n disponibles.\",\"inLanguage\":\"es\",\"potentialAction\":[{\"@type\":\"ReadAction\",\"target\":[\"https:\/\/edureviewer.com\/es\/\"]}]}]}<\/script>\n<!-- \/ Yoast SEO plugin. -->","_links":{"self":[{"href":"https:\/\/edureviewer.com\/es\/wp-json\/wp\/v2\/pages\/20126"}],"collection":[{"href":"https:\/\/edureviewer.com\/es\/wp-json\/wp\/v2\/pages"}],"about":[{"href":"https:\/\/edureviewer.com\/es\/wp-json\/wp\/v2\/types\/page"}],"author":[{"embeddable":true,"href":"https:\/\/edureviewer.com\/es\/wp-json\/wp\/v2\/users\/1"}],"replies":[{"embeddable":true,"href":"https:\/\/edureviewer.com\/es\/wp-json\/wp\/v2\/comments?post=20126"}],"version-history":[{"count":23,"href":"https:\/\/edureviewer.com\/es\/wp-json\/wp\/v2\/pages\/20126\/revisions"}],"predecessor-version":[{"id":114421,"href":"https:\/\/edureviewer.com\/es\/wp-json\/wp\/v2\/pages\/20126\/revisions\/114421"}],"wp:attachment":[{"href":"https:\/\/edureviewer.com\/es\/wp-json\/wp\/v2\/media?parent=20126"}],"curies":[{"name":"wp","href":"https:\/\/api.w.org\/{rel}","templated":true}]}}