{"id":113849,"date":"2023-05-31T15:27:38","date_gmt":"2023-05-31T12:27:38","guid":{"rendered":"https:\/\/edureviewer.com\/best-online-learning-platforms\/"},"modified":"2023-10-18T15:19:22","modified_gmt":"2023-10-18T12:19:22","slug":"plataformas-de-cursos-online","status":"publish","type":"page","link":"https:\/\/edureviewer.com\/es\/plataformas-de-cursos-online\/","title":{"rendered":"Mejores plataformas de aprendizaje en l\u00ednea"},"content":{"rendered":"","protected":false},"excerpt":{"rendered":"","protected":false},"author":2,"featured_media":113629,"parent":0,"menu_order":0,"comment_status":"closed","ping_status":"closed","template":"template-top.php","meta":[],"acf":[],"yoast_head":"<!-- This site is optimized with the Yoast SEO plugin v15.5 - https:\/\/yoast.com\/wordpress\/plugins\/seo\/ -->\n<title>Las mejores plataformas de cursos online en 2026 - EduReviewer<\/title>\n<meta name=\"description\" content=\"Descubra las aplicaciones que est\u00e1n cambiando la forma en que los adultos aprenden idiomas. Aunque nos centramos en el espa\u00f1ol, descubre aqu\u00ed las mejores plataformas de eLearning.\" \/>\n<meta name=\"robots\" content=\"index, follow, max-snippet:-1, max-image-preview:large, max-video-preview:-1\" \/>\n<link rel=\"canonical\" href=\"https:\/\/edureviewer.com\/es\/plataformas-de-cursos-online\/\" \/>\n<meta property=\"og:locale\" content=\"es_ES\" \/>\n<meta property=\"og:type\" content=\"article\" \/>\n<meta property=\"og:title\" content=\"Las mejores plataformas de cursos online en 2026 - EduReviewer\" \/>\n<meta property=\"og:description\" content=\"Descubra las aplicaciones que est\u00e1n cambiando la forma en que los adultos aprenden idiomas. Aunque nos centramos en el espa\u00f1ol, descubre aqu\u00ed las mejores plataformas de eLearning.\" \/>\n<meta property=\"og:url\" content=\"https:\/\/edureviewer.com\/es\/plataformas-de-cursos-online\/\" \/>\n<meta property=\"og:site_name\" content=\"EduReviewer\" \/>\n<meta property=\"article:publisher\" content=\"https:\/\/www.facebook.com\/EduReviewer\" \/>\n<meta property=\"article:modified_time\" content=\"2023-10-18T12:19:22+00:00\" \/>\n<meta property=\"og:image\" content=\"https:\/\/edureviewer.com\/wp-content\/uploads\/2023\/06\/best-MOOC-platforms.jpg\" \/>\n\t<meta property=\"og:image:width\" content=\"800\" \/>\n\t<meta property=\"og:image:height\" content=\"476\" \/>\n<meta name=\"twitter:card\" content=\"summary_large_image\" \/>\n<meta name=\"twitter:site\" content=\"@edureviewer\" \/>\n<script type=\"application\/ld+json\" class=\"yoast-schema-graph\">{\"@context\":\"https:\/\/schema.org\",\"@graph\":[{\"@type\":\"Organization\",\"@id\":\"https:\/\/edureviewer.com\/es\/#organization\",\"name\":\"EduReviewer\",\"url\":\"https:\/\/edureviewer.com\/es\/\",\"sameAs\":[\"https:\/\/www.facebook.com\/EduReviewer\",\"https:\/\/www.instagram.com\/edureviewer\/\",\"https:\/\/www.linkedin.com\/company\/edureviewercom\/\",\"https:\/\/www.youtube.com\/@EduReviewer\",\"https:\/\/twitter.com\/edureviewer\"],\"logo\":{\"@type\":\"ImageObject\",\"@id\":\"https:\/\/edureviewer.com\/es\/#logo\",\"inLanguage\":\"es\",\"url\":\"https:\/\/edureviewer.com\/wp-content\/uploads\/2021\/08\/edureviewer.png\",\"width\":130,\"height\":30,\"caption\":\"EduReviewer\"},\"image\":{\"@id\":\"https:\/\/edureviewer.com\/es\/#logo\"}},{\"@type\":\"WebSite\",\"@id\":\"https:\/\/edureviewer.com\/es\/#website\",\"url\":\"https:\/\/edureviewer.com\/es\/\",\"name\":\"EduReviewer\",\"description\":\"\",\"publisher\":{\"@id\":\"https:\/\/edureviewer.com\/es\/#organization\"},\"inLanguage\":\"es\"},{\"@type\":\"ImageObject\",\"@id\":\"https:\/\/edureviewer.com\/es\/plataformas-de-cursos-online\/#primaryimage\",\"inLanguage\":\"es\",\"url\":\"https:\/\/edureviewer.com\/wp-content\/uploads\/2023\/06\/best-MOOC-platforms.jpg\",\"width\":800,\"height\":476,\"caption\":\"best remote learning platforms online\"},{\"@type\":\"WebPage\",\"@id\":\"https:\/\/edureviewer.com\/es\/plataformas-de-cursos-online\/#webpage\",\"url\":\"https:\/\/edureviewer.com\/es\/plataformas-de-cursos-online\/\",\"name\":\"Las mejores plataformas de cursos online en 2026 - EduReviewer\",\"isPartOf\":{\"@id\":\"https:\/\/edureviewer.com\/es\/#website\"},\"primaryImageOfPage\":{\"@id\":\"https:\/\/edureviewer.com\/es\/plataformas-de-cursos-online\/#primaryimage\"},\"datePublished\":\"2023-05-31T12:27:38+00:00\",\"dateModified\":\"2023-10-18T12:19:22+00:00\",\"description\":\"Descubra las aplicaciones que est\\u00e1n cambiando la forma en que los adultos aprenden idiomas. Aunque nos centramos en el espa\\u00f1ol, descubre aqu\\u00ed las mejores plataformas de eLearning.\",\"inLanguage\":\"es\",\"potentialAction\":[{\"@type\":\"ReadAction\",\"target\":[\"https:\/\/edureviewer.com\/es\/plataformas-de-cursos-online\/\"]}]}]}<\/script>\n<!-- \/ Yoast SEO plugin. -->","_links":{"self":[{"href":"https:\/\/edureviewer.com\/es\/wp-json\/wp\/v2\/pages\/113849"}],"collection":[{"href":"https:\/\/edureviewer.com\/es\/wp-json\/wp\/v2\/pages"}],"about":[{"href":"https:\/\/edureviewer.com\/es\/wp-json\/wp\/v2\/types\/page"}],"author":[{"embeddable":true,"href":"https:\/\/edureviewer.com\/es\/wp-json\/wp\/v2\/users\/2"}],"replies":[{"embeddable":true,"href":"https:\/\/edureviewer.com\/es\/wp-json\/wp\/v2\/comments?post=113849"}],"version-history":[{"count":9,"href":"https:\/\/edureviewer.com\/es\/wp-json\/wp\/v2\/pages\/113849\/revisions"}],"predecessor-version":[{"id":128823,"href":"https:\/\/edureviewer.com\/es\/wp-json\/wp\/v2\/pages\/113849\/revisions\/128823"}],"wp:featuredmedia":[{"embeddable":true,"href":"https:\/\/edureviewer.com\/es\/wp-json\/wp\/v2\/media\/113629"}],"wp:attachment":[{"href":"https:\/\/edureviewer.com\/es\/wp-json\/wp\/v2\/media?parent=113849"}],"curies":[{"name":"wp","href":"https:\/\/api.w.org\/{rel}","templated":true}]}}