{"id":129001,"date":"2023-05-31T18:25:57","date_gmt":"2023-05-31T15:25:57","guid":{"rendered":"https:\/\/edureviewer.com\/best-apps-to-learn-spanish\/"},"modified":"2025-07-03T14:43:07","modified_gmt":"2025-07-03T11:43:07","slug":"die-besten-apps-um-spanisch-zu-lernen","status":"publish","type":"page","link":"https:\/\/edureviewer.com\/de\/beste-online-englischkurse\/","title":{"rendered":"Die besten Apps zum Spanischlernen f\u00fcr Erwachsene"},"content":{"rendered":"","protected":false},"excerpt":{"rendered":"","protected":false},"author":2,"featured_media":113224,"parent":0,"menu_order":0,"comment_status":"closed","ping_status":"closed","template":"template-top.php","meta":[],"acf":[],"yoast_head":"<!-- This site is optimized with the Yoast SEO plugin v15.5 - https:\/\/yoast.com\/wordpress\/plugins\/seo\/ -->\n<title>Die 5 Besten Online-Spanischkurse 2026 - EduReviewer<\/title>\n<meta name=\"description\" content=\"Ich gebe ausf\u00fchrliche und pr\u00e4zise Empfehlungen f\u00fcr jede dieser Apps, damit Sie die perfekte L\u00f6sung und die beste Option f\u00fcr den Beginn des Lernens finden k\u00f6nnen.\" \/>\n<meta name=\"robots\" content=\"index, follow, max-snippet:-1, max-image-preview:large, max-video-preview:-1\" \/>\n<link rel=\"canonical\" href=\"https:\/\/edureviewer.com\/de\/beste-online-englischkurse\/\" \/>\n<meta property=\"og:locale\" content=\"de_DE\" \/>\n<meta property=\"og:type\" content=\"article\" \/>\n<meta property=\"og:title\" content=\"Die 5 Besten Online-Spanischkurse 2026 - EduReviewer\" \/>\n<meta property=\"og:description\" content=\"Ich gebe ausf\u00fchrliche und pr\u00e4zise Empfehlungen f\u00fcr jede dieser Apps, damit Sie die perfekte L\u00f6sung und die beste Option f\u00fcr den Beginn des Lernens finden k\u00f6nnen.\" \/>\n<meta property=\"og:url\" content=\"https:\/\/edureviewer.com\/de\/beste-online-englischkurse\/\" \/>\n<meta property=\"og:site_name\" content=\"EduReviewer\" \/>\n<meta property=\"article:publisher\" content=\"https:\/\/www.facebook.com\/EduReviewer\" \/>\n<meta property=\"article:modified_time\" content=\"2025-07-03T11:43:07+00:00\" \/>\n<meta property=\"og:image\" content=\"https:\/\/edureviewer.com\/wp-content\/uploads\/2023\/06\/Best-Apps-to-Learn-Spanish-for-Adults.jpg\" \/>\n\t<meta property=\"og:image:width\" content=\"800\" \/>\n\t<meta property=\"og:image:height\" content=\"470\" \/>\n<meta name=\"twitter:card\" content=\"summary_large_image\" \/>\n<meta name=\"twitter:site\" content=\"@edureviewer\" \/>\n<script type=\"application\/ld+json\" class=\"yoast-schema-graph\">{\"@context\":\"https:\/\/schema.org\",\"@graph\":[{\"@type\":\"Organization\",\"@id\":\"https:\/\/edureviewer.com\/de\/#organization\",\"name\":\"EduReviewer\",\"url\":\"https:\/\/edureviewer.com\/de\/\",\"sameAs\":[\"https:\/\/www.facebook.com\/EduReviewer\",\"https:\/\/www.instagram.com\/edureviewer\/\",\"https:\/\/www.linkedin.com\/company\/edureviewercom\/\",\"https:\/\/www.youtube.com\/@EduReviewer\",\"https:\/\/twitter.com\/edureviewer\"],\"logo\":{\"@type\":\"ImageObject\",\"@id\":\"https:\/\/edureviewer.com\/de\/#logo\",\"inLanguage\":\"de\",\"url\":\"https:\/\/edureviewer.com\/wp-content\/uploads\/2021\/08\/edureviewer.png\",\"width\":130,\"height\":30,\"caption\":\"EduReviewer\"},\"image\":{\"@id\":\"https:\/\/edureviewer.com\/de\/#logo\"}},{\"@type\":\"WebSite\",\"@id\":\"https:\/\/edureviewer.com\/de\/#website\",\"url\":\"https:\/\/edureviewer.com\/de\/\",\"name\":\"EduReviewer\",\"description\":\"\",\"publisher\":{\"@id\":\"https:\/\/edureviewer.com\/de\/#organization\"},\"inLanguage\":\"de\"},{\"@type\":\"ImageObject\",\"@id\":\"https:\/\/edureviewer.com\/de\/beste-online-englischkurse\/#primaryimage\",\"inLanguage\":\"de\",\"url\":\"https:\/\/edureviewer.com\/wp-content\/uploads\/2023\/06\/Best-Apps-to-Learn-Spanish-for-Adults.jpg\",\"width\":800,\"height\":470,\"caption\":\"Best Spanish Learning Apps Adults\"},{\"@type\":\"WebPage\",\"@id\":\"https:\/\/edureviewer.com\/de\/beste-online-englischkurse\/#webpage\",\"url\":\"https:\/\/edureviewer.com\/de\/beste-online-englischkurse\/\",\"name\":\"Die 5 Besten Online-Spanischkurse 2026 - EduReviewer\",\"isPartOf\":{\"@id\":\"https:\/\/edureviewer.com\/de\/#website\"},\"primaryImageOfPage\":{\"@id\":\"https:\/\/edureviewer.com\/de\/beste-online-englischkurse\/#primaryimage\"},\"datePublished\":\"2023-05-31T15:25:57+00:00\",\"dateModified\":\"2025-07-03T11:43:07+00:00\",\"description\":\"Ich gebe ausf\\u00fchrliche und pr\\u00e4zise Empfehlungen f\\u00fcr jede dieser Apps, damit Sie die perfekte L\\u00f6sung und die beste Option f\\u00fcr den Beginn des Lernens finden k\\u00f6nnen.\",\"inLanguage\":\"de\",\"potentialAction\":[{\"@type\":\"ReadAction\",\"target\":[\"https:\/\/edureviewer.com\/de\/beste-online-englischkurse\/\"]}]}]}<\/script>\n<!-- \/ Yoast SEO plugin. -->","_links":{"self":[{"href":"https:\/\/edureviewer.com\/de\/wp-json\/wp\/v2\/pages\/129001"}],"collection":[{"href":"https:\/\/edureviewer.com\/de\/wp-json\/wp\/v2\/pages"}],"about":[{"href":"https:\/\/edureviewer.com\/de\/wp-json\/wp\/v2\/types\/page"}],"author":[{"embeddable":true,"href":"https:\/\/edureviewer.com\/de\/wp-json\/wp\/v2\/users\/2"}],"replies":[{"embeddable":true,"href":"https:\/\/edureviewer.com\/de\/wp-json\/wp\/v2\/comments?post=129001"}],"version-history":[{"count":12,"href":"https:\/\/edureviewer.com\/de\/wp-json\/wp\/v2\/pages\/129001\/revisions"}],"predecessor-version":[{"id":146566,"href":"https:\/\/edureviewer.com\/de\/wp-json\/wp\/v2\/pages\/129001\/revisions\/146566"}],"wp:featuredmedia":[{"embeddable":true,"href":"https:\/\/edureviewer.com\/de\/wp-json\/wp\/v2\/media\/113224"}],"wp:attachment":[{"href":"https:\/\/edureviewer.com\/de\/wp-json\/wp\/v2\/media?parent=129001"}],"curies":[{"name":"wp","href":"https:\/\/api.w.org\/{rel}","templated":true}]}}