{"id":128799,"date":"2023-05-08T15:15:52","date_gmt":"2023-05-08T12:15:52","guid":{"rendered":"https:\/\/edureviewer.com\/5-top-english-learning-apps-for-adults-english-learning-made-easy\/"},"modified":"2025-07-03T14:43:08","modified_gmt":"2025-07-03T11:43:08","slug":"die-5-besten-englisch-lern-apps-fur-erwachsene-englisch-lernen-leicht-gemacht","status":"publish","type":"page","link":"https:\/\/edureviewer.com\/de\/beste-online-spanischkurse\/","title":{"rendered":"5 Top-Apps zum Englischlernen f\u00fcr Erwachsene: Englisch lernen leicht gemacht"},"content":{"rendered":"","protected":false},"excerpt":{"rendered":"","protected":false},"author":2,"featured_media":67854,"parent":0,"menu_order":0,"comment_status":"closed","ping_status":"closed","template":"template-top.php","meta":[],"acf":[],"yoast_head":"<!-- This site is optimized with the Yoast SEO plugin v15.5 - https:\/\/yoast.com\/wordpress\/plugins\/seo\/ -->\n<title>Die 11 besten Englischkurse online im Jahr 2026 - EduReviewer<\/title>\n<meta name=\"description\" content=\"Deshalb habe ich f\u00fcnf der besten Englisch-Lern-Apps f\u00fcr Erwachsene zusammengestellt, die Sie als gute Fee beim Englischlernen einsetzen k\u00f6nnen.\" \/>\n<meta name=\"robots\" content=\"index, follow, max-snippet:-1, max-image-preview:large, max-video-preview:-1\" \/>\n<link rel=\"canonical\" href=\"https:\/\/edureviewer.com\/de\/beste-online-spanischkurse\/\" \/>\n<meta property=\"og:locale\" content=\"de_DE\" \/>\n<meta property=\"og:type\" content=\"article\" \/>\n<meta property=\"og:title\" content=\"Die 11 besten Englischkurse online im Jahr 2026 - EduReviewer\" \/>\n<meta property=\"og:description\" content=\"Deshalb habe ich f\u00fcnf der besten Englisch-Lern-Apps f\u00fcr Erwachsene zusammengestellt, die Sie als gute Fee beim Englischlernen einsetzen k\u00f6nnen.\" \/>\n<meta property=\"og:url\" content=\"https:\/\/edureviewer.com\/de\/beste-online-spanischkurse\/\" \/>\n<meta property=\"og:site_name\" content=\"EduReviewer\" \/>\n<meta property=\"article:publisher\" content=\"https:\/\/www.facebook.com\/EduReviewer\" \/>\n<meta property=\"article:modified_time\" content=\"2025-07-03T11:43:08+00:00\" \/>\n<meta property=\"og:image\" content=\"https:\/\/edureviewer.com\/wp-content\/uploads\/2023\/05\/english-learning-app-for-adults.jpg\" \/>\n\t<meta property=\"og:image:width\" content=\"720\" \/>\n\t<meta property=\"og:image:height\" content=\"379\" \/>\n<meta name=\"twitter:card\" content=\"summary_large_image\" \/>\n<meta name=\"twitter:site\" content=\"@edureviewer\" \/>\n<script type=\"application\/ld+json\" class=\"yoast-schema-graph\">{\"@context\":\"https:\/\/schema.org\",\"@graph\":[{\"@type\":\"Organization\",\"@id\":\"https:\/\/edureviewer.com\/de\/#organization\",\"name\":\"EduReviewer\",\"url\":\"https:\/\/edureviewer.com\/de\/\",\"sameAs\":[\"https:\/\/www.facebook.com\/EduReviewer\",\"https:\/\/www.instagram.com\/edureviewer\/\",\"https:\/\/www.linkedin.com\/company\/edureviewercom\/\",\"https:\/\/www.youtube.com\/@EduReviewer\",\"https:\/\/twitter.com\/edureviewer\"],\"logo\":{\"@type\":\"ImageObject\",\"@id\":\"https:\/\/edureviewer.com\/de\/#logo\",\"inLanguage\":\"de\",\"url\":\"https:\/\/edureviewer.com\/wp-content\/uploads\/2021\/08\/edureviewer.png\",\"width\":130,\"height\":30,\"caption\":\"EduReviewer\"},\"image\":{\"@id\":\"https:\/\/edureviewer.com\/de\/#logo\"}},{\"@type\":\"WebSite\",\"@id\":\"https:\/\/edureviewer.com\/de\/#website\",\"url\":\"https:\/\/edureviewer.com\/de\/\",\"name\":\"EduReviewer\",\"description\":\"\",\"publisher\":{\"@id\":\"https:\/\/edureviewer.com\/de\/#organization\"},\"inLanguage\":\"de\"},{\"@type\":\"ImageObject\",\"@id\":\"https:\/\/edureviewer.com\/de\/beste-online-spanischkurse\/#primaryimage\",\"inLanguage\":\"de\",\"url\":\"https:\/\/edureviewer.com\/wp-content\/uploads\/2023\/05\/english-learning-app-for-adults.jpg\",\"width\":720,\"height\":379,\"caption\":\"best english learning app for adults\"},{\"@type\":\"WebPage\",\"@id\":\"https:\/\/edureviewer.com\/de\/beste-online-spanischkurse\/#webpage\",\"url\":\"https:\/\/edureviewer.com\/de\/beste-online-spanischkurse\/\",\"name\":\"Die 11 besten Englischkurse online im Jahr 2026 - EduReviewer\",\"isPartOf\":{\"@id\":\"https:\/\/edureviewer.com\/de\/#website\"},\"primaryImageOfPage\":{\"@id\":\"https:\/\/edureviewer.com\/de\/beste-online-spanischkurse\/#primaryimage\"},\"datePublished\":\"2023-05-08T12:15:52+00:00\",\"dateModified\":\"2025-07-03T11:43:08+00:00\",\"description\":\"Deshalb habe ich f\\u00fcnf der besten Englisch-Lern-Apps f\\u00fcr Erwachsene zusammengestellt, die Sie als gute Fee beim Englischlernen einsetzen k\\u00f6nnen.\",\"inLanguage\":\"de\",\"potentialAction\":[{\"@type\":\"ReadAction\",\"target\":[\"https:\/\/edureviewer.com\/de\/beste-online-spanischkurse\/\"]}]}]}<\/script>\n<!-- \/ Yoast SEO plugin. -->","_links":{"self":[{"href":"https:\/\/edureviewer.com\/de\/wp-json\/wp\/v2\/pages\/128799"}],"collection":[{"href":"https:\/\/edureviewer.com\/de\/wp-json\/wp\/v2\/pages"}],"about":[{"href":"https:\/\/edureviewer.com\/de\/wp-json\/wp\/v2\/types\/page"}],"author":[{"embeddable":true,"href":"https:\/\/edureviewer.com\/de\/wp-json\/wp\/v2\/users\/2"}],"replies":[{"embeddable":true,"href":"https:\/\/edureviewer.com\/de\/wp-json\/wp\/v2\/comments?post=128799"}],"version-history":[{"count":14,"href":"https:\/\/edureviewer.com\/de\/wp-json\/wp\/v2\/pages\/128799\/revisions"}],"predecessor-version":[{"id":146529,"href":"https:\/\/edureviewer.com\/de\/wp-json\/wp\/v2\/pages\/128799\/revisions\/146529"}],"wp:featuredmedia":[{"embeddable":true,"href":"https:\/\/edureviewer.com\/de\/wp-json\/wp\/v2\/media\/67854"}],"wp:attachment":[{"href":"https:\/\/edureviewer.com\/de\/wp-json\/wp\/v2\/media?parent=128799"}],"curies":[{"name":"wp","href":"https:\/\/api.w.org\/{rel}","templated":true}]}}