{"id":109704,"date":"2022-07-25T19:06:15","date_gmt":"2022-07-25T16:06:15","guid":{"rendered":"https:\/\/edureviewer.com\/skillshare-vs-masterclass-who-takes-the-crown\/"},"modified":"2023-10-18T15:57:47","modified_gmt":"2023-10-18T12:57:47","slug":"skillshare-vs-masterclass-who-takes-the-crown","status":"publish","type":"page","link":"https:\/\/edureviewer.com\/de\/masterclass-vs-skillshare\/","title":{"rendered":"Skillshare vs. MasterClass: Wer holt sich die Krone?"},"content":{"rendered":"","protected":false},"excerpt":{"rendered":"","protected":false},"author":2,"featured_media":62876,"parent":0,"menu_order":0,"comment_status":"closed","ping_status":"closed","template":"template-top.php","meta":[],"acf":[],"yoast_head":"<!-- This site is optimized with the Yoast SEO plugin v15.5 - https:\/\/yoast.com\/wordpress\/plugins\/seo\/ -->\n<title>Skillshare vs. MasterClass: Wer gewinnt im Jahr 2026? - EduReviewer<\/title>\n<meta name=\"description\" content=\"Sie m\u00f6chten an einem Online-Kurs teilnehmen, sind sich aber nicht sicher, welche Plattform Sie w\u00e4hlen sollen? Vergleichen Sie Skillshare und MasterClass, um die perfekte L\u00f6sung f\u00fcr Ihre Lernbed\u00fcrfnisse zu finden!\" \/>\n<meta name=\"robots\" content=\"index, follow, max-snippet:-1, max-image-preview:large, max-video-preview:-1\" \/>\n<link rel=\"canonical\" href=\"https:\/\/edureviewer.com\/de\/masterclass-vs-skillshare\/\" \/>\n<meta property=\"og:locale\" content=\"de_DE\" \/>\n<meta property=\"og:type\" content=\"article\" \/>\n<meta property=\"og:title\" content=\"Skillshare vs. MasterClass: Wer gewinnt im Jahr 2026? - EduReviewer\" \/>\n<meta property=\"og:description\" content=\"Sie m\u00f6chten an einem Online-Kurs teilnehmen, sind sich aber nicht sicher, welche Plattform Sie w\u00e4hlen sollen? Vergleichen Sie Skillshare und MasterClass, um die perfekte L\u00f6sung f\u00fcr Ihre Lernbed\u00fcrfnisse zu finden!\" \/>\n<meta property=\"og:url\" content=\"https:\/\/edureviewer.com\/de\/masterclass-vs-skillshare\/\" \/>\n<meta property=\"og:site_name\" content=\"EduReviewer\" \/>\n<meta property=\"article:publisher\" content=\"https:\/\/www.facebook.com\/EduReviewer\" \/>\n<meta property=\"article:modified_time\" content=\"2023-10-18T12:57:47+00:00\" \/>\n<meta property=\"og:image\" content=\"https:\/\/edureviewer.com\/wp-content\/uploads\/2022\/12\/Skillshare-vs-MasterClass.jpg\" \/>\n\t<meta property=\"og:image:width\" content=\"620\" \/>\n\t<meta property=\"og:image:height\" content=\"465\" \/>\n<meta name=\"twitter:card\" content=\"summary_large_image\" \/>\n<meta name=\"twitter:site\" content=\"@edureviewer\" \/>\n<script type=\"application\/ld+json\" class=\"yoast-schema-graph\">{\"@context\":\"https:\/\/schema.org\",\"@graph\":[{\"@type\":\"Organization\",\"@id\":\"https:\/\/edureviewer.com\/de\/#organization\",\"name\":\"EduReviewer\",\"url\":\"https:\/\/edureviewer.com\/de\/\",\"sameAs\":[\"https:\/\/www.facebook.com\/EduReviewer\",\"https:\/\/www.instagram.com\/edureviewer\/\",\"https:\/\/www.linkedin.com\/company\/edureviewercom\/\",\"https:\/\/www.youtube.com\/@EduReviewer\",\"https:\/\/twitter.com\/edureviewer\"],\"logo\":{\"@type\":\"ImageObject\",\"@id\":\"https:\/\/edureviewer.com\/de\/#logo\",\"inLanguage\":\"de\",\"url\":\"https:\/\/edureviewer.com\/wp-content\/uploads\/2021\/08\/edureviewer.png\",\"width\":130,\"height\":30,\"caption\":\"EduReviewer\"},\"image\":{\"@id\":\"https:\/\/edureviewer.com\/de\/#logo\"}},{\"@type\":\"WebSite\",\"@id\":\"https:\/\/edureviewer.com\/de\/#website\",\"url\":\"https:\/\/edureviewer.com\/de\/\",\"name\":\"EduReviewer\",\"description\":\"\",\"publisher\":{\"@id\":\"https:\/\/edureviewer.com\/de\/#organization\"},\"inLanguage\":\"de\"},{\"@type\":\"ImageObject\",\"@id\":\"https:\/\/edureviewer.com\/de\/masterclass-vs-skillshare\/#primaryimage\",\"inLanguage\":\"de\",\"url\":\"https:\/\/edureviewer.com\/wp-content\/uploads\/2022\/12\/Skillshare-vs-MasterClass.jpg\",\"width\":620,\"height\":465},{\"@type\":\"WebPage\",\"@id\":\"https:\/\/edureviewer.com\/de\/masterclass-vs-skillshare\/#webpage\",\"url\":\"https:\/\/edureviewer.com\/de\/masterclass-vs-skillshare\/\",\"name\":\"Skillshare vs. MasterClass: Wer gewinnt im Jahr 2026? - EduReviewer\",\"isPartOf\":{\"@id\":\"https:\/\/edureviewer.com\/de\/#website\"},\"primaryImageOfPage\":{\"@id\":\"https:\/\/edureviewer.com\/de\/masterclass-vs-skillshare\/#primaryimage\"},\"datePublished\":\"2022-07-25T16:06:15+00:00\",\"dateModified\":\"2023-10-18T12:57:47+00:00\",\"description\":\"Sie m\\u00f6chten an einem Online-Kurs teilnehmen, sind sich aber nicht sicher, welche Plattform Sie w\\u00e4hlen sollen? Vergleichen Sie Skillshare und MasterClass, um die perfekte L\\u00f6sung f\\u00fcr Ihre Lernbed\\u00fcrfnisse zu finden!\",\"inLanguage\":\"de\",\"potentialAction\":[{\"@type\":\"ReadAction\",\"target\":[\"https:\/\/edureviewer.com\/de\/masterclass-vs-skillshare\/\"]}]}]}<\/script>\n<!-- \/ Yoast SEO plugin. -->","_links":{"self":[{"href":"https:\/\/edureviewer.com\/de\/wp-json\/wp\/v2\/pages\/109704"}],"collection":[{"href":"https:\/\/edureviewer.com\/de\/wp-json\/wp\/v2\/pages"}],"about":[{"href":"https:\/\/edureviewer.com\/de\/wp-json\/wp\/v2\/types\/page"}],"author":[{"embeddable":true,"href":"https:\/\/edureviewer.com\/de\/wp-json\/wp\/v2\/users\/2"}],"replies":[{"embeddable":true,"href":"https:\/\/edureviewer.com\/de\/wp-json\/wp\/v2\/comments?post=109704"}],"version-history":[{"count":9,"href":"https:\/\/edureviewer.com\/de\/wp-json\/wp\/v2\/pages\/109704\/revisions"}],"predecessor-version":[{"id":128839,"href":"https:\/\/edureviewer.com\/de\/wp-json\/wp\/v2\/pages\/109704\/revisions\/128839"}],"wp:featuredmedia":[{"embeddable":true,"href":"https:\/\/edureviewer.com\/de\/wp-json\/wp\/v2\/media\/62876"}],"wp:attachment":[{"href":"https:\/\/edureviewer.com\/de\/wp-json\/wp\/v2\/media?parent=109704"}],"curies":[{"name":"wp","href":"https:\/\/api.w.org\/{rel}","templated":true}]}}