{"id":113751,"date":"2023-05-31T15:27:38","date_gmt":"2023-05-31T12:27:38","guid":{"rendered":"https:\/\/edureviewer.com\/best-online-learning-platforms\/"},"modified":"2024-09-12T00:43:13","modified_gmt":"2024-09-11T21:43:13","slug":"best-online-learning-platforms","status":"publish","type":"page","link":"https:\/\/edureviewer.com\/cs\/online-kurzy-s-certifikatem\/","title":{"rendered":"Nejlep\u0161\u00ed online vzd\u011bl\u00e1vac\u00ed platformy"},"content":{"rendered":"","protected":false},"excerpt":{"rendered":"","protected":false},"author":2,"featured_media":113621,"parent":0,"menu_order":0,"comment_status":"closed","ping_status":"closed","template":"template-top.php","meta":[],"acf":[],"yoast_head":"<!-- This site is optimized with the Yoast SEO plugin v15.5 - https:\/\/yoast.com\/wordpress\/plugins\/seo\/ -->\n<title>Online kurzy s certifikatem: Nejlep\u0161\u00ed v roce 2026 - EduReviewer<\/title>\n<meta name=\"description\" content=\"Prozkoumejte aplikace, kter\u00e9 m\u011bn\u00ed zp\u016fsob, jak\u00fdm se dosp\u011bl\u00ed u\u010d\u00ed jazyky. Zam\u011b\u0159te se na \u0161pan\u011bl\u0161tinu a odhalte nejlep\u0161\u00ed platformy pro elektronick\u00e9 u\u010den\u00ed.\" \/>\n<meta name=\"robots\" content=\"index, follow, max-snippet:-1, max-image-preview:large, max-video-preview:-1\" \/>\n<link rel=\"canonical\" href=\"https:\/\/edureviewer.com\/cs\/online-kurzy-s-certifikatem\/\" \/>\n<meta property=\"og:locale\" content=\"en_US\" \/>\n<meta property=\"og:type\" content=\"article\" \/>\n<meta property=\"og:title\" content=\"Online kurzy s certifikatem: Nejlep\u0161\u00ed v roce 2026 - EduReviewer\" \/>\n<meta property=\"og:description\" content=\"Prozkoumejte aplikace, kter\u00e9 m\u011bn\u00ed zp\u016fsob, jak\u00fdm se dosp\u011bl\u00ed u\u010d\u00ed jazyky. Zam\u011b\u0159te se na \u0161pan\u011bl\u0161tinu a odhalte nejlep\u0161\u00ed platformy pro elektronick\u00e9 u\u010den\u00ed.\" \/>\n<meta property=\"og:url\" content=\"https:\/\/edureviewer.com\/cs\/online-kurzy-s-certifikatem\/\" \/>\n<meta property=\"og:site_name\" content=\"EduReviewer\" \/>\n<meta property=\"article:publisher\" content=\"https:\/\/www.facebook.com\/EduReviewer\" \/>\n<meta property=\"article:modified_time\" content=\"2024-09-11T21:43:13+00:00\" \/>\n<meta property=\"og:image\" content=\"https:\/\/edureviewer.com\/wp-content\/uploads\/2023\/06\/best-MOOC-platforms.jpg\" \/>\n\t<meta property=\"og:image:width\" content=\"800\" \/>\n\t<meta property=\"og:image:height\" content=\"476\" \/>\n<meta name=\"twitter:card\" content=\"summary_large_image\" \/>\n<meta name=\"twitter:site\" content=\"@edureviewer\" \/>\n<script type=\"application\/ld+json\" class=\"yoast-schema-graph\">{\"@context\":\"https:\/\/schema.org\",\"@graph\":[{\"@type\":\"Organization\",\"@id\":\"https:\/\/edureviewer.com\/cs\/#organization\",\"name\":\"EduReviewer\",\"url\":\"https:\/\/edureviewer.com\/cs\/\",\"sameAs\":[\"https:\/\/www.facebook.com\/EduReviewer\",\"https:\/\/www.instagram.com\/edureviewer\/\",\"https:\/\/www.linkedin.com\/company\/edureviewercom\/\",\"https:\/\/www.youtube.com\/@EduReviewer\",\"https:\/\/twitter.com\/edureviewer\"],\"logo\":{\"@type\":\"ImageObject\",\"@id\":\"https:\/\/edureviewer.com\/cs\/#logo\",\"inLanguage\":\"cs\",\"url\":\"https:\/\/edureviewer.com\/wp-content\/uploads\/2021\/08\/edureviewer.png\",\"width\":130,\"height\":30,\"caption\":\"EduReviewer\"},\"image\":{\"@id\":\"https:\/\/edureviewer.com\/cs\/#logo\"}},{\"@type\":\"WebSite\",\"@id\":\"https:\/\/edureviewer.com\/cs\/#website\",\"url\":\"https:\/\/edureviewer.com\/cs\/\",\"name\":\"EduReviewer\",\"description\":\"\",\"publisher\":{\"@id\":\"https:\/\/edureviewer.com\/cs\/#organization\"},\"inLanguage\":\"cs\"},{\"@type\":\"ImageObject\",\"@id\":\"https:\/\/edureviewer.com\/cs\/online-kurzy-s-certifikatem\/#primaryimage\",\"inLanguage\":\"cs\",\"url\":\"https:\/\/edureviewer.com\/wp-content\/uploads\/2023\/06\/best-MOOC-platforms.jpg\",\"width\":800,\"height\":476,\"caption\":\"best remote learning platforms online\"},{\"@type\":\"WebPage\",\"@id\":\"https:\/\/edureviewer.com\/cs\/online-kurzy-s-certifikatem\/#webpage\",\"url\":\"https:\/\/edureviewer.com\/cs\/online-kurzy-s-certifikatem\/\",\"name\":\"Online kurzy s certifikatem: Nejlep\\u0161\\u00ed v roce 2026 - EduReviewer\",\"isPartOf\":{\"@id\":\"https:\/\/edureviewer.com\/cs\/#website\"},\"primaryImageOfPage\":{\"@id\":\"https:\/\/edureviewer.com\/cs\/online-kurzy-s-certifikatem\/#primaryimage\"},\"datePublished\":\"2023-05-31T12:27:38+00:00\",\"dateModified\":\"2024-09-11T21:43:13+00:00\",\"description\":\"Prozkoumejte aplikace, kter\\u00e9 m\\u011bn\\u00ed zp\\u016fsob, jak\\u00fdm se dosp\\u011bl\\u00ed u\\u010d\\u00ed jazyky. Zam\\u011b\\u0159te se na \\u0161pan\\u011bl\\u0161tinu a odhalte nejlep\\u0161\\u00ed platformy pro elektronick\\u00e9 u\\u010den\\u00ed.\",\"inLanguage\":\"cs\",\"potentialAction\":[{\"@type\":\"ReadAction\",\"target\":[\"https:\/\/edureviewer.com\/cs\/online-kurzy-s-certifikatem\/\"]}]}]}<\/script>\n<!-- \/ Yoast SEO plugin. -->","_links":{"self":[{"href":"https:\/\/edureviewer.com\/cs\/wp-json\/wp\/v2\/pages\/113751"}],"collection":[{"href":"https:\/\/edureviewer.com\/cs\/wp-json\/wp\/v2\/pages"}],"about":[{"href":"https:\/\/edureviewer.com\/cs\/wp-json\/wp\/v2\/types\/page"}],"author":[{"embeddable":true,"href":"https:\/\/edureviewer.com\/cs\/wp-json\/wp\/v2\/users\/2"}],"replies":[{"embeddable":true,"href":"https:\/\/edureviewer.com\/cs\/wp-json\/wp\/v2\/comments?post=113751"}],"version-history":[{"count":13,"href":"https:\/\/edureviewer.com\/cs\/wp-json\/wp\/v2\/pages\/113751\/revisions"}],"predecessor-version":[{"id":148603,"href":"https:\/\/edureviewer.com\/cs\/wp-json\/wp\/v2\/pages\/113751\/revisions\/148603"}],"wp:featuredmedia":[{"embeddable":true,"href":"https:\/\/edureviewer.com\/cs\/wp-json\/wp\/v2\/media\/113621"}],"wp:attachment":[{"href":"https:\/\/edureviewer.com\/cs\/wp-json\/wp\/v2\/media?parent=113751"}],"curies":[{"name":"wp","href":"https:\/\/api.w.org\/{rel}","templated":true}]}}