{"id":109980,"date":"2020-04-08T16:51:00","date_gmt":"2020-04-08T13:51:00","guid":{"rendered":"https:\/\/edureviewer.com\/homepage\/"},"modified":"2024-02-05T11:36:15","modified_gmt":"2024-02-05T08:36:15","slug":"homepage","status":"publish","type":"page","link":"https:\/\/edureviewer.com\/cs\/","title":{"rendered":"P\u0158EHLED NEJLEP\u0160\u00cdCH KARI\u00c9RN\u00cdCH A VZD\u011aL\u00c1VAC\u00cdCH SLU\u017dEB"},"content":{"rendered":"","protected":false},"excerpt":{"rendered":"","protected":false},"author":1,"featured_media":0,"parent":0,"menu_order":0,"comment_status":"closed","ping_status":"closed","template":"page-home-er.php","meta":[],"acf":[],"yoast_head":"<!-- This site is optimized with the Yoast SEO plugin v15.5 - https:\/\/yoast.com\/wordpress\/plugins\/seo\/ -->\n<title>Recenze knihy slu\u017eby souvisej\u00edc\u00ed se vzd\u011bl\u00e1v\u00e1n\u00edm | 2026 | EduReviewer<\/title>\n<meta name=\"description\" content=\"D\u016fv\u011bryhodn\u00e9 vzd\u011bl\u00e1vac\u00ed spole\u010dnosti? Projd\u011bte si na\u0161e recenze nejlep\u0161\u00edch vzd\u011bl\u00e1vac\u00edch a spisovatelsk\u00fdch slu\u017eeb.\" \/>\n<meta name=\"robots\" content=\"index, follow, max-snippet:-1, max-image-preview:large, max-video-preview:-1\" \/>\n<link rel=\"canonical\" href=\"https:\/\/edureviewer.com\/cs\/\" \/>\n<meta property=\"og:locale\" content=\"en_US\" \/>\n<meta property=\"og:type\" content=\"article\" \/>\n<meta property=\"og:title\" content=\"Recenze knihy slu\u017eby souvisej\u00edc\u00ed se vzd\u011bl\u00e1v\u00e1n\u00edm | 2026 | EduReviewer\" \/>\n<meta property=\"og:description\" content=\"D\u016fv\u011bryhodn\u00e9 vzd\u011bl\u00e1vac\u00ed spole\u010dnosti? Projd\u011bte si na\u0161e recenze nejlep\u0161\u00edch vzd\u011bl\u00e1vac\u00edch a spisovatelsk\u00fdch slu\u017eeb.\" \/>\n<meta property=\"og:url\" content=\"https:\/\/edureviewer.com\/cs\/\" \/>\n<meta property=\"og:site_name\" content=\"EduReviewer\" \/>\n<meta property=\"article:publisher\" content=\"https:\/\/www.facebook.com\/EduReviewer\" \/>\n<meta property=\"article:modified_time\" content=\"2024-02-05T08:36:15+00:00\" \/>\n<meta name=\"twitter:card\" content=\"summary_large_image\" \/>\n<meta name=\"twitter:site\" content=\"@edureviewer\" \/>\n<script type=\"application\/ld+json\" class=\"yoast-schema-graph\">{\"@context\":\"https:\/\/schema.org\",\"@graph\":[{\"@type\":\"Organization\",\"@id\":\"https:\/\/edureviewer.com\/cs\/#organization\",\"name\":\"EduReviewer\",\"url\":\"https:\/\/edureviewer.com\/cs\/\",\"sameAs\":[\"https:\/\/www.facebook.com\/EduReviewer\",\"https:\/\/www.instagram.com\/edureviewer\/\",\"https:\/\/www.linkedin.com\/company\/edureviewercom\/\",\"https:\/\/www.youtube.com\/@EduReviewer\",\"https:\/\/twitter.com\/edureviewer\"],\"logo\":{\"@type\":\"ImageObject\",\"@id\":\"https:\/\/edureviewer.com\/cs\/#logo\",\"inLanguage\":\"cs\",\"url\":\"https:\/\/edureviewer.com\/wp-content\/uploads\/2021\/08\/edureviewer.png\",\"width\":130,\"height\":30,\"caption\":\"EduReviewer\"},\"image\":{\"@id\":\"https:\/\/edureviewer.com\/cs\/#logo\"}},{\"@type\":\"WebSite\",\"@id\":\"https:\/\/edureviewer.com\/cs\/#website\",\"url\":\"https:\/\/edureviewer.com\/cs\/\",\"name\":\"EduReviewer\",\"description\":\"\",\"publisher\":{\"@id\":\"https:\/\/edureviewer.com\/cs\/#organization\"},\"inLanguage\":\"cs\"},{\"@type\":\"WebPage\",\"@id\":\"https:\/\/edureviewer.com\/cs\/#webpage\",\"url\":\"https:\/\/edureviewer.com\/cs\/\",\"name\":\"Recenze knihy slu\\u017eby souvisej\\u00edc\\u00ed se vzd\\u011bl\\u00e1v\\u00e1n\\u00edm | 2026 | EduReviewer\",\"isPartOf\":{\"@id\":\"https:\/\/edureviewer.com\/cs\/#website\"},\"datePublished\":\"2020-04-08T13:51:00+00:00\",\"dateModified\":\"2024-02-05T08:36:15+00:00\",\"description\":\"D\\u016fv\\u011bryhodn\\u00e9 vzd\\u011bl\\u00e1vac\\u00ed spole\\u010dnosti? Projd\\u011bte si na\\u0161e recenze nejlep\\u0161\\u00edch vzd\\u011bl\\u00e1vac\\u00edch a spisovatelsk\\u00fdch slu\\u017eeb.\",\"inLanguage\":\"cs\",\"potentialAction\":[{\"@type\":\"ReadAction\",\"target\":[\"https:\/\/edureviewer.com\/cs\/\"]}]}]}<\/script>\n<!-- \/ Yoast SEO plugin. -->","_links":{"self":[{"href":"https:\/\/edureviewer.com\/cs\/wp-json\/wp\/v2\/pages\/109980"}],"collection":[{"href":"https:\/\/edureviewer.com\/cs\/wp-json\/wp\/v2\/pages"}],"about":[{"href":"https:\/\/edureviewer.com\/cs\/wp-json\/wp\/v2\/types\/page"}],"author":[{"embeddable":true,"href":"https:\/\/edureviewer.com\/cs\/wp-json\/wp\/v2\/users\/1"}],"replies":[{"embeddable":true,"href":"https:\/\/edureviewer.com\/cs\/wp-json\/wp\/v2\/comments?post=109980"}],"version-history":[{"count":5,"href":"https:\/\/edureviewer.com\/cs\/wp-json\/wp\/v2\/pages\/109980\/revisions"}],"predecessor-version":[{"id":139968,"href":"https:\/\/edureviewer.com\/cs\/wp-json\/wp\/v2\/pages\/109980\/revisions\/139968"}],"wp:attachment":[{"href":"https:\/\/edureviewer.com\/cs\/wp-json\/wp\/v2\/media?parent=109980"}],"curies":[{"name":"wp","href":"https:\/\/api.w.org\/{rel}","templated":true}]}}